{"id":86424,"date":"2022-02-15T13:19:29","date_gmt":"2022-02-15T12:19:29","guid":{"rendered":"https:\/\/www.fundacionnaturgy.org\/curs-dfp-per-a-locupabilitat-de-digitalitzacio-de-xarxes-electriques-formacio-per-a-un-futur-descarbonitzat\/"},"modified":"2023-08-11T15:51:38","modified_gmt":"2023-08-11T13:51:38","slug":"curs-dfp-per-a-locupabilitat-de-digitalitzacio-de-xarxes-electriques-formacio-per-a-un-futur-descarbonitzat","status":"publish","type":"page","link":"https:\/\/www.fundacionnaturgy.org\/ca\/curs-dfp-per-a-locupabilitat-de-digitalitzacio-de-xarxes-electriques-formacio-per-a-un-futur-descarbonitzat\/","title":{"rendered":"Curs d&#8217;FP per a l&#8217;ocupabilitat de Digitalitzaci\u00f3 de xarxes el\u00e8ctriques. Formaci\u00f3 per a un futur descarbonitzat"},"content":{"rendered":"<p>[vc_row][vc_column width=&#8221;1\/2&#8243;][vc_single_image image=&#8221;84824&#8243; img_size=&#8221;full&#8221;][\/vc_column][vc_column width=&#8221;1\/2&#8243;][vc_column_text]T&#8217;oferim un curs de formaci\u00f3 pr\u00e0ctica gratu\u00eft de digitalitzaci\u00f3 de xarxes el\u00e8ctriques.<\/p>\n<p>Curs certificat per les administracions p\u00fabliques competents en educaci\u00f3 i impartit per professionals especialitzats.[\/vc_column_text]<a class=\"gnf-boton oscuro left\" href=\"https:\/\/www.fundacionnaturgy.org\/publicacion\/digitalizacion-de-redes-electricas-formacion-para-un-futuro-descarbonizado\/\" title=\"\" target=\"_blank\">Descarrega't la nostra publicaci\u00f3<\/a>[vc_empty_space height=&#8221;64px&#8221;]<a class=\"gnf-boton oscuro left\" href=\"https:\/\/www.fundacionnaturgy.org\/curso-de-fp-para-la-empleabilidad-en-digitalizacion-de-redes-electricas\/digitalizacion-de-redes-electricas-formacion-para-un-futuro-descarbonizado\/\" title=\"\" target=\"_blank\">Realitza el nostre curs d'e-learning<\/a>[\/vc_column][\/vc_row][vc_row][vc_column width=&#8221;1\/2&#8243;][vc_column_text]<\/p>\n<h3>Objectiu del curs<\/h3>\n<p>Actualment, la xarxa el\u00e8ctrica est\u00e0 parcialment sensoritzada i digitalitzada. Aquesta digitalitzaci\u00f3 permet con\u00e8ixer els par\u00e0metres m\u00e9s rellevants de la xarxa i l&#8217;operaci\u00f3 remota d&#8217;alguns interruptors, de manera que podem operar la xarxa en temps real i minimitzar l&#8217;impacte de les sobrec\u00e0rregues o avaries. Per aconseguir-ho, la xarxa el\u00e8ctrica t\u00e9 una xarxa de comunicacions superposada i un important nombre de sensors instal\u00b7lats, aix\u00ed com protocols de comunicaci\u00f3 espec\u00edfics que garanteixen que la dada es rep en temps real i amb la qualitat adequada.[\/vc_column_text][\/vc_column][vc_column width=&#8221;1\/2&#8243;][vc_column_text]<\/p>\n<h3>Metodologia<\/h3>\n<p>Les sessions podran seguir-se a online. L&#8217;aula virtual permet fer consultes via xat o per \u00e0udio en directe.<\/p>\n<p>Les sessions en l\u00ednia s&#8217;impartiran en format pon\u00e8ncia, on el docent exposar\u00e0 els continguts de la seva sessi\u00f3, interactuant amb els assistents i resolent dubtes. S&#8217;aniran alternant casos m\u00e9s pr\u00e0ctics, on els participants exposaran les seves reflexions i solucions a problemes plantejats pr\u00e8viament, amb l&#8217;objectiu de potenciar la metodologia learning by doing, on s&#8217;apr\u00e8n a base d&#8217;enfrontar-se a problemes reals.<\/p>\n<p>[\/vc_column_text][\/vc_column][\/vc_row][vc_row][vc_column width=&#8221;1\/2&#8243;][vc_column_text]<\/p>\n<h3>Fam\u00edlies professionals i formacions<\/h3>\n<p>L&#8217;adquisici\u00f3 de coneixements sobre digitalitzaci\u00f3 de xarxes el\u00e8ctriques \u00e9s transversal a diferents fam\u00edlies professionals, entre d&#8217;altres: &#8220;Inform\u00e0tica i Comunicacions&#8221;,\u00a0&#8220;Electricitat i Electr\u00f2nica&#8221;, &#8220;Energia i Aigua&#8221;\u00a0i &#8220;Instal\u00b7laci\u00f3 i Manteniment&#8221;\u00a0dintre de les quals podem trobar diferents cicles formatius i certificats de professionalitat a qu\u00e8 es poden associar aquests continguts.[\/vc_column_text][\/vc_column][vc_column width=&#8221;1\/2&#8243;][vc_column_text]<\/p>\n<h3>Destinataris<\/h3>\n<p>Els destinataris del programa s\u00f3n preferentment docents de la fam\u00edlia professional &#8220;Inform\u00e0tica i Comunicacions&#8221;, &#8220;Electricitat i Electr\u00f2nica&#8221;, &#8220;Energia i Aigua&#8221; i &#8220;Instal\u00b7laci\u00f3 i Manteniment&#8221;. Calen coneixements previs d&#8217;inform\u00e0tica. Se&#8217;ls donar\u00e0 pautes i materials did\u00e0ctics per poder transmetre els coneixements adquirits als alumnes.[\/vc_column_text][\/vc_column][\/vc_row][vc_row][vc_column]<div class=\"gnf-destacado-icono small-text-center medium-text-left row collapse\"><div class=\"gnf-destacado-icono__icono large-4 columns small-text-center medium-text-left \"><div class=\"icon-outer icon-style-default\" style=\"background-color:\"><span class=\"ico_info\"><\/span><\/div><\/div><div class=\"gnf-destacado-icono__texto large-8 columns\"><h4><\/h4><\/p>\n<h4><strong>Informaci\u00f3n pr\u00e1ctica del curso<\/strong><\/h4>\n<p>Plazas limitadas.<br \/>\nFormaci\u00f3n\u00a0<i>online<\/i> de 25 horas.<br \/>\nM\u00e1s informaci\u00f3n en <strong><a href=\"mailto:FP_fundacion@naturgy.com\" target=\"_blank\" rel=\"noopener noreferrer\" data-auth=\"NotApplicable\" data-linkindex=\"3\">FP_fundacion@naturgy.com<\/a><\/strong><strong>.<\/strong><\/div><\/div>[\/vc_column][\/vc_row]<\/p>\n","protected":false},"excerpt":{"rendered":"<p>[vc_row][vc_column width=&#8221;1\/2&#8243;][vc_single_image image=&#8221;84824&#8243; img_size=&#8221;full&#8221;][\/vc_column][vc_column width=&#8221;1\/2&#8243;][vc_column_text]T&#8217;oferim un curs de formaci\u00f3 pr\u00e0ctica gratu\u00eft de digitalitzaci\u00f3 de xarxes el\u00e8ctriques. Curs certificat per les administracions p\u00fabliques competents en educaci\u00f3 i impartit per professionals especialitzats.[\/vc_column_text][vc_empty_space<span class=\"more-link\"><a href=\"https:\/\/www.fundacionnaturgy.org\/ca\/curs-dfp-per-a-locupabilitat-de-digitalitzacio-de-xarxes-electriques-formacio-per-a-un-futur-descarbonitzat\/\">Llegir m\u00e9s<\/a><\/span><\/p>\n","protected":false},"author":1454,"featured_media":0,"parent":0,"menu_order":0,"comment_status":"closed","ping_status":"closed","template":"templates\/full-width.php","meta":{"inline_featured_image":false},"categories":[],"acf":[],"_links":{"self":[{"href":"https:\/\/www.fundacionnaturgy.org\/ca\/wp-json\/wp\/v2\/pages\/86424"}],"collection":[{"href":"https:\/\/www.fundacionnaturgy.org\/ca\/wp-json\/wp\/v2\/pages"}],"about":[{"href":"https:\/\/www.fundacionnaturgy.org\/ca\/wp-json\/wp\/v2\/types\/page"}],"author":[{"embeddable":true,"href":"https:\/\/www.fundacionnaturgy.org\/ca\/wp-json\/wp\/v2\/users\/1454"}],"replies":[{"embeddable":true,"href":"https:\/\/www.fundacionnaturgy.org\/ca\/wp-json\/wp\/v2\/comments?post=86424"}],"version-history":[{"count":0,"href":"https:\/\/www.fundacionnaturgy.org\/ca\/wp-json\/wp\/v2\/pages\/86424\/revisions"}],"wp:attachment":[{"href":"https:\/\/www.fundacionnaturgy.org\/ca\/wp-json\/wp\/v2\/media?parent=86424"}],"wp:term":[{"taxonomy":"category","embeddable":true,"href":"https:\/\/www.fundacionnaturgy.org\/ca\/wp-json\/wp\/v2\/categories?post=86424"}],"curies":[{"name":"wp","href":"https:\/\/api.w.org\/{rel}","templated":true}]}}