{"id":86429,"date":"2022-07-01T15:49:52","date_gmt":"2022-07-01T13:49:52","guid":{"rendered":"https:\/\/www.fundacionnaturgy.org\/educacio-divulgacio\/formacio-professional-per-a-locupabilitat\/curs-de-formacio-professional-per-a-locupabilitat-sobre-installacio-i-manteniment-de-plaques-fotovoltaiques\/"},"modified":"2024-04-29T10:53:31","modified_gmt":"2024-04-29T08:53:31","slug":"curs-de-formacio-professional-per-a-locupabilitat-sobre-installacio-i-manteniment-de-plaques-fotovoltaiques","status":"publish","type":"page","link":"https:\/\/www.fundacionnaturgy.org\/ca\/educacio-divulgacio\/formacio-professional-per-a-locupabilitat\/curs-de-formacio-professional-per-a-locupabilitat-sobre-installacio-i-manteniment-de-plaques-fotovoltaiques\/","title":{"rendered":"Curs de formaci\u00f3 professional per a l&#8217;ocupabilitat sobre instal\u00b7laci\u00f3 i manteniment de plaques fotovoltaiques"},"content":{"rendered":"<p>[vc_row][vc_column width=&#8221;1\/2&#8243;][vc_single_image image=&#8221;84815&#8243; img_size=&#8221;full&#8221;][\/vc_column][vc_column width=&#8221;1\/2&#8243;][vc_column_text]T&#8217;oferim un curs de formaci\u00f3 pr\u00e0ctica becada sobre la instal\u00b7laci\u00f3 i manteniment de plaques fotovoltaiques per a l&#8217;autoconsum.<\/p>\n<p>Curs certificat per la Fundaci\u00f3 Naturgy i impartit per professionals especialitzats, en col\u00b7laboraci\u00f3 amb l&#8217;Institut per a la Transici\u00f3 Justa (ITJ).[\/vc_column_text][\/vc_column][\/vc_row][vc_row][vc_column width=&#8221;1\/2&#8243;][vc_column_text]<\/p>\n<h3>Objectiu del curs<\/h3>\n<p>El principal objectiu del programa \u00e9s la millora de l&#8217;ocupabilitat, coneixent les t\u00e8cniques elementals de la instal\u00b7laci\u00f3 el\u00e8ctrica i fotovoltaica en habitatges. Sector dactivitat en augment.[\/vc_column_text][\/vc_column][vc_column width=&#8221;1\/2&#8243;][vc_column_text]<\/p>\n<h3>Metodologia<\/h3>\n<p>El curs consta d&#8217;una primera part de formaci\u00f3 en l\u00ednia, per adquirir els coneixements b\u00e0sics. L&#8217;aula virtual permet fer consultes via xat en directe. Classes sincr\u00f2niques.<\/p>\n<p>A les sessions en l\u00ednia el docent exposar\u00e0 els continguts de la seva sessi\u00f3, interactuant amb els assistents i resolent dubtes. S&#8217;aniran alternant casos m\u00e9s pr\u00e0ctics, on els participants exposaran les seves reflexions i solucions a problemes plantejats pr\u00e8viament, amb l&#8217;objectiu de potenciar la metodologia learning by doing, on s&#8217;apr\u00e8n a base d&#8217;enfrontar-se a problemes reals.<\/p>\n<p>La segona part consisteix en pr\u00e0ctiques presencials, i es realitzar\u00e0 lexecuci\u00f3 duna instal\u00b7laci\u00f3 fotovoltaica, per posar en pr\u00e0ctica els coneixements adquirits.[\/vc_column_text][\/vc_column][\/vc_row][vc_row][vc_column width=&#8221;1\/2&#8243;][vc_column_text]<\/p>\n<h3>Continguts<\/h3>\n<ul type=\"disc\">\n<li>Marc gen\u00e8ric de les renovables i la fotovoltaica (online).<\/li>\n<li>Instal\u00b7laci\u00f3 el\u00e8ctrica b\u00e0sica en habitatges (online).<\/li>\n<li>Instal\u00b7laci\u00f3 fotovoltaica (online).<\/li>\n<li>Manteniment de plaques fotovoltaiques (online).<\/li>\n<li>Execuci\u00f3 duna instal\u00b7laci\u00f3 fotovoltaica (pr\u00e0ctica presencial).<\/li>\n<\/ul>\n<p>[\/vc_column_text][\/vc_column][vc_column width=&#8221;1\/2&#8243;][vc_column_text]<\/p>\n<h3>Destinataris<\/h3>\n<p>Els destinataris del programa s\u00f3n preferentment persones en situaci\u00f3 d&#8217;atur que formen part de la borsa de l&#8217;Institut per a la Transici\u00f3 Justa (ITJ) que vulguin adquirir compet\u00e8ncies professionals al sector de la fotovoltaica.[\/vc_column_text][\/vc_column][\/vc_row][vc_row][vc_column]<div class=\"gnf-destacado-icono small-text-center medium-text-left row collapse\"><div class=\"gnf-destacado-icono__icono large-4 columns small-text-center medium-text-left \"><div class=\"icon-outer icon-style-default\" style=\"background-color:\"><span class=\"ico_info\"><\/span><\/div><\/div><div class=\"gnf-destacado-icono__texto large-8 columns\"><h4><\/h4><\/p>\n<h4><strong>M\u00e1s informaci\u00f3n y peticiones<\/strong><\/h4>\n<p>Si est\u00e1s interesado en nuestro programa de Formaci\u00f3n Profesional, puedes contactar con nosotros por:<\/p>\n<p>Mail: <strong><a href=\"mailto:FP_fundacion@naturgy.com\">FP_fundacion@naturgy.com<\/a>.<\/strong><\/div><\/div>[\/vc_column][\/vc_row]<\/p>\n","protected":false},"excerpt":{"rendered":"<p>[vc_row][vc_column width=&#8221;1\/2&#8243;][vc_single_image image=&#8221;84815&#8243; img_size=&#8221;full&#8221;][\/vc_column][vc_column width=&#8221;1\/2&#8243;][vc_column_text]T&#8217;oferim un curs de formaci\u00f3 pr\u00e0ctica becada sobre la instal\u00b7laci\u00f3 i manteniment de plaques fotovoltaiques per a l&#8217;autoconsum. Curs certificat per la Fundaci\u00f3 Naturgy i impartit<span class=\"more-link\"><a href=\"https:\/\/www.fundacionnaturgy.org\/ca\/educacio-divulgacio\/formacio-professional-per-a-locupabilitat\/curs-de-formacio-professional-per-a-locupabilitat-sobre-installacio-i-manteniment-de-plaques-fotovoltaiques\/\">Llegir m\u00e9s<\/a><\/span><\/p>\n","protected":false},"author":1454,"featured_media":0,"parent":73285,"menu_order":0,"comment_status":"closed","ping_status":"closed","template":"templates\/full-width.php","meta":{"inline_featured_image":false},"categories":[],"acf":[],"_links":{"self":[{"href":"https:\/\/www.fundacionnaturgy.org\/ca\/wp-json\/wp\/v2\/pages\/86429"}],"collection":[{"href":"https:\/\/www.fundacionnaturgy.org\/ca\/wp-json\/wp\/v2\/pages"}],"about":[{"href":"https:\/\/www.fundacionnaturgy.org\/ca\/wp-json\/wp\/v2\/types\/page"}],"author":[{"embeddable":true,"href":"https:\/\/www.fundacionnaturgy.org\/ca\/wp-json\/wp\/v2\/users\/1454"}],"replies":[{"embeddable":true,"href":"https:\/\/www.fundacionnaturgy.org\/ca\/wp-json\/wp\/v2\/comments?post=86429"}],"version-history":[{"count":5,"href":"https:\/\/www.fundacionnaturgy.org\/ca\/wp-json\/wp\/v2\/pages\/86429\/revisions"}],"predecessor-version":[{"id":89125,"href":"https:\/\/www.fundacionnaturgy.org\/ca\/wp-json\/wp\/v2\/pages\/86429\/revisions\/89125"}],"up":[{"embeddable":true,"href":"https:\/\/www.fundacionnaturgy.org\/ca\/wp-json\/wp\/v2\/pages\/73285"}],"wp:attachment":[{"href":"https:\/\/www.fundacionnaturgy.org\/ca\/wp-json\/wp\/v2\/media?parent=86429"}],"wp:term":[{"taxonomy":"category","embeddable":true,"href":"https:\/\/www.fundacionnaturgy.org\/ca\/wp-json\/wp\/v2\/categories?post=86429"}],"curies":[{"name":"wp","href":"https:\/\/api.w.org\/{rel}","templated":true}]}}