{"id":86536,"date":"2023-09-06T15:46:15","date_gmt":"2023-09-06T13:46:15","guid":{"rendered":"https:\/\/www.fundacionnaturgy.org\/educacio-divulgacio\/efigy-education\/efigy-girls\/"},"modified":"2026-03-09T14:21:12","modified_gmt":"2026-03-09T13:21:12","slug":"efigy-girls","status":"publish","type":"page","link":"https:\/\/www.fundacionnaturgy.org\/ca\/educacio-divulgacio\/efigy-education\/efigy-girls\/","title":{"rendered":"Efigy Girls"},"content":{"rendered":"<p>[vc_row][vc_column][vc_column_text]<\/p>\n<h2><strong>Foment de vocacions STEAM en femen\u00ed en l\u2019\u00e0mbit de l\u2019energia<\/strong><\/h2>\n<p>[\/vc_column_text][\/vc_column][\/vc_row][vc_row][vc_column][vc_column_text]<\/p>\n<h3>Efigy Girls \u00e9s una iniciativa impulsada per la Fundaci\u00f3 per fomentar el talent femen\u00ed en les STEAM en l\u2019\u00e0mbit de l\u2019energia.<\/h3>\n<p>[\/vc_column_text][\/vc_column][\/vc_row][vc_row][vc_column][vc_column_text]Es tracta d\u2019una proposta educativa pr\u00f2pia, en el marc del Programa Efigy Education, que busca despertar l\u2019inter\u00e8s per les STEAM entre les nenes, per mitj\u00e0 d\u2019experi\u00e8ncies formatives innovadores, basades en la col\u00b7laboraci\u00f3 i el treball en equip. El programa formatiu, que es va posar en marxa en<strong> centres educatius d\u2019alta complexitat a Espanya<\/strong> al setembre del 2023 i que compta amb el suport del <strong>Ministeri per a la Transici\u00f3 Ecol\u00f2gica i el Repte Demogr\u00e0fic i l&#8217;Institut per a la Transici\u00f3 Justa<\/strong>, tindr\u00e0 una durada de tres anys.[\/vc_column_text][\/vc_column][\/vc_row][vc_row][vc_column][vc_images_carousel images=&#8221;90579,92485,89790,89787,92491,89782,89796,89802,89799,90588,90597,92494,92488,94902,94899&#8243; img_size=&#8221;full&#8221; speed=&#8221;3000&#8243; autoplay=&#8221;yes&#8221; wrap=&#8221;yes&#8221;][vc_column_text css=&#8221;.vc_custom_1694698782870{padding-top: 25px !important;padding-right: 25px !important;padding-bottom: 25px !important;padding-left: 25px !important;background-color: #004571 !important;}&#8221;]<span style=\"color: #ffffff\"><strong>Rob\u00f2tica, tecnologia, ci\u00e8ncia, energia, efici\u00e8ncia mediambiental a trav\u00e9s de la innovaci\u00f3, la creativitat, el treball en equip i la col\u00b7laboraci\u00f3<\/strong> \u00e9s la proposta educativa d\u2019Efigy Girls, impulsada per la Fundaci\u00f3 Naturgy com a expressi\u00f3 de comprom\u00eds amb el talent i la igualtat d\u2019oportunitats entre les nenes.<\/span>[\/vc_column_text][\/vc_column][\/vc_row][vc_row][vc_column][vc_custom_heading text=&#8221;Objectius de la iniciativa&#8221; font_container=&#8221;tag:h4|text_align:center&#8221; use_theme_fonts=&#8221;yes&#8221;][vc_empty_space][vc_row_inner][vc_column_inner width=&#8221;1\/3&#8243;][vc_single_image image=&#8221;86518&#8243; img_size=&#8221;full&#8221; alignment=&#8221;center&#8221;][vc_column_text]<\/p>\n<p style=\"text-align: center\"><span style=\"color: #004571\"><strong>Foment de les compet\u00e8ncies tecnol\u00f2giques entre les noies<\/strong> mitjan\u00e7ant un repte col\u00b7laboratiu de sostenibilitat per promoure vocacions STEAM en entorns d\u2019alta complexitat.<\/span><\/p>\n<p>[\/vc_column_text][\/vc_column_inner][vc_column_inner width=&#8221;1\/3&#8243;][vc_single_image image=&#8221;86521&#8243; img_size=&#8221;full&#8221; alignment=&#8221;center&#8221;][vc_column_text]<\/p>\n<p style=\"text-align: center\"><span style=\"color: #004571\">Promoure un enfocament actiu de l\u2019aprenentatge mitjan\u00e7ant la resoluci\u00f3 de diferents situacions en el <strong>context de la sostenibilitat, el medi ambient i l\u2019energia<\/strong>.<\/span><\/p>\n<p>[\/vc_column_text][\/vc_column_inner][vc_column_inner width=&#8221;1\/3&#8243;][vc_single_image image=&#8221;86515&#8243; img_size=&#8221;full&#8221; alignment=&#8221;center&#8221;][vc_column_text]<\/p>\n<p style=\"text-align: center\"><span style=\"color: #004571\">Desenvolupar una comprensi\u00f3 profunda dels problemes mediambientals globals, arribant a<strong> valorar l\u2019impacte de les seves accions en la societat en general<\/strong>.<\/span><\/p>\n<p>[\/vc_column_text][\/vc_column_inner][\/vc_row_inner][\/vc_column][\/vc_row][vc_row css=&#8221;.vc_custom_1694701143516{padding-top: 15px !important;padding-right: 15px !important;padding-bottom: 15px !important;padding-left: 15px !important;background-color: #bfb8ae !important;}&#8221;][vc_column][vc_column_text]<\/p>\n<h4><span style=\"color: #ffffff\"><strong>Una iniciativa did\u00e0ctica per afavorir l\u2019acc\u00e9s de nenes a les STEAM<\/strong>, alineada amb els objectius estrat\u00e8gics de l\u2019agenda educativa mundial.<\/span><\/h4>\n<p>[\/vc_column_text][\/vc_column][\/vc_row][vc_row][vc_column][vc_row_inner][vc_column_inner width=&#8221;1\/2&#8243;][vc_column_text]<\/p>\n<h3>Criteris per participar-hi<\/h3>\n<ul>\n<li>Acreditar ser un centre educatiu catalogat d\u2019alta complexitat.<\/li>\n<li>Participar-hi amb un grup d\u2019entre 6 i 10 alumnes de 4t d\u2019educaci\u00f3 prim\u00e0ria fins a 2n d\u2019ESO.<\/li>\n<li>Signar un comprom\u00eds de participaci\u00f3 durant els 3 cursos de durada del programa, aportant una soluci\u00f3 al repte que es proposi anualment i mitjan\u00e7ant l\u2019\u00fas dels continguts i materials que es posin a disposici\u00f3 del centre educatiu amb aquesta finalitat.<\/li>\n<li>Participar-hi i presentar una soluci\u00f3 a l\u2019esdeveniment final.<\/li>\n<li>Treballar col\u00b7laborativament per donar una soluci\u00f3 col\u00b7lectiva, integrant cada soluci\u00f3 individual.<\/li>\n<\/ul>\n<p>[\/vc_column_text][\/vc_column_inner][vc_column_inner width=&#8221;1\/2&#8243;][vc_column_text]<\/p>\n<h3>Compet\u00e8ncies<\/h3>\n<p>[\/vc_column_text][vc_single_image image=&#8221;86543&#8243; img_size=&#8221;full&#8221;][\/vc_column_inner][\/vc_row_inner][\/vc_column][\/vc_row][vc_row][vc_column width=&#8221;1\/2&#8243;][vc_column_text]<\/p>\n<h3>Per\u00edode d\u2019inscripci\u00f3<\/h3>\n<h4><a href=\"https:\/\/www.fundacionnaturgy.org\/wp-content\/uploads\/2023\/09\/calendario.png\"><img loading=\"lazy\" class=\"size-full wp-image-86512 alignleft\" src=\"https:\/\/www.fundacionnaturgy.org\/wp-content\/uploads\/2023\/09\/calendario.png\" alt=\"\" width=\"45\" height=\"45\" \/><\/a><span style=\"color: #bfb8ae\">Tancat. Previsi\u00f3 d&#8217;obertura per a la segona edici\u00f3 a partir del <strong>setembre del 2026<\/strong>.<\/span><\/h4>\n<p>[\/vc_column_text][\/vc_column][vc_column width=&#8221;1\/2&#8243;][vc_column_text]<\/p>\n<h3>M\u00e9s informaci\u00f3<\/h3>\n<h4><a href=\"https:\/\/www.fundacionnaturgy.org\/wp-content\/uploads\/2023\/09\/sobre-con-flecha.png\"><img loading=\"lazy\" class=\"size-full wp-image-86511 alignleft\" src=\"https:\/\/www.fundacionnaturgy.org\/wp-content\/uploads\/2023\/09\/sobre-con-flecha.png\" alt=\"\" width=\"45\" height=\"45\" \/><\/a><span style=\"color: #bfb8ae\"><br \/>\nefigygirlsfnd@naturgy.com<\/span><\/h4>\n<p>[\/vc_column_text][\/vc_column][\/vc_row][vc_row css=&#8221;.vc_custom_1694700726900{padding-top: 5px !important;padding-right: 25px !important;padding-bottom: 25px !important;padding-left: 25px !important;background-color: #eceff3 !important;}&#8221;][vc_column][vc_column_text]<\/p>\n<h4 style=\"text-align: center\">Requisits per participar-hi<\/h4>\n<p>[\/vc_column_text][vc_row_inner][vc_column_inner width=&#8221;1\/5&#8243;][\/vc_column_inner][vc_column_inner width=&#8221;1\/5&#8243;][\/vc_column_inner][vc_column_inner width=&#8221;1\/5&#8243;]<a class=\"gnf-boton oscuro left\" href=\"https:\/\/www.fundacionnaturgy.org\/ca\/educacio-divulgacio\/efigy-education\/efigy-girls\/requisits-per-participar-en-el-programa-efigy-girls\/\" title=\"\" target=\"_blank\">Consultar<\/a>[\/vc_column_inner][vc_column_inner width=&#8221;1\/5&#8243;][\/vc_column_inner][vc_column_inner width=&#8221;1\/5&#8243;][\/vc_column_inner][\/vc_row_inner][\/vc_column][\/vc_row][vc_row][vc_column][vc_empty_space][\/vc_column][\/vc_row][vc_row][vc_column][vc_column_text]<\/p>\n<h2><strong>Aix\u00ed van ser les nostres edicions anteriors<\/strong><\/h2>\n<p>[\/vc_column_text][vc_row_inner][vc_column_inner width=&#8221;1\/2&#8243;][vc_video link=&#8221;https:\/\/youtu.be\/kOBXAH1AcSY&#8221;][\/vc_column_inner][vc_column_inner width=&#8221;1\/2&#8243;][vc_video link=&#8221;https:\/\/youtu.be\/eNz6hjOQXm4&#8243;][\/vc_column_inner][\/vc_row_inner][\/vc_column][\/vc_row][vc_row][vc_column][vc_column_text]<strong>Les nostres primeres edicions van comptar amb la participaci\u00f3 de grups de 9 comunitats aut\u00f2nomes:<\/strong>[\/vc_column_text][vc_single_image image=&#8221;94771&#8243; img_size=&#8221;full&#8221;][\/vc_column][\/vc_row]<\/p>\n","protected":false},"excerpt":{"rendered":"<p>[vc_row][vc_column][vc_column_text] Foment de vocacions STEAM en femen\u00ed en l\u2019\u00e0mbit de l\u2019energia [\/vc_column_text][\/vc_column][\/vc_row][vc_row][vc_column][vc_column_text] Efigy Girls \u00e9s una iniciativa impulsada per la Fundaci\u00f3 per fomentar el talent femen\u00ed en les STEAM en<span class=\"more-link\"><a href=\"https:\/\/www.fundacionnaturgy.org\/ca\/educacio-divulgacio\/efigy-education\/efigy-girls\/\">Llegir m\u00e9s<\/a><\/span><\/p>\n","protected":false},"author":1454,"featured_media":0,"parent":45309,"menu_order":0,"comment_status":"closed","ping_status":"closed","template":"templates\/full-width.php","meta":{"inline_featured_image":false},"categories":[],"acf":[],"_links":{"self":[{"href":"https:\/\/www.fundacionnaturgy.org\/ca\/wp-json\/wp\/v2\/pages\/86536"}],"collection":[{"href":"https:\/\/www.fundacionnaturgy.org\/ca\/wp-json\/wp\/v2\/pages"}],"about":[{"href":"https:\/\/www.fundacionnaturgy.org\/ca\/wp-json\/wp\/v2\/types\/page"}],"author":[{"embeddable":true,"href":"https:\/\/www.fundacionnaturgy.org\/ca\/wp-json\/wp\/v2\/users\/1454"}],"replies":[{"embeddable":true,"href":"https:\/\/www.fundacionnaturgy.org\/ca\/wp-json\/wp\/v2\/comments?post=86536"}],"version-history":[{"count":20,"href":"https:\/\/www.fundacionnaturgy.org\/ca\/wp-json\/wp\/v2\/pages\/86536\/revisions"}],"predecessor-version":[{"id":94907,"href":"https:\/\/www.fundacionnaturgy.org\/ca\/wp-json\/wp\/v2\/pages\/86536\/revisions\/94907"}],"up":[{"embeddable":true,"href":"https:\/\/www.fundacionnaturgy.org\/ca\/wp-json\/wp\/v2\/pages\/45309"}],"wp:attachment":[{"href":"https:\/\/www.fundacionnaturgy.org\/ca\/wp-json\/wp\/v2\/media?parent=86536"}],"wp:term":[{"taxonomy":"category","embeddable":true,"href":"https:\/\/www.fundacionnaturgy.org\/ca\/wp-json\/wp\/v2\/categories?post=86536"}],"curies":[{"name":"wp","href":"https:\/\/api.w.org\/{rel}","templated":true}]}}