{"id":86541,"date":"2023-09-14T16:18:29","date_gmt":"2023-09-14T14:18:29","guid":{"rendered":"https:\/\/www.fundacionnaturgy.org\/educacio-divulgacio\/efigy-education\/efigy-girls\/requisits-per-participar-en-el-programa-efigy-girls\/"},"modified":"2023-09-14T16:18:29","modified_gmt":"2023-09-14T14:18:29","slug":"requisits-per-participar-en-el-programa-efigy-girls","status":"publish","type":"page","link":"https:\/\/www.fundacionnaturgy.org\/ca\/educacio-divulgacio\/efigy-education\/efigy-girls\/requisits-per-participar-en-el-programa-efigy-girls\/","title":{"rendered":"Requisits per participar en el programa Efigy Girls"},"content":{"rendered":"<ul>\n<li>Podran optar a aquesta iniciativa becada centres educatius espanyols. La Fundaci\u00f3 seleccionar\u00e0 <strong>12 equips formats per entre 6 i 10 alumnes de 5\u00e8 d\u2019educaci\u00f3 prim\u00e0ria fins a 2n d\u2019ESO<\/strong>.<\/li>\n<li>L\u2019activitat educativa tindr\u00e0 lloc en el centre educatiu, el qual seleccionar\u00e0 les integrants de l\u2019equip com consideri oport\u00fa, per beneficiar a aquelles alumnes que per inter\u00e8s, necessitat de desenvolupament de talent o motivaci\u00f3 puguin desenvolupar les seves capacitats i treure el m\u00e0xim profit i enriquiment d\u2019aquesta experi\u00e8ncia educativa.<\/li>\n<li>El programa es vehicular\u00e0 a trav\u00e9s de la <strong>resoluci\u00f3 d\u2019un repte com\u00fa en l\u2019\u00e0mbit de l\u2019energia<\/strong>, per garantir que es compleixen els objectius de la transici\u00f3 energ\u00e8tica. Es presentaran diferents reptes al llarg dels tres anys de durada del programa:\u00a0<em>Sustainable Cities<\/em> (2023-2024, \u201cciutats sostenibles\u201d), <em>Green Energy<\/em> (2024-2025, \u201cenergia verda\u201d) i <em>New Mobility<\/em> (2025-2026, \u201cnova mobilitat\u201d).<\/li>\n<li>L\u2019aprenentatge mitjan\u00e7ant els reptes proposats requereix que les alumnes pensin de manera cr\u00edtica i resolguin problemes de manera creativa. Les alumnes aprendran a avaluar diferents solucions i a prendre decisions, alhora que col\u00b7laboren, es comuniquen i comparteixen idees, treballant juntes, per aconseguir un objectiu com\u00fa.<\/li>\n<li>Per a la seva resoluci\u00f3, els equips tindran acc\u00e9s a continguts educatius integrats a una <strong>plataforma digital <\/strong>i treballaran amb un robot LEGO SPIKE Prime que hauran de programar per solucionar el desafiament plantejat. D\u2019aquesta manera, les participants desenvoluparan compet\u00e8ncies STEM en l\u2019\u00e0mbit digital i computacional, pensament abstracte i cr\u00edtic, programaci\u00f3, cooperaci\u00f3, coneixement mediambiental i comunicaci\u00f3.<\/li>\n<li>Tots els equips estaran coordinats per un docent del centre educatiu, que rebr\u00e0 una <strong>formaci\u00f3 espec\u00edfica <\/strong>sobre l\u2019\u00fas de la plataforma educativa en la qual s\u2019allotgen els continguts i el material pedag\u00f2gic del programa STEM.<\/li>\n<li>Els 12 equips Efigy Girls cooperaran i compartiran les seves solucions al llarg de la seva participaci\u00f3 en el programa a fi de <strong>sumar coneixement i experi\u00e8ncies<\/strong>. Per fer-ho, disposaran d\u2019un espai interactiu a la plataforma, des del qual podran compartir idees amb els altres centres participants. A m\u00e9s, al final de cada curs escolar, els 12 equips presentaran les seves propostes de soluci\u00f3 en un <strong>esdeveniment final<\/strong> que s\u2019organitzar\u00e0 en reconeixement a la feina duta a terme. A l\u2019esdeveniment, les participants tindran l\u2019oportunitat d\u2019explicar la seva proposta, con\u00e8ixer-se i compartir, i integrar la seva aportaci\u00f3 a una soluci\u00f3 conjunta que incorporar\u00e0 la mirada de tots els equips Efigy Girls.<\/li>\n<\/ul>\n","protected":false},"excerpt":{"rendered":"<p>Podran optar a aquesta iniciativa becada centres educatius espanyols. La Fundaci\u00f3 seleccionar\u00e0 12 equips formats per entre 6 i 10 alumnes de 5\u00e8 d\u2019educaci\u00f3 prim\u00e0ria fins a 2n d\u2019ESO. L\u2019activitat<span class=\"more-link\"><a href=\"https:\/\/www.fundacionnaturgy.org\/ca\/educacio-divulgacio\/efigy-education\/efigy-girls\/requisits-per-participar-en-el-programa-efigy-girls\/\">Llegir m\u00e9s<\/a><\/span><\/p>\n","protected":false},"author":1454,"featured_media":0,"parent":86536,"menu_order":0,"comment_status":"closed","ping_status":"closed","template":"templates\/full-width.php","meta":{"inline_featured_image":false},"categories":[],"acf":[],"_links":{"self":[{"href":"https:\/\/www.fundacionnaturgy.org\/ca\/wp-json\/wp\/v2\/pages\/86541"}],"collection":[{"href":"https:\/\/www.fundacionnaturgy.org\/ca\/wp-json\/wp\/v2\/pages"}],"about":[{"href":"https:\/\/www.fundacionnaturgy.org\/ca\/wp-json\/wp\/v2\/types\/page"}],"author":[{"embeddable":true,"href":"https:\/\/www.fundacionnaturgy.org\/ca\/wp-json\/wp\/v2\/users\/1454"}],"replies":[{"embeddable":true,"href":"https:\/\/www.fundacionnaturgy.org\/ca\/wp-json\/wp\/v2\/comments?post=86541"}],"version-history":[{"count":0,"href":"https:\/\/www.fundacionnaturgy.org\/ca\/wp-json\/wp\/v2\/pages\/86541\/revisions"}],"up":[{"embeddable":true,"href":"https:\/\/www.fundacionnaturgy.org\/ca\/wp-json\/wp\/v2\/pages\/86536"}],"wp:attachment":[{"href":"https:\/\/www.fundacionnaturgy.org\/ca\/wp-json\/wp\/v2\/media?parent=86541"}],"wp:term":[{"taxonomy":"category","embeddable":true,"href":"https:\/\/www.fundacionnaturgy.org\/ca\/wp-json\/wp\/v2\/categories?post=86541"}],"curies":[{"name":"wp","href":"https:\/\/api.w.org\/{rel}","templated":true}]}}