{"id":87081,"date":"2023-10-18T12:30:09","date_gmt":"2023-10-18T10:30:09","guid":{"rendered":"https:\/\/www.fundacionnaturgy.org\/educacio-divulgacio\/premi-fundacio-naturgy-a-la-recerca-i-la-innovacio-tecnologica-en-lambit-energetic\/i-edicio-del-premi-fundacio-naturgy-csic-a-la-investigacio-i-innovacio-tecnologica-a-lambit-energetic-2023\/"},"modified":"2025-04-24T16:11:32","modified_gmt":"2025-04-24T14:11:32","slug":"i-edicio-del-premi-fundacio-naturgy-csic-a-la-investigacio-i-innovacio-tecnologica-a-lambit-energetic-2023","status":"publish","type":"page","link":"https:\/\/www.fundacionnaturgy.org\/ca\/educacio-divulgacio\/premi-fundacio-naturgy-a-la-recerca-i-la-innovacio-tecnologica-en-lambit-energetic\/i-edicio-del-premi-fundacio-naturgy-csic-a-la-investigacio-i-innovacio-tecnologica-a-lambit-energetic-2023\/","title":{"rendered":"I edici\u00f3 del Premi Fundaci\u00f3 Naturgy-CSIC a la investigaci\u00f3 i innovaci\u00f3 tecnol\u00f2gica a l&#8217;\u00e0mbit energ\u00e8tic (2023)"},"content":{"rendered":"<p>[vc_row][vc_column][vc_column_text]<\/p>\n<h2 style=\"text-align: left;\"><strong>Guanyador 1\u00aa edici\u00f3<\/strong><\/h2>\n<p>[\/vc_column_text][\/vc_column][\/vc_row][vc_row][vc_column][vc_column_text]<\/p>\n<h3>\u201cCO\u2082UP: Escalat del proc\u00e9s de reducci\u00f3 hidrotermal de CO\u2082\u00a0utilitzant biomassa com a reductor\u201d de l&#8217;Institut de Bioeconomia de la Universitat de Valladolid (IB-UVA)<\/h3>\n<p>La proposta ofereix una tecnologia innovadora en l&#8217;\u00e0mbit dels processos de captura i reducci\u00f3 de CO2, reempla\u00e7ant la regeneraci\u00f3 d&#8217;un ad\/absorbent per un proc\u00e9s de reducci\u00f3 de CO2 hidrotermal emprant compostos derivats de la biomassa com a agents reductors. Es proposa el disseny, la construcci\u00f3 i l&#8217;operaci\u00f3 d&#8217;una planta pilot que incrementi el nivell de desenvolupament de la tecnologia a TRL = 5.[\/vc_column_text][\/vc_column][\/vc_row][vc_row][vc_column][vc_empty_space][\/vc_column][\/vc_row][vc_row][vc_column][vc_column_text]<\/p>\n<h2><strong>Veure\u00a0declaracions dels guanyadors i els membres del Jurat<br \/>\n<\/strong><\/h2>\n<p>[\/vc_column_text][vc_row_inner][vc_column_inner width=&#8221;1\/2&#8243;][vc_video link=&#8221;https:\/\/www.youtube.com\/watch?v=9SUzy1AwM9w&amp;t&#8221;][\/vc_column_inner][vc_column_inner width=&#8221;1\/2&#8243;][vc_video link=&#8221;https:\/\/www.youtube.com\/watch?v=8OtgmBi2SnI&#8221;][\/vc_column_inner][\/vc_row_inner][vc_row_inner][vc_column_inner width=&#8221;1\/2&#8243;][vc_video link=&#8221;https:\/\/www.youtube.com\/watch?v=XCt8Gls4If4&#8243;][\/vc_column_inner][vc_column_inner width=&#8221;1\/2&#8243;][vc_video link=&#8221;https:\/\/www.youtube.com\/watch?v=IkRO_FGol4g&#8221;][\/vc_column_inner][\/vc_row_inner][vc_row_inner][vc_column_inner width=&#8221;1\/2&#8243;][vc_video link=&#8221;https:\/\/www.youtube.com\/watch?v=6MDCFmL8wls&#8221;][\/vc_column_inner][vc_column_inner width=&#8221;1\/2&#8243;][\/vc_column_inner][\/vc_row_inner][\/vc_column][\/vc_row][vc_row][vc_column][vc_empty_space][\/vc_column][\/vc_row][vc_row][vc_column][vc_column_text]<\/p>\n<h2><strong>Veure el v\u00eddeo resum de la gala<br \/>\n<\/strong><\/h2>\n<p>[\/vc_column_text][vc_row_inner][vc_column_inner width=&#8221;1\/2&#8243;][vc_video link=&#8221;https:\/\/www.youtube.com\/watch?v=_ElYj6MUfMs&amp;t&#8221;][\/vc_column_inner][vc_column_inner width=&#8221;1\/2&#8243;][\/vc_column_inner][\/vc_row_inner][\/vc_column][\/vc_row][vc_row][vc_column][vc_empty_space][\/vc_column][\/vc_row][vc_row][vc_column][vc_column_text]<\/p>\n<h2><strong>Veure presentaci\u00f3 de resultats<br \/>\n<\/strong><\/h2>\n<p>[\/vc_column_text][vc_row_inner][vc_column_inner width=&#8221;1\/2&#8243;][vc_video link=&#8221;https:\/\/youtu.be\/_BcBIt9h_3o&#8221;][\/vc_column_inner][vc_column_inner width=&#8221;1\/2&#8243;][\/vc_column_inner][\/vc_row_inner][\/vc_column][\/vc_row]<\/p>\n","protected":false},"excerpt":{"rendered":"<p>[vc_row][vc_column][vc_column_text] Guanyador 1\u00aa edici\u00f3 [\/vc_column_text][\/vc_column][\/vc_row][vc_row][vc_column][vc_column_text] \u201cCO\u2082UP: Escalat del proc\u00e9s de reducci\u00f3 hidrotermal de CO\u2082\u00a0utilitzant biomassa com a reductor\u201d de l&#8217;Institut de Bioeconomia de la Universitat de Valladolid (IB-UVA) La proposta<span class=\"more-link\"><a href=\"https:\/\/www.fundacionnaturgy.org\/ca\/educacio-divulgacio\/premi-fundacio-naturgy-a-la-recerca-i-la-innovacio-tecnologica-en-lambit-energetic\/i-edicio-del-premi-fundacio-naturgy-csic-a-la-investigacio-i-innovacio-tecnologica-a-lambit-energetic-2023\/\">Llegir m\u00e9s<\/a><\/span><\/p>\n","protected":false},"author":1454,"featured_media":0,"parent":84474,"menu_order":0,"comment_status":"closed","ping_status":"closed","template":"templates\/full-width.php","meta":{"inline_featured_image":false},"categories":[],"acf":[],"_links":{"self":[{"href":"https:\/\/www.fundacionnaturgy.org\/ca\/wp-json\/wp\/v2\/pages\/87081"}],"collection":[{"href":"https:\/\/www.fundacionnaturgy.org\/ca\/wp-json\/wp\/v2\/pages"}],"about":[{"href":"https:\/\/www.fundacionnaturgy.org\/ca\/wp-json\/wp\/v2\/types\/page"}],"author":[{"embeddable":true,"href":"https:\/\/www.fundacionnaturgy.org\/ca\/wp-json\/wp\/v2\/users\/1454"}],"replies":[{"embeddable":true,"href":"https:\/\/www.fundacionnaturgy.org\/ca\/wp-json\/wp\/v2\/comments?post=87081"}],"version-history":[{"count":4,"href":"https:\/\/www.fundacionnaturgy.org\/ca\/wp-json\/wp\/v2\/pages\/87081\/revisions"}],"predecessor-version":[{"id":92278,"href":"https:\/\/www.fundacionnaturgy.org\/ca\/wp-json\/wp\/v2\/pages\/87081\/revisions\/92278"}],"up":[{"embeddable":true,"href":"https:\/\/www.fundacionnaturgy.org\/ca\/wp-json\/wp\/v2\/pages\/84474"}],"wp:attachment":[{"href":"https:\/\/www.fundacionnaturgy.org\/ca\/wp-json\/wp\/v2\/media?parent=87081"}],"wp:term":[{"taxonomy":"category","embeddable":true,"href":"https:\/\/www.fundacionnaturgy.org\/ca\/wp-json\/wp\/v2\/categories?post=87081"}],"curies":[{"name":"wp","href":"https:\/\/api.w.org\/{rel}","templated":true}]}}