{"id":87648,"date":"2023-11-20T13:00:33","date_gmt":"2023-11-20T12:00:33","guid":{"rendered":"https:\/\/www.fundacionnaturgy.org\/educacio-divulgacio\/formacio-professional-per-a-locupabilitat\/curs-i-certificacio-semipresencial-per-a-inspectors-de-proves-previes-operacions-dalta-operacions-domiciliaries-i-dinspeccio-periodica-pad-1-2\/"},"modified":"2023-11-21T15:09:58","modified_gmt":"2023-11-21T14:09:58","slug":"curs-i-certificacio-semipresencial-per-a-inspectors-de-proves-previes-operacions-dalta-operacions-domiciliaries-i-dinspeccio-periodica-pad-1-2","status":"publish","type":"page","link":"https:\/\/www.fundacionnaturgy.org\/ca\/educacio-divulgacio\/formacio-professional-per-a-locupabilitat\/curs-i-certificacio-semipresencial-per-a-inspectors-de-proves-previes-operacions-dalta-operacions-domiciliaries-i-dinspeccio-periodica-pad-1-2\/","title":{"rendered":"Curs i certificaci\u00f3 semipresencial per a \u201cInspectors de proves pr\u00e8vies, operacions d&#8217;alta, operacions domicili\u00e0ries i d&#8217;inspecci\u00f3 peri\u00f2dica (PAD 1-2)\u201d"},"content":{"rendered":"<p>[vc_row][vc_column width=&#8221;1\/2&#8243;][vc_single_image image=&#8221;87620&#8243; img_size=&#8221;full&#8221;][\/vc_column][vc_column width=&#8221;1\/2&#8243;][vc_column_text]T&#8217;oferim una formaci\u00f3 te\u00f2ric-pr\u00e0ctica becada que et donar\u00e0 acc\u00e9s a un mercat laboral en auge per la creixent rellev\u00e0ncia dels gasos renovables i l&#8217;hidrogen en la transici\u00f3 energ\u00e8tica, la digitalitzaci\u00f3 del sector i la necessitat actual i futura de t\u00e8cnics qualificats per treballar sobre les seves instal\u00b7lacions.<\/p>\n<p>El programa ofereix acc\u00e9s als cursos oficials de Sedigas i ex\u00e0mens corresponents.<\/p>\n<p><strong>Durada de la formaci\u00f3<\/strong><\/p>\n<p>3 sessions en l\u00ednia s\u00edncrones, de 8 a 14h<br \/>\n1 sessi\u00f3 de pr\u00e0ctiques presencial, de 8 a 14h<br \/>\n1 sessi\u00f3 d\u00b4examen, de 8 a 14h<br \/>\nImportant*: La Fundaci\u00f3 becar\u00e0 una examinaci\u00f3 per cada participant. Si l&#8217;alumne susp\u00e8n, el cost associat a la segona i tercera oportunitat d&#8217;examinaci\u00f3 ser\u00e0 assumit pel participant.<\/p>\n<p>[\/vc_column_text][\/vc_column][\/vc_row][vc_row][vc_column width=&#8221;1\/2&#8243;][vc_column_text]<\/p>\n<h3>Objetiu\u00a0del\u00a0curs<\/h3>\n<p>Dotar els participants de les compet\u00e8ncies que el sector gasista necessita avui, a trav\u00e9s d&#8217;una beca de formaci\u00f3 i certificaci\u00f3 que els obrir\u00e0 les portes a aquest mercat laboral que t\u00e9 una demanda creixent de t\u00e8cnics qualificats.[\/vc_column_text][\/vc_column][vc_column width=&#8221;1\/2&#8243;][vc_column_text]<\/p>\n<h3>Continguts<\/h3>\n<ul>\n<li>Generalitats sobre el gas<\/li>\n<li>Conceptes generals sobre instal\u00b7lacions receptores de gas i els seus elements<\/li>\n<li>Instruments de mesura<\/li>\n<li>Aparells d&#8217;utilitzaci\u00f3<\/li>\n<li>Combusti\u00f3 dels aparells de gas<\/li>\n<li>Comprovaci\u00f3 d&#8217;aparells de cocci\u00f3<\/li>\n<li>An\u00e0lisi dels productes de la combusti\u00f3 i CO ambient<\/li>\n<li>Prova de combusti\u00f3<\/li>\n<li>Inspecci\u00f3 pr\u00e8via i posada en servei d&#8217;anar<\/li>\n<li>Posada en marxa de conjunt de regulaci\u00f3<\/li>\n<li>Reobertura d&#8217;instal\u00b7lacions receptores comunes i individuals<\/li>\n<li>Inspecci\u00f3 i revisi\u00f3 peri\u00f2dica d&#8217;anar<\/li>\n<li>Seguretat i atenci\u00f3 al client<\/li>\n<li>Pr\u00e0ctiques<\/li>\n<\/ul>\n<p>[\/vc_column_text][\/vc_column][\/vc_row][vc_row][vc_column width=&#8221;1\/2&#8243;][vc_column_text]<\/p>\n<h3>Destinataris<\/h3>\n<p>Els destinaris del programa s\u00f3n preferentment alumnes i exalumnes de Formaci\u00f3 Professional del cicle formatiu de Manteniment d&#8217;instal\u00b7lacions t\u00e8rmiques i fluids.[\/vc_column_text][\/vc_column][vc_column width=&#8221;1\/2&#8243;]<div class=\"gnf-destacado-icono small-text-center medium-text-left row collapse\"><div class=\"gnf-destacado-icono__icono large-4 columns small-text-center medium-text-left \"><div class=\"icon-outer icon-style-default\" style=\"background-color:\"><span class=\"ico_info\"><\/span><\/div><\/div><div class=\"gnf-destacado-icono__texto large-8 columns\"><h4><\/h4><\/p>\n<h4>M\u00e9s informaci\u00f3 i peticions:<\/h4>\n<p>Si est\u00e0s interessat en el nostre programa\u00a0de Formaci\u00f3 Professional, pots contactar\u00a0amb nosaltres per:<\/p>\n<p>Tel\u00e8fon: 93 412 96 80<br \/>\nCorreu\u00a0electr\u00f2nic: <a href=\"mailto:FP_fundacion@naturgy.com\" target=\"_blank\" rel=\"noopener noreferrer\" data-auth=\"NotApplicable\" data-linkindex=\"1\">FP_fundacion@naturgy.com<\/a><\/div><\/div>[\/vc_column][\/vc_row][vc_row][vc_column width=&#8221;1\/2&#8243;][\/vc_column][vc_column width=&#8221;1\/2&#8243;][\/vc_column][\/vc_row]<\/p>\n","protected":false},"excerpt":{"rendered":"<p>[vc_row][vc_column width=&#8221;1\/2&#8243;][vc_single_image image=&#8221;87620&#8243; img_size=&#8221;full&#8221;][\/vc_column][vc_column width=&#8221;1\/2&#8243;][vc_column_text]T&#8217;oferim una formaci\u00f3 te\u00f2ric-pr\u00e0ctica becada que et donar\u00e0 acc\u00e9s a un mercat laboral en auge per la creixent rellev\u00e0ncia dels gasos renovables i l&#8217;hidrogen en la<span class=\"more-link\"><a href=\"https:\/\/www.fundacionnaturgy.org\/ca\/educacio-divulgacio\/formacio-professional-per-a-locupabilitat\/curs-i-certificacio-semipresencial-per-a-inspectors-de-proves-previes-operacions-dalta-operacions-domiciliaries-i-dinspeccio-periodica-pad-1-2\/\">Llegir m\u00e9s<\/a><\/span><\/p>\n","protected":false},"author":1454,"featured_media":0,"parent":73285,"menu_order":0,"comment_status":"closed","ping_status":"closed","template":"templates\/full-width.php","meta":{"inline_featured_image":false},"categories":[],"acf":[],"_links":{"self":[{"href":"https:\/\/www.fundacionnaturgy.org\/ca\/wp-json\/wp\/v2\/pages\/87648"}],"collection":[{"href":"https:\/\/www.fundacionnaturgy.org\/ca\/wp-json\/wp\/v2\/pages"}],"about":[{"href":"https:\/\/www.fundacionnaturgy.org\/ca\/wp-json\/wp\/v2\/types\/page"}],"author":[{"embeddable":true,"href":"https:\/\/www.fundacionnaturgy.org\/ca\/wp-json\/wp\/v2\/users\/1454"}],"replies":[{"embeddable":true,"href":"https:\/\/www.fundacionnaturgy.org\/ca\/wp-json\/wp\/v2\/comments?post=87648"}],"version-history":[{"count":3,"href":"https:\/\/www.fundacionnaturgy.org\/ca\/wp-json\/wp\/v2\/pages\/87648\/revisions"}],"predecessor-version":[{"id":87651,"href":"https:\/\/www.fundacionnaturgy.org\/ca\/wp-json\/wp\/v2\/pages\/87648\/revisions\/87651"}],"up":[{"embeddable":true,"href":"https:\/\/www.fundacionnaturgy.org\/ca\/wp-json\/wp\/v2\/pages\/73285"}],"wp:attachment":[{"href":"https:\/\/www.fundacionnaturgy.org\/ca\/wp-json\/wp\/v2\/media?parent=87648"}],"wp:term":[{"taxonomy":"category","embeddable":true,"href":"https:\/\/www.fundacionnaturgy.org\/ca\/wp-json\/wp\/v2\/categories?post=87648"}],"curies":[{"name":"wp","href":"https:\/\/api.w.org\/{rel}","templated":true}]}}