{"id":89353,"date":"2024-05-09T13:53:14","date_gmt":"2024-05-09T11:53:14","guid":{"rendered":"https:\/\/www.fundacionnaturgy.org\/premio-a-la-mejor-iniciativa-social-en-el-ambito-energetico\/v-edicio-del-premi-a-la-millor-iniciativa-social-en-lambit-energetic\/"},"modified":"2024-06-10T14:15:10","modified_gmt":"2024-06-10T12:15:10","slug":"v-edicio-del-premi-a-la-millor-iniciativa-social-en-lambit-energetic","status":"publish","type":"page","link":"https:\/\/www.fundacionnaturgy.org\/ca\/premio-a-la-mejor-iniciativa-social-en-el-ambito-energetico\/v-edicio-del-premi-a-la-millor-iniciativa-social-en-lambit-energetic\/","title":{"rendered":"V edici\u00f3 del Premi a la millor iniciativa social en l\u2019\u00e0mbit energ\u00e8tic"},"content":{"rendered":"<p>[vc_row][vc_column][vc_column_text]<\/p>\n<h2 style=\"text-align: left;\"><strong>Guanyadors 5\u00aa edici\u00f3<\/strong><\/h2>\n<p>[\/vc_column_text][\/vc_column][\/vc_row][vc_row][vc_column width=&#8221;1\/2&#8243;][vc_column_text]<\/p>\n<h2 style=\"text-align: left;\"><strong>Primer premi<\/strong><\/h2>\n<p>[\/vc_column_text][vc_column_text]<a href=\"https:\/\/clicktime.symantec.com\/15sLvU7Gv8Rqh2UJW9LmS?h=QxqVWvFho5tyUpbYqIrtfn3UUZ3HrysjLY7_J7Y2b_c=&amp;u=https:\/\/fundacionluzsolidaria.org\/\">Fundaci\u00f3\u00a0Energia Responsable (abans Fundaci\u00f3 Luz Solidaria)<\/a>:\u00a0<a href=\"https:\/\/clicktime.symantec.com\/15sM68VqqMo2Wv89bG94g?h=1l_tIhnQ_xDEHrhqw-YyyecwFuaEl5gRumg_sjSxhoU=&amp;u=https:\/\/fundacionluzsolidaria.org\/beneficiarios-programa-social\/\"><strong>Programa de lluita contra la pobresa energ\u00e8tica<\/strong><\/a><\/p>\n<p>Iniciativa d\u2019\u00e0mbit nacional enfocada a garantir l\u2019acc\u00e9s a energia a fam\u00edlies vulnerables. Inclou les accions seg\u00fcents: assessorament personalitzat en l\u2019\u00e0mbit energ\u00e8tic, gesti\u00f3 i tramitaci\u00f3 del bo social el\u00e8ctric i t\u00e8rmic, paralitzaci\u00f3 de talls de llum per a les fam\u00edlies m\u00e9s vulnerables, negociaci\u00f3 de plans de pagament de factures pendents i, en els casos m\u00e9s greus, ajuda en les factures pendents.[\/vc_column_text]<a class=\"gnf-boton oscuro left\" href=\"https:\/\/energia-responsable.org\/\" title=\"\" target=\"_blank\">M\u00e9s informaci\u00f3<\/a>[vc_empty_space][vc_empty_space][vc_video link=&#8221;https:\/\/youtu.be\/xXmqzh5uiLw&#8221;][vc_video link=&#8221;https:\/\/youtu.be\/1CIw0pFzss0&#8243;][\/vc_column][vc_column width=&#8221;1\/2&#8243;][vc_column_text]<\/p>\n<h2 style=\"text-align: left;\"><strong>Acc\u00e8ssit<\/strong><\/h2>\n<p>[\/vc_column_text][vc_column_text]<a href=\"https:\/\/clicktime.symantec.com\/15t5ZumoDXztSxcsHcJJY?h=yznFAUdktqp0fRDCGPo8-RxjjhQN-m80RRA3H7a5IsM=&amp;u=https:\/\/www.caritasmadrid.org\">C\u00e1ritas Diocesana de Madrid<\/a>:\u00a0<strong>Ecologia integral en l\u2019acci\u00f3 social de C\u00e1ritas Diocesana de Madrid<\/strong><\/p>\n<p>El projecte engloba actuacions dirigides a reduir l\u2019impacte ambiental del treball de l\u2019entitat amb persones en situaci\u00f3 d\u2019exclusi\u00f3: millora de l\u2019efici\u00e8ncia energ\u00e8tica de 152 habitatges, instal\u00b7laci\u00f3 de 2 plantes d\u2019energia solar t\u00e8rmica i 4 d\u2019energia fotovoltaica en habitatges socials, reutilitzaci\u00f3 de roba a trav\u00e9s d\u2019empreses d\u2019inserci\u00f3 (Moda re-), reducci\u00f3 del consum d\u2019energia, reutilitzaci\u00f3 de dispositius digitals, reaprofitament d\u2019aliments (Men\u00fa-Re) i sensibilitzaci\u00f3 per al canvi personal.[\/vc_column_text]<a class=\"gnf-boton oscuro left\" href=\"https:\/\/www.caritasmadrid.org\/\" title=\"\" target=\"_blank\">M\u00e9s informaci\u00f3<\/a>[vc_empty_space][vc_empty_space][vc_video link=&#8221;https:\/\/youtu.be\/BtbHnP9iXEQ&#8221;][vc_video link=&#8221;https:\/\/youtu.be\/qwuqc037-Z0&#8243;][\/vc_column][\/vc_row][vc_row][vc_column width=&#8221;1\/2&#8243;][vc_column_text]<\/p>\n<h2 style=\"text-align: left;\"><strong>Veure el v\u00eddeo de la gala final<\/strong><\/h2>\n<p>[\/vc_column_text][vc_video link=&#8221;https:\/\/youtu.be\/w31pQYD2lf0&#8243;][\/vc_column][vc_column width=&#8221;1\/2&#8243;][vc_column_text]<\/p>\n<h2 style=\"text-align: left;\"><strong>Veure el resum de la gala<\/strong><\/h2>\n<p>[\/vc_column_text][vc_video link=&#8221;https:\/\/youtu.be\/GPpTTUWfUPM&#8221;][\/vc_column][\/vc_row][vc_row][vc_column][vc_column_text]<\/p>\n<h2 style=\"text-align: left;\"><strong>La gala en imatges<\/strong><\/h2>\n<p>[\/vc_column_text][vc_images_carousel images=&#8221;89660,89666,89669,89663&#8243; img_size=&#8221;full&#8221; speed=&#8221;3000&#8243; autoplay=&#8221;yes&#8221; wrap=&#8221;yes&#8221;][\/vc_column][\/vc_row][vc_row][vc_column][vc_empty_space][\/vc_column][\/vc_row][vc_row][vc_column][vc_column_text]<\/p>\n<h2 style=\"text-align: left;\"><strong>Veure els projectes\u00a0finalistes i\u00a0participants<\/strong><\/h2>\n<p>[\/vc_column_text][\/vc_column][\/vc_row][vc_row][vc_column][vc_tta_tabs][vc_tta_section title=&#8221;Finalistes&#8221; tab_id=&#8221;1626695018390-015280b3-cdd7&#8243;][vc_row_inner][vc_column_inner width=&#8221;1\/4&#8243;][vc_single_image image=&#8221;86032&#8243; img_size=&#8221;full&#8221;][vc_column_text]<a href=\"https:\/\/clicktime.symantec.com\/15siuqXDcrqcnEhHsK4EX?h=5Pwmy7i_DK93dOmacV5BiIGD14YD-PMrVsQwKucIa80=&amp;u=www.alidaingenieria.com\">ALIDA Ingenier\u00eda del Medio SL<\/a>: <a href=\"https:\/\/clicktime.symantec.com\/15siFBxwwwNsUg5uWqs3Z?h=hueZ2TxfTwTP62ESwEPu6fWx_CQCN6EEkEb31PcdtzU=&amp;u=https:\/\/www.alidaingenieria.com\/educacion-ambiental\/\"><strong>Apr\u00e8n jugant i ensenya jugant!<\/strong><\/a><a href=\"https:\/\/clicktime.symantec.com\/15siFBxwwwNsUg5uWqs3Z?h=hueZ2TxfTwTP62ESwEPu6fWx_CQCN6EEkEb31PcdtzU=&amp;u=https:\/\/www.alidaingenieria.com\/educacion-ambiental\/\"><strong> L\u2019energia i la seva relaci\u00f3 amb el medi ambient<\/strong><\/a><\/p>\n<p>La iniciativa busca conscienciar alumnes d\u2019ESO i persones grans sobre l\u2019energia i la seva relaci\u00f3 amb el medi ambient, mitjan\u00e7ant el joc educatiu De Renovable a Renovable, amb el qual els joves juguen amb els seus professors a l\u2019aula. Despr\u00e9s, portant el \u201cjoc viatger a les seves cases\u201d, juguen amb les fam\u00edlies, ve\u00efns i amics, en casals d\u2019avis i en congregacions religioses. S\u2019adre\u00e7a als pobles de l\u2019Espanya buidada, per dinamitzar-los a trav\u00e9s del gaudi entre generacions mentre juguen a una \u201cOCA de l\u2019energia i el medi ambient\u201d.[\/vc_column_text][\/vc_column_inner][vc_column_inner width=&#8221;1\/4&#8243;][vc_single_image image=&#8221;86011&#8243; img_size=&#8221;full&#8221;][vc_column_text]<a href=\"https:\/\/clicktime.symantec.com\/15t5ZumoDXztSxcsHcJJY?h=yznFAUdktqp0fRDCGPo8-RxjjhQN-m80RRA3H7a5IsM=&amp;u=https:\/\/www.caritasmadrid.org\">C\u00e1ritas Diocesana de Madrid<\/a>: <strong>Ecologia integral en l\u2019acci\u00f3 social de C\u00e1ritas Diocesana de Madrid<\/strong><\/p>\n<p>El projecte engloba actuacions dirigides a reduir l\u2019impacte ambiental del treball de l\u2019entitat amb persones en situaci\u00f3 d\u2019exclusi\u00f3: millora de l\u2019efici\u00e8ncia energ\u00e8tica de 152 habitatges, instal\u00b7laci\u00f3 de 2 plantes d\u2019energia solar t\u00e8rmica i 4 d\u2019energia fotovoltaica en habitatges socials, reutilitzaci\u00f3 de roba a trav\u00e9s d\u2019empreses d\u2019inserci\u00f3 (Moda re-), reducci\u00f3 del consum d\u2019energia, reutilitzaci\u00f3 de dispositius digitals, reaprofitament d\u2019aliments (Men\u00fa-Re) i sensibilitzaci\u00f3 per al canvi personal.[\/vc_column_text][\/vc_column_inner][vc_column_inner width=&#8221;1\/4&#8243;][vc_single_image image=&#8221;72898&#8243; img_size=&#8221;full&#8221;][vc_column_text]<a href=\"https:\/\/clicktime.symantec.com\/15sLvUAX8S9mLjMjiouRj?h=gbNP8Ab12M7z0a15dwxHEAKXiQBkPzZcYMKL4pbmZAc=&amp;u=https:\/\/www.cear.es\/\">Comissi\u00f3 Espanyola d\u2019Ajuda al Refugiat (CEAR)<\/a>: <a href=\"https:\/\/clicktime.symantec.com\/15sM1JMob3qMkgBfGNJaM?h=d9d44RakAeQINsJswD1YoHHyHIwA5xugnMn0u3LOcv4=&amp;u=https:\/\/www.cear.es\/proyecto-empleo-verde-madrid\/\"><strong>Desenvolupament d\u2019itineraris de formaci\u00f3 i inserci\u00f3 laboral en ocupaci\u00f3 verda per a persones refugiades<\/strong><\/a><\/p>\n<p>La iniciativa est\u00e0 dirigida a la inserci\u00f3 laboral de persones refugiades i migrants desocupades, mitjan\u00e7ant el disseny i l\u2019acompanyament en un itinerari personalitzat de millora i inserci\u00f3, basat en el diagn\u00f2stic d\u2019ocupabilitat, l\u2019orientaci\u00f3 laboral, la formaci\u00f3 en compet\u00e8ncies transversals i la professionalitzaci\u00f3 en el sector d\u2019instal\u00b7laci\u00f3 de plaques solars, unit a la sensibilitzaci\u00f3 i la intermediaci\u00f3 amb el teixit empresarial del sector per facilitar la inserci\u00f3.[\/vc_column_text][\/vc_column_inner][vc_column_inner width=&#8221;1\/4&#8243;][vc_single_image image=&#8221;89330&#8243; img_size=&#8221;full&#8221;][vc_column_text]<a href=\"https:\/\/clicktime.symantec.com\/15sM68WWqr1GJevULqybf?h=h2Wp46Ut-j5y-ibuJ2xWrRwu5CjJhKZqftG2FYs5754=&amp;u=https:\/\/www.fundacionkonecta.org\/\">Fundaci\u00f3 KONECTA<\/a>: <a href=\"https:\/\/clicktime.symantec.com\/15sM1JKEPEKfti6YoHaT3?h=nVc3oE9OU58nsAppnhSsRRsi5kEyLmur-bKK6cKHDg4=&amp;u=https:\/\/hubempleoverde.es\/\"><strong>Hub Empleo Verde per a persones vulnerables<\/strong><\/a><\/p>\n<p>L\u2019objectiu principal \u00e9s identificar oportunitats d\u2019ocupaci\u00f3 en l\u2019economia verda, especialment els llocs dirigits a joves vulnerables de la CAM, i millorar la seva ocupabilitat a trav\u00e9s de formaci\u00f3 i qualificaci\u00f3 tant en empreses per compte d\u2019altri com potenciant aquells que vulguin emprendre un negoci propi. Alhora, impulsen la recerca i la generaci\u00f3 de coneixement en la mat\u00e8ria a trav\u00e9s de reptes sostenibles que plantegen als diferents col\u00b7laboradors del projecte.[\/vc_column_text][\/vc_column_inner][\/vc_row_inner][vc_row_inner][vc_column_inner width=&#8221;1\/4&#8243;][vc_single_image image=&#8221;86020&#8243; img_size=&#8221;full&#8221;][vc_column_text]<a href=\"https:\/\/clicktime.symantec.com\/15sLvU7Gv8Rqh2UJW9LmS?h=QxqVWvFho5tyUpbYqIrtfn3UUZ3HrysjLY7_J7Y2b_c=&amp;u=https:\/\/fundacionluzsolidaria.org\/\">Fundaci\u00f3 Luz Solidaria<\/a>: <a href=\"https:\/\/clicktime.symantec.com\/15sM68VqqMo2Wv89bG94g?h=1l_tIhnQ_xDEHrhqw-YyyecwFuaEl5gRumg_sjSxhoU=&amp;u=https:\/\/fundacionluzsolidaria.org\/beneficiarios-programa-social\/\"><strong>Programa de lluita contra la pobresa energ\u00e8tica<\/strong><\/a><\/p>\n<p>Iniciativa d\u2019\u00e0mbit nacional enfocada a garantir l\u2019acc\u00e9s a energia a fam\u00edlies vulnerables. Inclou les accions seg\u00fcents: assessorament personalitzat en l\u2019\u00e0mbit energ\u00e8tic, gesti\u00f3 i tramitaci\u00f3 del bo social el\u00e8ctric i t\u00e8rmic, paralitzaci\u00f3 de talls de llum per a les fam\u00edlies m\u00e9s vulnerables, negociaci\u00f3 de plans de pagament de factures pendents i, en els casos m\u00e9s greus, ajuda en les factures pendents.[\/vc_column_text][\/vc_column_inner][vc_column_inner width=&#8221;1\/4&#8243;][vc_single_image image=&#8221;86017&#8243; img_size=&#8221;full&#8221;][vc_column_text]<a href=\"https:\/\/clicktime.symantec.com\/15sLvU3ceoMYY4bfi26xP?h=kJy-kHMP0hWmUvle5ZXnAyMiFQs4HQuyoyNGA9wPbog=&amp;u=https:\/\/fundacionronald.org\/\">Fundaci\u00f3 Ronald McDonald<\/a>: <a href=\"https:\/\/clicktime.symantec.com\/15sM1JEu7R38x1RbFaW71?h=JvAJeoDqHM6HpG-zj4klHwC576vX0qAVPRchFJhH_fI=&amp;u=https:\/\/fundacionronald.org\/casa-madrid\/\"><strong>Una llar fora de la llar<\/strong><\/a><\/p>\n<p>Ofereix allotjament temporal gratu\u00eft a fam\u00edlies que es veuen obligades a despla\u00e7ar-se de la seva ciutat pel tractament m\u00e8dic d\u2019un fill greument malalt. Acullen la unitat familiar durant el temps que dura el tractament i els proporcionen una llar que cobreix les necessitats b\u00e0siques de la fam\u00edlia, aix\u00ed com la possibilitat de participar en activitats organitzades per la Casa. El projecte consisteix en la implantaci\u00f3 d\u2019un pla d\u2019estalvi energ\u00e8tic amb la col\u00b7locaci\u00f3 de plaques solars, la instal\u00b7laci\u00f3 d\u2019aixetes autom\u00e0tiques i l\u2019\u00fas de filtres de pressi\u00f3 d\u2019aigua i calderes d\u2019aigua sostenibles.[\/vc_column_text][\/vc_column_inner][vc_column_inner width=&#8221;1\/4&#8243;][vc_single_image image=&#8221;89333&#8243; img_size=&#8221;full&#8221;][vc_column_text]<a href=\"https:\/\/clicktime.symantec.com\/15siuqX8LVeNZZvwbdXa5?h=ksRH1KLYgZ5eAa0MDxyf5d0ip0yMKJozzfo822Nt8Oc=&amp;u=www.integrapirineus.com\">Fundaci\u00f3 Privada Integra Pirineus<\/a>: <a href=\"https:\/\/clicktime.symantec.com\/15sikB8ZRGHBjgH6WWjGq?h=Wb6JYXraSKrWldlubl2ZEko9h4M5dHEm_lkGLp0hr-c=&amp;u=https:\/\/www.integrapirineus.com\/es\/biomassa\/\"><strong>Donem vida al bosc<\/strong><\/a><\/p>\n<p>La iniciativa pret\u00e9n generar ocupaci\u00f3 per a persones en situaci\u00f3 o risc d\u2019exclusi\u00f3, amb especial atenci\u00f3 a les persones amb discapacitat intel\u00b7lectual o trastorn de la salut mental, mitjan\u00e7ant els treballs en gesti\u00f3 forestal sostenible i l\u2019aprofitament dels productes fustables obtinguts per a la producci\u00f3 de biomassa forestal (estella), la qual es ven com a combustible per a diferents calderes del territori (ajuntaments, hospitals, hotels, etc.).[\/vc_column_text][\/vc_column_inner][vc_column_inner width=&#8221;1\/4&#8243;][vc_single_image image=&#8221;89336&#8243; img_size=&#8221;full&#8221;][vc_column_text]<a href=\"https:\/\/clicktime.symantec.com\/15sMFnuLsTjQZ61Epeb6e?h=mDiHOTtKqpEk0qPT_foUc7Y3YQfpOmbdYqU0HQtU8hk=&amp;u=www.generames.com\">Generam\u00e9s<\/a>: <a href=\"https:\/\/clicktime.symantec.com\/15sMFnuLsTjQZ61Epeb6e?h=mDiHOTtKqpEk0qPT_foUc7Y3YQfpOmbdYqU0HQtU8hk=&amp;u=www.generames.com\"><strong>Projecte Generam\u00e9s: energia neta i inserci\u00f3 social<\/strong><\/a><\/p>\n<p>El seu objectiu principal \u00e9s inserir laboralment joves en risc d\u2019exclusi\u00f3 en el sector de les energies renovables. Per a aix\u00f2, Generam\u00e9s facilita la formaci\u00f3 en instal\u00b7lacions renovables (panells solars, carregadors, aerot\u00e8rmia) a col\u00b7lectius en exclusi\u00f3 social i els incorpora a l\u2019empresa d\u2019inserci\u00f3 social perqu\u00e8 en un per\u00edode m\u00e0xim de tres anys (per llei) puguin fer el salt a l\u2019empresa ordin\u00e0ria. S\u00f3n persones en risc d\u2019exclusi\u00f3 com ara extutelats per l\u2019Administraci\u00f3, joves migrants que van arribar sols o persones en situaci\u00f3 de marginalitat cr\u00f2nica i que treballen en la recollida de ferralla per sobreviure.[\/vc_column_text][\/vc_column_inner][\/vc_row_inner][vc_row_inner][vc_column_inner width=&#8221;1\/4&#8243;][vc_single_image image=&#8221;89340&#8243; img_size=&#8221;full&#8221;][vc_column_text]Mohammad Nazrul Chowdhury Begum: <a href=\"https:\/\/clicktime.symantec.com\/15t5z4kZNfZPEASupP4vQ?h=1geeujm91R7GLqunP43qH_Mr0mrUte4qub3U3_zwDSU=&amp;u=www.proyectoconfianza.es\"><strong>Proyecto Confianza<\/strong><\/a><\/p>\n<p>\u00c9s una iniciativa efica\u00e7 per arribar a les persones excloses i que viuen en situaci\u00f3 de vulnerabilitat extrema. A trav\u00e9s de l\u2019organitzaci\u00f3 de grups i reunions quinzenals, es crea un entorn propici en qu\u00e8 les persones benefici\u00e0ries poden trobar suport en forma de connexions socials, eines pr\u00e0ctiques, capacitaci\u00f3, assessorament i acc\u00e9s a recursos econ\u00f2mics, entre altres aspectes rellevants. Aquests recursos els brinden la capacitat de perseguir els seus objectius d\u2019una manera m\u00e9s efectiva. Entre ells, s\u2019inclouen formaci\u00f3 sobre factura, bo social, consum responsable, etc., i tamb\u00e9 s\u2019executen rehabilitacions en habitatges.[\/vc_column_text][\/vc_column_inner][vc_column_inner width=&#8221;1\/4&#8243;][vc_single_image image=&#8221;86029&#8243; img_size=&#8221;full&#8221;][vc_column_text]Provivienda: <a href=\"https:\/\/www.provivienda.org\/nuevos-proyectos-en-canarias-los-conoces\/\"><strong>Solucions per a l\u2019estalvi energ\u00e8tic a la llar<\/strong><\/a><\/p>\n<p>L\u2019objectiu \u00e9s contribuir a la millora de l\u2019estalvi i l\u2019efici\u00e8ncia energ\u00e8tica de les llars entre la poblaci\u00f3 participant en el projecte. Es presenta l\u2019activitat de Provivienda a les Can\u00e0ries. En el projecte es treballen quatre l\u00ednies: fomentar h\u00e0bits de consum d\u2019energia eficient, optimitzar contractes de subministrament, implementar mesures d\u2019efici\u00e8ncia energ\u00e8tica, i oferir assessorament i formaci\u00f3 en solucions per a l\u2019estalvi energ\u00e8tic. Per a aix\u00f2, elaboren un diagn\u00f2stic energ\u00e8tic dels habitatges, lliuren kits d\u2019estalvi d\u2019energia, duen a terme millores energ\u00e8tiques als habitatges i proporcionen formaci\u00f3, informaci\u00f3 i acompanyament personalitzat en mat\u00e8ria d\u2019energia a les persones.[\/vc_column_text][\/vc_column_inner][vc_column_inner width=&#8221;1\/4&#8243;][\/vc_column_inner][vc_column_inner width=&#8221;1\/4&#8243;][\/vc_column_inner][\/vc_row_inner][\/vc_tta_section][vc_tta_section title=&#8221;Participants&#8221; tab_id=&#8221;1715850784154-0345acba-3af8&#8243;][vc_single_image image=&#8221;89499&#8243; img_size=&#8221;full&#8221;][\/vc_tta_section][\/vc_tta_tabs][\/vc_column][\/vc_row][vc_row][vc_column offset=&#8221;vc_hidden-lg vc_hidden-md vc_hidden-sm vc_hidden-xs&#8221;][vc_separator color=&#8221;white&#8221;][vc_row_inner][vc_column_inner width=&#8221;1\/2&#8243;][vc_column_text]Tras el \u00e9xito de las anteriores convocatorias, Fundaci\u00f3n Naturgy lanza la<strong> IV edici\u00f3n del \u2018Premio a la mejor iniciativa social en el \u00e1mbito energ\u00e9tico\u2019<\/strong>.<\/p>\n<p>Queremos dar visibilidad a aquellas <strong>personas, entidades o instituciones que destacan en el \u00e1mbito social vinculado, directa o indirectamente, a la energ\u00eda<\/strong>, y ayudar a financiar iniciativas en este \u00e1mbito para mejorar la calidad de vida de las personas m\u00e1s vulnerables.<\/p>\n<p>Buscamos <strong>proyectos desarrollados en Espa\u00f1a <\/strong>que est\u00e9n relacionados con la energ\u00eda, que tengan un fin social claro y que ayuden a los que m\u00e1s lo necesitan a mejorar sus condiciones de vida: proyectos educativos, de vulnerabilidad energ\u00e9tica, de emprendimiento, de inclusi\u00f3n social, de salud, ambientales, relacionados con la econom\u00eda circular\u2026<\/p>\n<p>Es importante que las iniciativas presentadas <strong>est\u00e9n en marcha o ya concluidas<\/strong>. El importe \u00edntegro del reconocimiento deber\u00e1 ser destinado a proyectos sociales que promuevan la mejora de las condiciones de los colectivos vulnerables en temas relacionados con la energ\u00eda.<\/p>\n<p>Este premio forma parte de la l\u00ednea de acci\u00f3n social de Fundaci\u00f3n Naturgy, en su vocaci\u00f3n por desarrollar actuaciones destinadas a paliar la vulnerabilidad energ\u00e9tica.[\/vc_column_text][\/vc_column_inner][vc_column_inner width=&#8221;1\/2&#8243;]<div class=\"gnf-lista-iconos\"><ul class=\"gnf-lista\"><li><div class=\"gnf-lista-iconos__icono left \"><div class=\"icon-outer icon-style-\" style=\"background-color:\"><span class=\"fa fa-gift\"><\/span><\/div><\/div><div class=\"gnf-lista-iconos__texto left\"><h5>\u00bfCu\u00e1l es el premio?<\/h5>El premio estar\u00e1 dotado con <strong>60.000 euros<\/strong>, y adem\u00e1s se otorgar\u00e1 un acc\u00e9sit de <strong>30.000 euros<\/strong>. Los importes ser\u00e1n destinados a las iniciativas sociales de los ganadores.<\/div><\/li><li><div class=\"gnf-lista-iconos__icono left \"><div class=\"icon-outer icon-style-\" style=\"background-color:\"><span class=\"fa fa-users\"><\/span><\/div><\/div><div class=\"gnf-lista-iconos__texto left\"><h5>\u00bfQui\u00e9n puede participar?<\/h5>Todas aquellas <strong>personas f\u00edsicas o jur\u00eddicas<\/strong> que, con su trabajo, generen<strong> mejoras en las condiciones sociales de los colectivos m\u00e1s desfavorecidos <\/strong>con actuaciones vinculadas, directa o indirectamente, al<strong> \u00e1mbito de la energ\u00eda<\/strong>.<\/div><\/li><li><div class=\"gnf-lista-iconos__icono left \"><div class=\"icon-outer icon-style-\" style=\"background-color:\"><span class=\"fa fa-calendar\"><\/span><\/div><\/div><div class=\"gnf-lista-iconos__texto left\"><h5>\u00bfHasta cu\u00e1ndo puedo presentarme?<\/h5><strong>Cerrado el plazo de inscripci\u00f3n.<\/strong><\/div><\/li><\/ul><\/div>[\/vc_column_inner][\/vc_row_inner][\/vc_column][\/vc_row]<\/p>\n","protected":false},"excerpt":{"rendered":"<p>[vc_row][vc_column][vc_column_text] Guanyadors 5\u00aa edici\u00f3 [\/vc_column_text][\/vc_column][\/vc_row][vc_row][vc_column width=&#8221;1\/2&#8243;][vc_column_text] Primer premi [\/vc_column_text][vc_column_text]Fundaci\u00f3\u00a0Energia Responsable (abans Fundaci\u00f3 Luz Solidaria):\u00a0Programa de lluita contra la pobresa energ\u00e8tica Iniciativa d\u2019\u00e0mbit nacional enfocada a garantir l\u2019acc\u00e9s a energia a<span class=\"more-link\"><a href=\"https:\/\/www.fundacionnaturgy.org\/ca\/premio-a-la-mejor-iniciativa-social-en-el-ambito-energetico\/v-edicio-del-premi-a-la-millor-iniciativa-social-en-lambit-energetic\/\">Llegir m\u00e9s<\/a><\/span><\/p>\n","protected":false},"author":1454,"featured_media":0,"parent":76764,"menu_order":0,"comment_status":"closed","ping_status":"closed","template":"templates\/full-width.php","meta":{"inline_featured_image":false},"categories":[],"acf":[],"_links":{"self":[{"href":"https:\/\/www.fundacionnaturgy.org\/ca\/wp-json\/wp\/v2\/pages\/89353"}],"collection":[{"href":"https:\/\/www.fundacionnaturgy.org\/ca\/wp-json\/wp\/v2\/pages"}],"about":[{"href":"https:\/\/www.fundacionnaturgy.org\/ca\/wp-json\/wp\/v2\/types\/page"}],"author":[{"embeddable":true,"href":"https:\/\/www.fundacionnaturgy.org\/ca\/wp-json\/wp\/v2\/users\/1454"}],"replies":[{"embeddable":true,"href":"https:\/\/www.fundacionnaturgy.org\/ca\/wp-json\/wp\/v2\/comments?post=89353"}],"version-history":[{"count":13,"href":"https:\/\/www.fundacionnaturgy.org\/ca\/wp-json\/wp\/v2\/pages\/89353\/revisions"}],"predecessor-version":[{"id":89753,"href":"https:\/\/www.fundacionnaturgy.org\/ca\/wp-json\/wp\/v2\/pages\/89353\/revisions\/89753"}],"up":[{"embeddable":true,"href":"https:\/\/www.fundacionnaturgy.org\/ca\/wp-json\/wp\/v2\/pages\/76764"}],"wp:attachment":[{"href":"https:\/\/www.fundacionnaturgy.org\/ca\/wp-json\/wp\/v2\/media?parent=89353"}],"wp:term":[{"taxonomy":"category","embeddable":true,"href":"https:\/\/www.fundacionnaturgy.org\/ca\/wp-json\/wp\/v2\/categories?post=89353"}],"curies":[{"name":"wp","href":"https:\/\/api.w.org\/{rel}","templated":true}]}}