{"id":89996,"date":"2024-07-03T14:39:21","date_gmt":"2024-07-03T12:39:21","guid":{"rendered":"https:\/\/www.fundacionnaturgy.org\/educacio-divulgacio\/premi-fundacio-naturgy-a-la-recerca-i-la-innovacio-tecnologica-en-lambit-energetic\/ii-edicio-del-premi-fundacio-naturgy-csic-a-la-investigacio-i-innovacio-tecnologica-a-lambit-energetic-2024\/"},"modified":"2024-07-10T09:45:30","modified_gmt":"2024-07-10T07:45:30","slug":"ii-edicio-del-premi-fundacio-naturgy-csic-a-la-investigacio-i-innovacio-tecnologica-a-lambit-energetic-2024","status":"publish","type":"page","link":"https:\/\/www.fundacionnaturgy.org\/ca\/educacio-divulgacio\/premi-fundacio-naturgy-a-la-recerca-i-la-innovacio-tecnologica-en-lambit-energetic\/ii-edicio-del-premi-fundacio-naturgy-csic-a-la-investigacio-i-innovacio-tecnologica-a-lambit-energetic-2024\/","title":{"rendered":"II edici\u00f3 del Premi Fundaci\u00f3 Naturgy-CSIC a la investigaci\u00f3 i innovaci\u00f3 tecnol\u00f2gica a l&#8217;\u00e0mbit energ\u00e8tic (2024)"},"content":{"rendered":"<p>[vc_row][vc_column][vc_column_text]<\/p>\n<h2 style=\"text-align: left;\"><strong>Guanyador II edici\u00f3<\/strong><\/h2>\n<p>[\/vc_column_text][\/vc_column][\/vc_row][vc_row][vc_column][vc_column_text]<\/p>\n<h3>&#8216;Proton Exchange Membrane Water Electrolyzer Prototype with Improved Components (PRAGMATIC)&#8217; de l&#8217;Institut de Cat\u00e0lisi i Petroleoqu\u00edmica (ICP-CSIC)<\/h3>\n<p>El projecte sobre generaci\u00f3 d&#8217;hidrogen mitjan\u00e7ant el desenvolupament d&#8217;un electrolitzador de membrana polim\u00e8rica d&#8217;intercanvi prot\u00f2nic (PEM), liderat pels investigadors principals <strong>Mar\u00eda Retuerto Mill\u00e1n<\/strong> i <strong>\u00c1lvaro Tolosana Moranchel<\/strong>, proposa una tecnologia innovadora mitjan\u00e7ant solucions noves per a diferents aspectes de l&#8217;electrolitzador a l&#8217;\u00e0mbit de la generaci\u00f3 d&#8217;hidrogen que aporta una soluci\u00f3 als problemes que aquesta tecnologia presenta actualment, contribuint aix\u00ed a aplanar el cam\u00ed cap al seu desenvolupament comercial.[\/vc_column_text][\/vc_column][\/vc_row][vc_row][vc_column][vc_empty_space][\/vc_column][\/vc_row][vc_row][vc_column][vc_column_text]<\/p>\n<h2><strong>Veure declaracions dels guanyadors, finalistes i membres del Jurat<\/strong><\/h2>\n<p>[\/vc_column_text][vc_row_inner][vc_column_inner width=&#8221;1\/2&#8243;][vc_video link=&#8221;https:\/\/youtu.be\/6FW3OEmb2QU&#8221;][\/vc_column_inner][vc_column_inner width=&#8221;1\/2&#8243;][vc_video link=&#8221;https:\/\/youtu.be\/Wq_cszBZiOw&#8221;][\/vc_column_inner][\/vc_row_inner][vc_row_inner][vc_column_inner width=&#8221;1\/2&#8243;][vc_video link=&#8221;https:\/\/youtu.be\/FvSV3czV9OA&#8221;][\/vc_column_inner][vc_column_inner width=&#8221;1\/2&#8243;][vc_video link=&#8221;https:\/\/youtu.be\/yLXPfVFGRDg&#8221;][\/vc_column_inner][\/vc_row_inner][vc_row_inner][vc_column_inner width=&#8221;1\/2&#8243;][vc_video link=&#8221;https:\/\/youtu.be\/u5OQJ4-GHpY&#8221;][\/vc_column_inner][vc_column_inner width=&#8221;1\/2&#8243;][vc_video link=&#8221;https:\/\/youtu.be\/h6EHA70-SJ4&#8243;][\/vc_column_inner][\/vc_row_inner][\/vc_column][\/vc_row][vc_row][vc_column][vc_empty_space][\/vc_column][\/vc_row][vc_row][vc_column][vc_column_text]<\/p>\n<h2><strong>Veure el v\u00eddeo resum i la gala completa<br \/>\n<\/strong><\/h2>\n<p>[\/vc_column_text][vc_row_inner][vc_column_inner width=&#8221;1\/2&#8243;][vc_video link=&#8221;https:\/\/youtu.be\/jrldTds9p3E&#8221;][\/vc_column_inner][vc_column_inner width=&#8221;1\/2&#8243;][vc_video link=&#8221;https:\/\/youtu.be\/Ssv0daUsY2k&#8221;][\/vc_column_inner][\/vc_row_inner][\/vc_column][\/vc_row][vc_row][vc_column][vc_empty_space][\/vc_column][\/vc_row][vc_row][vc_column][vc_column_text]<\/p>\n<h2><strong>Veure els projectes finalistes i participants<\/strong><\/h2>\n<p>[\/vc_column_text][\/vc_column][\/vc_row][vc_row][vc_column][vc_tta_tabs][vc_tta_section title=&#8221;Finalistes&#8221; tab_id=&#8221;1626695018390-015280b3-cdd7&#8243;][vc_row_inner][vc_column_inner width=&#8221;1\/4&#8243;][vc_single_image image=&#8221;89968&#8243; img_size=&#8221;full&#8221; onclick=&#8221;custom_link&#8221; img_link_target=&#8221;_blank&#8221; link=&#8221;https:\/\/www.icb.csic.es\/&#8221;][\/vc_column_inner][vc_column_inner width=&#8221;1\/4&#8243;][vc_single_image image=&#8221;89977&#8243; img_size=&#8221;full&#8221; onclick=&#8221;custom_link&#8221; img_link_target=&#8221;_blank&#8221; link=&#8221;https:\/\/www.incar.csic.es\/&#8221;][\/vc_column_inner][vc_column_inner width=&#8221;1\/4&#8243;][vc_single_image image=&#8221;89974&#8243; img_size=&#8221;full&#8221; onclick=&#8221;custom_link&#8221; img_link_target=&#8221;_blank&#8221; link=&#8221;http:\/\/www.ictp.csic.es\/&#8221;][\/vc_column_inner][vc_column_inner width=&#8221;1\/4&#8243;][vc_single_image image=&#8221;87359&#8243; img_size=&#8221;full&#8221; onclick=&#8221;custom_link&#8221; img_link_target=&#8221;_blank&#8221; link=&#8221;https:\/\/icp.csic.es\/es\/&#8221;][\/vc_column_inner][\/vc_row_inner][vc_row_inner][vc_column_inner width=&#8221;1\/4&#8243;][vc_single_image image=&#8221;89980&#8243; img_size=&#8221;full&#8221; onclick=&#8221;custom_link&#8221; img_link_target=&#8221;_blank&#8221; link=&#8221;https:\/\/www.upm.es\/&#8221;][\/vc_column_inner][vc_column_inner width=&#8221;1\/4&#8243;][vc_single_image image=&#8221;89983&#8243; img_size=&#8221;full&#8221; onclick=&#8221;custom_link&#8221; img_link_target=&#8221;_blank&#8221; link=&#8221;https:\/\/www.urv.cat\/es\/&#8221;][\/vc_column_inner][vc_column_inner width=&#8221;1\/4&#8243;][\/vc_column_inner][vc_column_inner width=&#8221;1\/4&#8243;][\/vc_column_inner][\/vc_row_inner][\/vc_tta_section][vc_tta_section title=&#8221;Participants&#8221; tab_id=&#8221;1626784457914-0eb443e6-1a31&#8243;][vc_single_image image=&#8221;89965&#8243; img_size=&#8221;full&#8221;][\/vc_tta_section][\/vc_tta_tabs][\/vc_column][\/vc_row][vc_row][vc_column][vc_column_text]<br \/>\n[\/vc_column_text][\/vc_column][\/vc_row]<\/p>\n","protected":false},"excerpt":{"rendered":"<p>[vc_row][vc_column][vc_column_text] Guanyador II edici\u00f3 [\/vc_column_text][\/vc_column][\/vc_row][vc_row][vc_column][vc_column_text] &#8216;Proton Exchange Membrane Water Electrolyzer Prototype with Improved Components (PRAGMATIC)&#8217; de l&#8217;Institut de Cat\u00e0lisi i Petroleoqu\u00edmica (ICP-CSIC) El projecte sobre generaci\u00f3 d&#8217;hidrogen mitjan\u00e7ant el desenvolupament<span class=\"more-link\"><a href=\"https:\/\/www.fundacionnaturgy.org\/ca\/educacio-divulgacio\/premi-fundacio-naturgy-a-la-recerca-i-la-innovacio-tecnologica-en-lambit-energetic\/ii-edicio-del-premi-fundacio-naturgy-csic-a-la-investigacio-i-innovacio-tecnologica-a-lambit-energetic-2024\/\">Llegir m\u00e9s<\/a><\/span><\/p>\n","protected":false},"author":1454,"featured_media":0,"parent":84474,"menu_order":0,"comment_status":"closed","ping_status":"closed","template":"templates\/full-width.php","meta":{"inline_featured_image":false},"categories":[],"acf":[],"_links":{"self":[{"href":"https:\/\/www.fundacionnaturgy.org\/ca\/wp-json\/wp\/v2\/pages\/89996"}],"collection":[{"href":"https:\/\/www.fundacionnaturgy.org\/ca\/wp-json\/wp\/v2\/pages"}],"about":[{"href":"https:\/\/www.fundacionnaturgy.org\/ca\/wp-json\/wp\/v2\/types\/page"}],"author":[{"embeddable":true,"href":"https:\/\/www.fundacionnaturgy.org\/ca\/wp-json\/wp\/v2\/users\/1454"}],"replies":[{"embeddable":true,"href":"https:\/\/www.fundacionnaturgy.org\/ca\/wp-json\/wp\/v2\/comments?post=89996"}],"version-history":[{"count":9,"href":"https:\/\/www.fundacionnaturgy.org\/ca\/wp-json\/wp\/v2\/pages\/89996\/revisions"}],"predecessor-version":[{"id":90050,"href":"https:\/\/www.fundacionnaturgy.org\/ca\/wp-json\/wp\/v2\/pages\/89996\/revisions\/90050"}],"up":[{"embeddable":true,"href":"https:\/\/www.fundacionnaturgy.org\/ca\/wp-json\/wp\/v2\/pages\/84474"}],"wp:attachment":[{"href":"https:\/\/www.fundacionnaturgy.org\/ca\/wp-json\/wp\/v2\/media?parent=89996"}],"wp:term":[{"taxonomy":"category","embeddable":true,"href":"https:\/\/www.fundacionnaturgy.org\/ca\/wp-json\/wp\/v2\/categories?post=89996"}],"curies":[{"name":"wp","href":"https:\/\/api.w.org\/{rel}","templated":true}]}}