{"id":91853,"date":"2024-04-15T16:20:08","date_gmt":"2024-04-15T14:20:08","guid":{"rendered":"https:\/\/www.fundacionnaturgy.org\/educacio-divulgacio\/formacio-professional-per-a-locupabilitat\/cursos-de-formacio\/"},"modified":"2025-03-03T12:44:14","modified_gmt":"2025-03-03T11:44:14","slug":"cursos-de-formacio","status":"publish","type":"page","link":"https:\/\/www.fundacionnaturgy.org\/ca\/educacio-divulgacio\/formacio-professional-per-a-locupabilitat\/cursos-de-formacio\/","title":{"rendered":"Cursos de formaci\u00f3"},"content":{"rendered":"<p>[vc_row][vc_column width=&#8221;1\/2&#8243;][vc_column_text]<\/p>\n<h2><strong>Impulsem la millora de l\u2019ocupabilitat en el sector energ\u00e8tic<\/strong><\/h2>\n<p>[\/vc_column_text][vc_column_text]<\/p>\n<p data-start=\"90\" data-end=\"365\">L\u2019objectiu dels cursos de formaci\u00f3 de la Fundaci\u00f3 Naturgy \u00e9s millorar tant les compet\u00e8ncies professionals t\u00e8cniques com les compet\u00e8ncies transversals (soft skills) necess\u00e0ries per accedir al mercat laboral del sector energ\u00e8tic, que requereix professionals qualificats\/ades.<\/p>\n<p data-start=\"367\" data-end=\"597\" data-is-last-node=\"\" data-is-only-node=\"\">Aquests cursos estan dissenyats per persones expertes del sector i estan dirigits a diferents col\u00b7lectius que, sense necessitat de coneixements previs, poden accedir a les oportunitats laborals que ofereix la Transici\u00f3 Energ\u00e8tica.<\/p>\n<p>[\/vc_column_text]<a class=\"gnf-boton oscuro left\" href=\"https:\/\/www.fundacionnaturgy.org\/educacion-y-divulgacion\/formacion-profesional-para-la-empleabilidad\/cursos-capacitadores\/\" title=\"\" target=\"_blank\">Veure formacions realitzades<\/a>[\/vc_column][vc_column width=&#8221;1\/2&#8243;][vc_single_image image=&#8221;88632&#8243; img_size=&#8221;full&#8221; alignment=&#8221;center&#8221;][\/vc_column][\/vc_row]<\/p>\n","protected":false},"excerpt":{"rendered":"<p>[vc_row][vc_column width=&#8221;1\/2&#8243;][vc_column_text] Impulsem la millora de l\u2019ocupabilitat en el sector energ\u00e8tic [\/vc_column_text][vc_column_text] L\u2019objectiu dels cursos de formaci\u00f3 de la Fundaci\u00f3 Naturgy \u00e9s millorar tant les compet\u00e8ncies professionals t\u00e8cniques com les<span class=\"more-link\"><a href=\"https:\/\/www.fundacionnaturgy.org\/ca\/educacio-divulgacio\/formacio-professional-per-a-locupabilitat\/cursos-de-formacio\/\">Llegir m\u00e9s<\/a><\/span><\/p>\n","protected":false},"author":1454,"featured_media":0,"parent":73285,"menu_order":0,"comment_status":"closed","ping_status":"closed","template":"templates\/full-width.php","meta":{"inline_featured_image":false},"categories":[],"acf":[],"_links":{"self":[{"href":"https:\/\/www.fundacionnaturgy.org\/ca\/wp-json\/wp\/v2\/pages\/91853"}],"collection":[{"href":"https:\/\/www.fundacionnaturgy.org\/ca\/wp-json\/wp\/v2\/pages"}],"about":[{"href":"https:\/\/www.fundacionnaturgy.org\/ca\/wp-json\/wp\/v2\/types\/page"}],"author":[{"embeddable":true,"href":"https:\/\/www.fundacionnaturgy.org\/ca\/wp-json\/wp\/v2\/users\/1454"}],"replies":[{"embeddable":true,"href":"https:\/\/www.fundacionnaturgy.org\/ca\/wp-json\/wp\/v2\/comments?post=91853"}],"version-history":[{"count":4,"href":"https:\/\/www.fundacionnaturgy.org\/ca\/wp-json\/wp\/v2\/pages\/91853\/revisions"}],"predecessor-version":[{"id":91860,"href":"https:\/\/www.fundacionnaturgy.org\/ca\/wp-json\/wp\/v2\/pages\/91853\/revisions\/91860"}],"up":[{"embeddable":true,"href":"https:\/\/www.fundacionnaturgy.org\/ca\/wp-json\/wp\/v2\/pages\/73285"}],"wp:attachment":[{"href":"https:\/\/www.fundacionnaturgy.org\/ca\/wp-json\/wp\/v2\/media?parent=91853"}],"wp:term":[{"taxonomy":"category","embeddable":true,"href":"https:\/\/www.fundacionnaturgy.org\/ca\/wp-json\/wp\/v2\/categories?post=91853"}],"curies":[{"name":"wp","href":"https:\/\/api.w.org\/{rel}","templated":true}]}}