{"id":92014,"date":"2025-03-14T14:26:22","date_gmt":"2025-03-14T13:26:22","guid":{"rendered":"https:\/\/www.fundacionnaturgy.org\/accio-social\/pla-de-vulnerabilitat-energetica\/recepta-energia\/"},"modified":"2025-03-21T13:59:35","modified_gmt":"2025-03-21T12:59:35","slug":"recepta-energia","status":"publish","type":"page","link":"https:\/\/www.fundacionnaturgy.org\/ca\/accio-social\/pla-de-vulnerabilitat-energetica\/recepta-energia\/","title":{"rendered":"Recepta energia"},"content":{"rendered":"<p>[vc_row][vc_column][vc_column_text]<\/p>\n<h3><strong>La iniciativa Recepta energia, de Fundaci\u00f3 Naturgy, pionera a Espanya, t\u00e9 com a objectiu ajudar persones amb tractaments m\u00e8dics el\u00e8ctrics domiciliaris.<\/strong><\/h3>\n<p>[\/vc_column_text][vc_column_text]Aquests ajuts s&#8217;atorguen amb un doble fi:<\/p>\n<ul>\n<li><strong>Econ\u00f2mic<\/strong>, ja que s\u00f3n ajudes per al pagament de les factures d&#8217;energia, que s\u2019incrementen a causa de l&#8217;\u00fas de dispositius m\u00e8dics el\u00e8ctrics als seus domicilis.<\/li>\n<li><strong>Cura de la salut de les persones<\/strong>, perqu\u00e8, gr\u00e0cies a aquesta ajuda econ\u00f2mica, es pot aconseguir m\u00e9s adher\u00e8ncia al tractament i, per tant, millores en la seva salut.<\/li>\n<\/ul>\n<p>Fundaci\u00f3 Naturgy ha posat en marxa aquesta iniciativa gr\u00e0cies a sengles convenis de col\u00b7laboraci\u00f3 amb l\u2019Orde Hospitalari de Sant Joan de D\u00e9u i la Fundaci\u00f3n Quir\u00f3nSalud.<br \/>\n[\/vc_column_text][\/vc_column][\/vc_row][vc_row full_width=&#8221;stretch_row&#8221; css=&#8221;.vc_custom_1727106526693{background-color: #f4f4f2 !important;}&#8221;][vc_column][vc_custom_heading text=&#8221;<strong>Hospital San Juan de Dios Aljarafe (Sevilla)<\/strong>&#8221; font_container=&#8221;tag:h2|text_align:center&#8221; use_theme_fonts=&#8221;yes&#8221;][vc_empty_space][vc_row_inner][vc_column_inner width=&#8221;1\/2&#8243;][vc_images_carousel images=&#8221;91959,91962&#8243; img_size=&#8221;full&#8221; speed=&#8221;3000&#8243; autoplay=&#8221;yes&#8221; wrap=&#8221;yes&#8221;][\/vc_column_inner][vc_column_inner width=&#8221;1\/2&#8243;][vc_column_text]<span style=\"color: #004571;\"><strong>Resultats principals del projecte:<\/strong><\/span><\/p>\n<ul>\n<li><span style=\"color: #004571;\">Al centre hospitalari San Juan de Dios del Aljarafe s&#8217;han instal\u00b7lat 514 plaques solars, 52 de les quals, aportades per Fundaci\u00f3 Naturgy. Amb aix\u00f2, s\u2019obt\u00e9 un estalvi d\u2019uns 30.000 euros, que l\u2019Hospital invertir\u00e0 \u00edntegrament durant els cinc anys vinents en ajudes econ\u00f2miques per a persones vulnerables o en risc de pobresa energ\u00e8tica la recuperaci\u00f3 i l\u2019estat de salut de les quals estiguin afectats per la manca de recursos.<\/span><\/li>\n<li><span style=\"color: #004571;\">En aquesta primera fase, se\u2019n beneficiaran 19 pacients (en total, 53 persones del seu entorn familiar) que pateixen patologies com insufici\u00e8ncia card\u00edaca o malaltia pulmonar obstructiva (MPOC) i que necessiten l\u2019ajuda d\u2019aparells el\u00e8ctrics.<\/span><\/li>\n<\/ul>\n<p>[\/vc_column_text][\/vc_column_inner][\/vc_row_inner][\/vc_column][\/vc_row][vc_row][vc_column][vc_custom_heading text=&#8221;<strong>Hospital Sagrat Cor (Barcelona)<\/strong>&#8221; font_container=&#8221;tag:h2|text_align:center&#8221; use_theme_fonts=&#8221;yes&#8221;][vc_empty_space][vc_row_inner][vc_column_inner width=&#8221;1\/2&#8243;][vc_single_image image=&#8221;91983&#8243; img_size=&#8221;full&#8221;][\/vc_column_inner][vc_column_inner width=&#8221;1\/2&#8243;][vc_column_text]<span style=\"color: #004571;\"><strong>Resultats principals del projecte:<\/strong><\/span><\/p>\n<ul>\n<li><span style=\"color: #004571;\">Fundaci\u00f3 Naturgy ha instal\u00b7lat a l\u2019Hospital Sagrat Cor de Barcelona 36 m\u00f2duls de generaci\u00f3 fotovoltaica. Amb l\u2019estalvi aconseguit amb les plaques ja s\u2019est\u00e0 ajudant quatre pacients que reben tractament domiciliari amb dispositius el\u00e8ctrics.<\/span><\/li>\n<\/ul>\n<p>[\/vc_column_text][\/vc_column_inner][\/vc_row_inner][vc_row_inner css=&#8221;.vc_custom_1727173546238{background-color: #f4f4f2 !important;}&#8221;][vc_column_inner][vc_custom_heading text=&#8221;<strong>Reconeixements<\/strong>&#8221; font_container=&#8221;tag:h2|text_align:center&#8221; use_theme_fonts=&#8221;yes&#8221;][vc_column_text]<\/p>\n<ul>\n<li><span style=\"color: #004571;\"><strong>Premi Sanidad #PorElClima<\/strong><\/span><br \/>\n<span style=\"color: #004571;\">La farmac\u00e8utica GSK va recon\u00e8ixer les 10 iniciatives pioneres de centres hospitalaris que destaquen pel seu comprom\u00eds amb la societat, l&#8217;entorn i la construcci\u00f3 d&#8217;un futur millor.<\/span><\/li>\n<li><span style=\"color: #004571;\"><strong>Reconeixement de San Juan de Dios Andaluc\u00eda<\/strong><\/span><br \/>\n<span style=\"color: #004571;\">San Juan de Dios Andaluc\u00eda va distingir la Fundaci\u00f3 Naturgy per aquesta iniciativa amb el seu <em>Granada Solidaria 2025.<\/em><\/span><\/li>\n<\/ul>\n<p>[\/vc_column_text][vc_video link=&#8221;https:\/\/www.youtube.com\/watch?v=GgVv7j9I78s&#8221; el_width=&#8221;70&#8243; align=&#8221;center&#8221;][\/vc_column_inner][\/vc_row_inner][\/vc_column][\/vc_row]<\/p>\n","protected":false},"excerpt":{"rendered":"<p>[vc_row][vc_column][vc_column_text] La iniciativa Recepta energia, de Fundaci\u00f3 Naturgy, pionera a Espanya, t\u00e9 com a objectiu ajudar persones amb tractaments m\u00e8dics el\u00e8ctrics domiciliaris. [\/vc_column_text][vc_column_text]Aquests ajuts s&#8217;atorguen amb un doble fi: Econ\u00f2mic,<span class=\"more-link\"><a href=\"https:\/\/www.fundacionnaturgy.org\/ca\/accio-social\/pla-de-vulnerabilitat-energetica\/recepta-energia\/\">Llegir m\u00e9s<\/a><\/span><\/p>\n","protected":false},"author":1454,"featured_media":0,"parent":45305,"menu_order":0,"comment_status":"closed","ping_status":"closed","template":"templates\/full-width.php","meta":{"inline_featured_image":false},"categories":[],"acf":[],"_links":{"self":[{"href":"https:\/\/www.fundacionnaturgy.org\/ca\/wp-json\/wp\/v2\/pages\/92014"}],"collection":[{"href":"https:\/\/www.fundacionnaturgy.org\/ca\/wp-json\/wp\/v2\/pages"}],"about":[{"href":"https:\/\/www.fundacionnaturgy.org\/ca\/wp-json\/wp\/v2\/types\/page"}],"author":[{"embeddable":true,"href":"https:\/\/www.fundacionnaturgy.org\/ca\/wp-json\/wp\/v2\/users\/1454"}],"replies":[{"embeddable":true,"href":"https:\/\/www.fundacionnaturgy.org\/ca\/wp-json\/wp\/v2\/comments?post=92014"}],"version-history":[{"count":3,"href":"https:\/\/www.fundacionnaturgy.org\/ca\/wp-json\/wp\/v2\/pages\/92014\/revisions"}],"predecessor-version":[{"id":92017,"href":"https:\/\/www.fundacionnaturgy.org\/ca\/wp-json\/wp\/v2\/pages\/92014\/revisions\/92017"}],"up":[{"embeddable":true,"href":"https:\/\/www.fundacionnaturgy.org\/ca\/wp-json\/wp\/v2\/pages\/45305"}],"wp:attachment":[{"href":"https:\/\/www.fundacionnaturgy.org\/ca\/wp-json\/wp\/v2\/media?parent=92014"}],"wp:term":[{"taxonomy":"category","embeddable":true,"href":"https:\/\/www.fundacionnaturgy.org\/ca\/wp-json\/wp\/v2\/categories?post=92014"}],"curies":[{"name":"wp","href":"https:\/\/api.w.org\/{rel}","templated":true}]}}