{"id":92555,"date":"2025-06-06T12:05:14","date_gmt":"2025-06-06T10:05:14","guid":{"rendered":"https:\/\/www.fundacionnaturgy.org\/educacio-divulgacio\/premi-fundacio-naturgy-a-la-recerca-i-la-innovacio-tecnologica-en-lambit-energetic\/iii-edicio-del-premi-fundacio-naturgy-csic-a-la-investigacio-i-innovacio-tecnologica-a-lambit-energetic-2025\/"},"modified":"2025-11-04T13:43:12","modified_gmt":"2025-11-04T12:43:12","slug":"iii-edicio-del-premi-fundacio-naturgy-csic-a-la-investigacio-i-innovacio-tecnologica-a-lambit-energetic-2025","status":"publish","type":"page","link":"https:\/\/www.fundacionnaturgy.org\/ca\/educacio-divulgacio\/premi-fundacio-naturgy-a-la-recerca-i-la-innovacio-tecnologica-en-lambit-energetic\/iii-edicio-del-premi-fundacio-naturgy-csic-a-la-investigacio-i-innovacio-tecnologica-a-lambit-energetic-2025\/","title":{"rendered":"III edici\u00f3 del Premi Fundaci\u00f3 Naturgy-CSIC a la investigaci\u00f3 i innovaci\u00f3 tecnol\u00f2gica a l&#8217;\u00e0mbit energ\u00e8tic (2025)"},"content":{"rendered":"<p>[vc_row][vc_column][vc_column_text]<\/p>\n<h2 style=\"text-align: left;\"><strong>Guanyador III edici\u00f3<\/strong><\/h2>\n<p>[\/vc_column_text][\/vc_column][\/vc_row][vc_row][vc_column][vc_column_text]<\/p>\n<h3>\u2018Anomalous photovoltaic effects for 2-dimensional solar cells (APE2SOL)\u2019 de l&#8217;Institut d&#8217;Energia Solar de la Universitat Polit\u00e8cnica de Madrid i la Universitat Aut\u00f2noma de Madrid.<\/h3>\n<div class=\"QcsUad BDJ8fb BLojaf sMVRZe hCXDsb wneUed\">\n<div class=\"usGWQd\">\n<div class=\"KkbLmb\">\n<div class=\"lRu31\" dir=\"ltr\">\n<p><span class=\"HwtZe\" lang=\"ca\"><span class=\"jCAhz ChMk0b\"><span class=\"ryNqvb\">El projecte, liderat pels investigadors\u00a0<strong>Elisa Antol\u00edn Fern\u00e1ndez\u00a0i\u00a0Juan Jos\u00e9 Palacios Burgos<\/strong>,\u00a0planteja una prova de concepte innovadora centrada en el desenvolupament d&#8217;una nova tecnologia fotovoltaica basada en l&#8217;efecte fotovoltaic an\u00f2mal (APE), utilitzant materials bidimensionals (2D) com a base per a futures generacions de c\u00e8l\u00b7lules solars.<\/span><\/span><\/span><\/p>\n<p><span class=\"HwtZe\" lang=\"ca\"><span class=\"jCAhz ChMk0b\"><span class=\"ryNqvb\">El jurat ha destacat el seu enfocament poc convencional i prometedor en fotovoltaica, com \u00e9s l&#8217;APE en materials 2D, amb un gran potencial disruptiu en el camp de les energies renovables, contribuint aix\u00ed a generar resultats amb impacte acad\u00e8mic rellevant ia aplanar el cam\u00ed cap a la transfer\u00e8ncia tecnol\u00f2gica.<\/span><\/span><span class=\"jCAhz ChMk0b\"><span class=\"ryNqvb\">Tot i trobar-se en una fase tecnol\u00f2gica primerenca, la proposta es proposa avan\u00e7ar significativament en la seva maduresa durant els dos anys de durada del projecte.<\/span><\/span><\/span><\/p>\n<\/div>\n<\/div>\n<\/div>\n<\/div>\n<p>[\/vc_column_text][vc_single_image image=&#8221;92543&#8243; img_size=&#8221;FULL&#8221;][\/vc_column][\/vc_row][vc_row][vc_column][vc_empty_space][\/vc_column][\/vc_row][vc_row][vc_column][vc_column_text]<\/p>\n<h2><strong>Veure\u00a0declaracions dels guanyadors i membres del Jurat<\/strong><\/h2>\n<p>[\/vc_column_text][vc_row_inner][vc_column_inner width=&#8221;1\/2&#8243;][vc_video link=&#8221;https:\/\/youtu.be\/gguUmGUilu4&#8243;][\/vc_column_inner][vc_column_inner width=&#8221;1\/2&#8243;][vc_video link=&#8221;https:\/\/youtu.be\/h9-uZP1QEBE&#8221;][\/vc_column_inner][\/vc_row_inner][vc_row_inner][vc_column_inner width=&#8221;1\/2&#8243;][vc_video link=&#8221;https:\/\/youtu.be\/kCPTUhb5JAI&#8221;][\/vc_column_inner][vc_column_inner width=&#8221;1\/2&#8243;][vc_video link=&#8221;https:\/\/youtu.be\/x67hn0SsjI0&#8243;][\/vc_column_inner][\/vc_row_inner][vc_empty_space][\/vc_column][\/vc_row][vc_row][vc_column][vc_column_text]<\/p>\n<h2><strong>Veure el v\u00eddeo resum i la gala completa<\/strong><\/h2>\n<p>[\/vc_column_text][vc_row_inner][vc_column_inner width=&#8221;1\/2&#8243;][vc_video link=&#8221;https:\/\/youtu.be\/JFG7XN51wPY&#8221;][\/vc_column_inner][vc_column_inner width=&#8221;1\/2&#8243;][vc_video link=&#8221;https:\/\/youtu.be\/yK9m6tII7sA&#8221;][\/vc_column_inner][\/vc_row_inner][vc_empty_space][\/vc_column][\/vc_row][vc_row][vc_column][vc_column_text]<\/p>\n<h2><strong>Veure els projectes finalistes i participants<\/strong><\/h2>\n<p>[\/vc_column_text][vc_tta_tabs][vc_tta_section title=&#8221;Finalistes&#8221; tab_id=&#8221;1626695018390-015280b3-cdd7&#8243;][vc_row_inner][vc_column_inner width=&#8221;1\/4&#8243;][vc_single_image image=&#8221;92591&#8243; img_size=&#8221;full&#8221;][\/vc_column_inner][vc_column_inner width=&#8221;1\/4&#8243;][vc_single_image image=&#8221;92588&#8243; img_size=&#8221;full&#8221;][\/vc_column_inner][vc_column_inner width=&#8221;1\/4&#8243;][vc_single_image image=&#8221;89974&#8243; img_size=&#8221;full&#8221;][\/vc_column_inner][vc_column_inner width=&#8221;1\/4&#8243;][vc_single_image image=&#8221;92582&#8243; img_size=&#8221;full&#8221;][\/vc_column_inner][\/vc_row_inner][vc_row_inner][vc_column_inner width=&#8221;1\/4&#8243;][vc_single_image image=&#8221;92579&#8243; img_size=&#8221;full&#8221;][\/vc_column_inner][vc_column_inner width=&#8221;1\/4&#8243;][\/vc_column_inner][vc_column_inner width=&#8221;1\/4&#8243;][\/vc_column_inner][vc_column_inner width=&#8221;1\/4&#8243;][\/vc_column_inner][\/vc_row_inner][\/vc_tta_section][vc_tta_section title=&#8221;Participants&#8221; tab_id=&#8221;1626784457914-0eb443e6-1a31&#8243;][vc_single_image image=&#8221;92576&#8243; img_size=&#8221;full&#8221;][\/vc_tta_section][\/vc_tta_tabs][\/vc_column][\/vc_row][vc_row][vc_column][vc_column_text]<br \/>\n[\/vc_column_text][\/vc_column][\/vc_row]<\/p>\n","protected":false},"excerpt":{"rendered":"<p>[vc_row][vc_column][vc_column_text] Guanyador III edici\u00f3 [\/vc_column_text][\/vc_column][\/vc_row][vc_row][vc_column][vc_column_text] \u2018Anomalous photovoltaic effects for 2-dimensional solar cells (APE2SOL)\u2019 de l&#8217;Institut d&#8217;Energia Solar de la Universitat Polit\u00e8cnica de Madrid i la Universitat Aut\u00f2noma de Madrid. El<span class=\"more-link\"><a href=\"https:\/\/www.fundacionnaturgy.org\/ca\/educacio-divulgacio\/premi-fundacio-naturgy-a-la-recerca-i-la-innovacio-tecnologica-en-lambit-energetic\/iii-edicio-del-premi-fundacio-naturgy-csic-a-la-investigacio-i-innovacio-tecnologica-a-lambit-energetic-2025\/\">Llegir m\u00e9s<\/a><\/span><\/p>\n","protected":false},"author":1454,"featured_media":0,"parent":84474,"menu_order":0,"comment_status":"closed","ping_status":"closed","template":"templates\/full-width.php","meta":{"inline_featured_image":false},"categories":[],"acf":[],"_links":{"self":[{"href":"https:\/\/www.fundacionnaturgy.org\/ca\/wp-json\/wp\/v2\/pages\/92555"}],"collection":[{"href":"https:\/\/www.fundacionnaturgy.org\/ca\/wp-json\/wp\/v2\/pages"}],"about":[{"href":"https:\/\/www.fundacionnaturgy.org\/ca\/wp-json\/wp\/v2\/types\/page"}],"author":[{"embeddable":true,"href":"https:\/\/www.fundacionnaturgy.org\/ca\/wp-json\/wp\/v2\/users\/1454"}],"replies":[{"embeddable":true,"href":"https:\/\/www.fundacionnaturgy.org\/ca\/wp-json\/wp\/v2\/comments?post=92555"}],"version-history":[{"count":10,"href":"https:\/\/www.fundacionnaturgy.org\/ca\/wp-json\/wp\/v2\/pages\/92555\/revisions"}],"predecessor-version":[{"id":94205,"href":"https:\/\/www.fundacionnaturgy.org\/ca\/wp-json\/wp\/v2\/pages\/92555\/revisions\/94205"}],"up":[{"embeddable":true,"href":"https:\/\/www.fundacionnaturgy.org\/ca\/wp-json\/wp\/v2\/pages\/84474"}],"wp:attachment":[{"href":"https:\/\/www.fundacionnaturgy.org\/ca\/wp-json\/wp\/v2\/media?parent=92555"}],"wp:term":[{"taxonomy":"category","embeddable":true,"href":"https:\/\/www.fundacionnaturgy.org\/ca\/wp-json\/wp\/v2\/categories?post=92555"}],"curies":[{"name":"wp","href":"https:\/\/api.w.org\/{rel}","templated":true}]}}