{"id":92829,"date":"2025-06-13T14:49:16","date_gmt":"2025-06-13T12:49:16","guid":{"rendered":"https:\/\/www.fundacionnaturgy.org\/premio-a-la-mejor-iniciativa-social-en-el-ambito-energetico\/vi-edicio-del-premi-a-la-millor-iniciativa-social-en-lambit-energetic\/"},"modified":"2025-07-02T12:14:12","modified_gmt":"2025-07-02T10:14:12","slug":"vi-edicio-del-premi-a-la-millor-iniciativa-social-en-lambit-energetic","status":"publish","type":"page","link":"https:\/\/www.fundacionnaturgy.org\/ca\/premio-a-la-mejor-iniciativa-social-en-el-ambito-energetico\/vi-edicio-del-premi-a-la-millor-iniciativa-social-en-lambit-energetic\/","title":{"rendered":"VI edici\u00f3 del Premi a la millor iniciativa social en l\u2019\u00e0mbit energ\u00e8tic"},"content":{"rendered":"<p>[vc_row][vc_column][vc_column_text]<\/p>\n<h2 style=\"text-align: left;\"><strong>Guanyadors\u00a06\u00aa edici\u00f3<\/strong><\/h2>\n<p>[\/vc_column_text][\/vc_column][\/vc_row][vc_row][vc_column width=&#8221;1\/2&#8243;][vc_column_text]<\/p>\n<h2 style=\"text-align: left;\"><strong>Primer premi<\/strong><\/h2>\n<p>[\/vc_column_text][vc_column_text]<a href=\"https:\/\/provivienda.org\/\"><strong>Provivienda:<\/strong><\/a><a href=\"https:\/\/provivienda.org\/\"> Solucions per a l\u2019estalvi energ\u00e8tic a la llar<\/a><\/p>\n<p>El projecte persegueix millorar l\u2019acc\u00e9s a l\u2019energia de les llars m\u00e9s vulnerables i reduir la pobresa energ\u00e8tica. Les accions plantejades per aconseguir-ho s\u00f3n: diagn\u00f2stic de les necessitats energ\u00e8tiques de les llars i posada en pr\u00e0ctica de mesures per optimitzar-ne l\u2019efici\u00e8ncia; formaci\u00f3 en h\u00e0bits de consum, m\u00e8todes d\u2019estalvi d\u2019energia i millora del confort, i tamb\u00e9 comprensi\u00f3 i optimitzaci\u00f3 de les factures de subministraments, acc\u00e9s al bo social el\u00e8ctric i assessorament legal en mat\u00e8ria de consum energ\u00e8tic.[\/vc_column_text][vc_video link=&#8221;https:\/\/youtu.be\/sQqzSDbeLiU&#8221;][\/vc_column][vc_column width=&#8221;1\/2&#8243;][vc_column_text]<\/p>\n<h2 style=\"text-align: left;\"><strong>Acc\u00e8ssit<\/strong><\/h2>\n<p>[\/vc_column_text][vc_column_text]<a href=\"https:\/\/tomillo.org\/\"><strong>Fundaci\u00f3 Tomillo:\u00a0<\/strong><\/a><a href=\"https:\/\/tomillo.org\/\">Joves<\/a><a href=\"https:\/\/tomillo.org\/\"> vulnerables, agents de canvi social<\/a><\/p>\n<p>Amb l\u2019objectiu d\u2019incrementar l\u2019ocupabilitat juvenil i la sostenibilitat energ\u00e8tica a les llars, amb solucions en xarxa, la Fundaci\u00f3 Tomillo desenvolupa aquest projecte d\u2019efici\u00e8ncia energ\u00e8tica per promoure l\u2019estalvi energ\u00e8tic, formar per donar oportunitat d\u2019ocupaci\u00f3 i prevenir riscos el\u00e8ctrics en llars vulnerables. Un cop rebuda la formaci\u00f3 te\u00f2rica, els mateixos alumnes fan la part pr\u00e0ctica amb fam\u00edlies amb dificultats socioecon\u00f2miques, mitjan\u00e7ant l\u2019execuci\u00f3 d\u2019auditories i tasques de sensibilitzaci\u00f3.[\/vc_column_text][vc_video link=&#8221;https:\/\/youtu.be\/_tIewAu1fhk&#8221;][\/vc_column][\/vc_row][vc_row][vc_column width=&#8221;1\/2&#8243;][vc_column_text]<\/p>\n<h2 style=\"text-align: left;\"><strong>Veure el resum de la gala<\/strong><\/h2>\n<p>[\/vc_column_text][vc_video link=&#8221;https:\/\/youtu.be\/XhsgB6wMMtY&#8221;][\/vc_column][vc_column width=&#8221;1\/2&#8243; offset=&#8221;vc_hidden-lg vc_hidden-md vc_hidden-sm vc_hidden-xs&#8221;][vc_column_text]<\/p>\n<h2 style=\"text-align: left;\"><strong>Veure el v\u00eddeo de la gala final<\/strong><\/h2>\n<p>[\/vc_column_text][vc_video link=&#8221;https:\/\/youtu.be\/w31pQYD2lf0&#8243;][\/vc_column][\/vc_row][vc_row][vc_column][vc_column_text]<\/p>\n<h2 style=\"text-align: left;\"><strong>La gala en imatges<\/strong><\/h2>\n<p>[\/vc_column_text][vc_images_carousel images=&#8221;92688,92679,92671,92714,92711,92708,92705&#8243; img_size=&#8221;full&#8221; speed=&#8221;3000&#8243; autoplay=&#8221;yes&#8221; wrap=&#8221;yes&#8221;][\/vc_column][\/vc_row][vc_row][vc_column][vc_empty_space][\/vc_column][\/vc_row][vc_row][vc_column][vc_column_text]<\/p>\n<h2 style=\"text-align: left;\"><strong>Veure els projectes finalistes i participants<\/strong><\/h2>\n<p>[\/vc_column_text][\/vc_column][\/vc_row][vc_row][vc_column][vc_tta_tabs][vc_tta_section title=&#8221;Finalistes&#8221; tab_id=&#8221;1626695018390-015280b3-cdd7&#8243;][vc_row_inner][vc_column_inner width=&#8221;1\/4&#8243;][vc_single_image image=&#8221;92635&#8243; img_size=&#8221;full&#8221;][vc_column_text]<a href=\"https:\/\/social.arquia.com\/es-es\/organizaciones-ayudasocial\/arquiabienestar\/\" target=\"_blank\" rel=\"noopener\"><span data-teams=\"true\"><strong>Fundaci\u00f3 Arquia:<\/strong>\u00a0Arquia \/ Benestar<\/span><\/a><\/p>\n<p>El projecte facilita l\u2019acc\u00e9s a un habitatge digne per a persones en risc d\u2019exclusi\u00f3, dependents o pacients en tractament, promovent la seva qualitat de vida i benestar emocional; i en millora l\u2019habitabilitat. Amb la col\u00b7laboraci\u00f3 d\u2019organitzacions, fan reformes sostenibles transformant vides, i que prioritzen l\u2019efici\u00e8ncia energ\u00e8tica i l\u2019optimitzaci\u00f3 dels recursos. Les actuacions donen prefer\u00e8ncia a l\u2019efici\u00e8ncia energ\u00e8tica de l\u2019edificaci\u00f3, cosa que permet reduir les despeses en subministraments de les fam\u00edlies i augmentar el seu benestar.[\/vc_column_text][\/vc_column_inner][vc_column_inner width=&#8221;1\/4&#8243;][vc_single_image image=&#8221;89330&#8243; img_size=&#8221;full&#8221;][vc_column_text]<a href=\"https:\/\/www.konectafoundation.org\/\"><strong>Konecta Foundation:<\/strong><\/a><a href=\"https:\/\/www.konectafoundation.org\/\">Hub Ocupaci\u00f3 Verda per a persones vulnerables<\/a><\/p>\n<p>L\u2019objectiu principal \u00e9s impulsar oportunitats d\u2019ocupaci\u00f3 en l\u2019economia verda, incloses les energies renovables, especialment per a joves i persones vulnerables, i millorar la seva ocupabilitat a trav\u00e9s de formaci\u00f3 i qualificaci\u00f3 tant en empreses per compte d\u2019altri com potenciant aquells que vulguin emprendre un negoci propi. Alhora, fomenten la recerca i la generaci\u00f3 de coneixement en la mat\u00e8ria a trav\u00e9s de reptes sostenibles que plantegen als diferents col\u00b7laboradors del projecte.[\/vc_column_text][\/vc_column_inner][vc_column_inner width=&#8221;1\/4&#8243;][vc_single_image image=&#8221;92632&#8243; img_size=&#8221;full&#8221;][vc_column_text]<a href=\"https:\/\/habitatgesocial.org\/es\/volvemos-al-ishf\/\" target=\"_blank\" rel=\"noopener\"><span data-teams=\"true\"><strong>Fundaci\u00f3 Habitatge Social:<\/strong> Projecte Prometeu<\/span><\/a><\/p>\n<p>La iniciativa t\u00e9 com a finalitat reduir la incid\u00e8ncia de la pobresa energ\u00e8tica en les fam\u00edlies llogateres de pisos socials. \u00c9s dirigida a fam\u00edlies sense llar, amb especial atenci\u00f3 a les que tenen menors a c\u00e0rrec, amb discapacitat i monoparentals. Vol garantir recursos, formaci\u00f3 i capacitaci\u00f3 per a les fam\u00edlies llogateres i minimitzar l\u2019impacte de la pobresa energ\u00e8tica. A m\u00e9s, tracta de garantir que els habitatges compleixin els est\u00e0ndards d\u2019efici\u00e8ncia energ\u00e8tica i donin resposta als efectes del canvi clim\u00e0tic a trav\u00e9s de la sensoritzaci\u00f3, l\u2019an\u00e0lisi de dades i les intervencions arquitect\u00f2niques.[\/vc_column_text][\/vc_column_inner][vc_column_inner width=&#8221;1\/4&#8243;][vc_single_image image=&#8221;89333&#8243; img_size=&#8221;full&#8221;][vc_column_text]<strong><a href=\"https:\/\/www.integrapirineus.com\" target=\"_blank\" rel=\"noopener\">Fundaci\u00f3 Privada Integra Pirineus<\/a>:<\/strong> <a href=\"https:\/\/www.integrapirineus.com\/es\/biomassa\/\" target=\"_blank\" rel=\"noopener\">Donem Vida al Bosc<\/a><\/p>\n<p>Donem vida al bosc es desenvolupa mitjan\u00e7ant els treballs en gesti\u00f3 forestal sostenible als boscos del Pirineu i l\u2019aprofitament de la fusta que se n\u2019extreu per a la producci\u00f3 de biomassa forestal (estella), la qual es ven com a energia verda per a grans calderes del territori (ajuntaments, hospitals, hotels, etc.). Aix\u00f2 crea ocupaci\u00f3 per a persones en situaci\u00f3 de vulnerabilitat o risc d\u2019exclusi\u00f3, amb una atenci\u00f3 especial a les persones amb discapacitat intel\u00b7lectual o trastorn de la salut mental.[\/vc_column_text][\/vc_column_inner][\/vc_row_inner][vc_row_inner][vc_column_inner width=&#8221;1\/4&#8243;][vc_single_image image=&#8221;89336&#8243; img_size=&#8221;full&#8221;][vc_column_text]<a href=\"https:\/\/www.generames.com\/\"><strong>Generam\u00e9s<\/strong><\/a><strong>:<\/strong>\u00a0<a href=\"https:\/\/www.generames.com\/\">Projecte Generam\u00e9s: energia neta i inserci\u00f3 social<\/a><\/p>\n<p>Gr\u00e0cies a aquesta iniciativa, les persones en risc d\u2019exclusi\u00f3 social reben formaci\u00f3 en especialitats com la fotovoltaica, els punts de rec\u00e0rrega i l\u2019aerot\u00e8rmia. Despr\u00e9s, s\u2019incorporen a Generam\u00e9s amb contractes d\u2019inserci\u00f3, per aconseguir aprenentatge pr\u00e0ctic i millorar les seves qualitats personals i professionals. S\u2019organitzen per brigades que treballen tant per al sector privat (residencial, industrial) com per al p\u00fablic, a trav\u00e9s de concursos p\u00fablics.[\/vc_column_text][\/vc_column_inner][vc_column_inner width=&#8221;1\/4&#8243;][vc_single_image image=&#8221;92645&#8243; img_size=&#8221;full&#8221;][vc_column_text]<a href=\"https:\/\/vigilantsdelacalor.institutmetropoli.cat\/\"><strong>Institut Metr\u00f2poli:<\/strong><\/a><a href=\"https:\/\/vigilantsdelacalor.institutmetropoli.cat\/\">\u00a0Vigilants de la calor<\/a><\/p>\n<p>T\u00e9 com a finalitat informar i millorar les pol\u00edtiques p\u00fabliques d\u2019adaptaci\u00f3 al canvi clim\u00e0tic i, espec\u00edficament, originar noves dades sobre el (des)confort t\u00e8rmic a l\u2019interior dels habitatges amb infants localitzats en zones vulnerables amb m\u00e9s risc de patir pobresa energ\u00e8tica. El projecte contribueix a sensibilitzar l\u2019alumnat i la comunitat educativa respecte als impactes locals del canvi clim\u00e0tic, els h\u00e0bits energ\u00e8tics i el codisseny de propostes.[\/vc_column_text][\/vc_column_inner][vc_column_inner width=&#8221;1\/4&#8243;][vc_single_image image=&#8221;89340&#8243; img_size=&#8221;full&#8221;][vc_column_text]<a href=\"https:\/\/proyectoconfianza.es\/\" target=\"_blank\" rel=\"noopener\"><strong>Mohammad Nazrul Chowdhury Begum:<\/strong> Projecte Confian\u00e7a<\/a><\/p>\n<p>Projecte Confian\u00e7a \u00e9s una iniciativa per donar suport de manera global a persones en vulnerabilitat extrema, amb un enfocament escalable i adaptable. A trav\u00e9s de grups i reunions quinzenals, fomenta sinergies amb diverses institucions i xarxes de suport, i ofereix eines pr\u00e0ctiques, capacitaci\u00f3, assessorament energ\u00e8tic i acc\u00e9s a recursos econ\u00f2mics. Inclou tamb\u00e9 formaci\u00f3 i acompanyament en temes d\u2019energia i efici\u00e8ncia energ\u00e8tica, aix\u00ed com rehabilitacions energ\u00e8tiques en alguns habitatges dels seus usuaris. Tot aix\u00f2, permet als beneficiaris avan\u00e7ar amb autonomia cap als seus objectius.[\/vc_column_text][\/vc_column_inner][vc_column_inner width=&#8221;1\/4&#8243;][vc_single_image image=&#8221;92642&#8243; img_size=&#8221;full&#8221;][vc_column_text]<a href=\"https:\/\/www.socaire.es\/ventanilla-energetica-socaire\/\" target=\"_blank\" rel=\"noopener\"><span data-teams=\"true\"><strong>Socaire:<\/strong> Finestreta Energ\u00e8tica<\/span><\/a><\/p>\n<p>La iniciativa articula una xarxa de punts d\u2019assessorament en mat\u00e8ria de consum i drets energ\u00e8tics, coordinadament amb organitzacions socials locals (p\u00fabliques i privades) a Madrid. Es dirigeix als col\u00b7lectius en situacions m\u00e9s vulnerables i presta una atenci\u00f3 especial a les persones grans soles, les fam\u00edlies monoparentals i els migrants. El 2019, es va posar en marxa una FE a Vallecas, el 2022, una a Villaverde, i per al 2025, es preveu que se n\u2019obrin dues m\u00e9s a Moratalaz i Usera.[\/vc_column_text][\/vc_column_inner][\/vc_row_inner][vc_row_inner][vc_column_inner width=&#8221;1\/4&#8243;][\/vc_column_inner][vc_column_inner width=&#8221;1\/4&#8243;][\/vc_column_inner][vc_column_inner width=&#8221;1\/4&#8243;][\/vc_column_inner][vc_column_inner width=&#8221;1\/4&#8243;][\/vc_column_inner][\/vc_row_inner][\/vc_tta_section][vc_tta_section title=&#8221;Participants&#8221; tab_id=&#8221;1715850750695-7b406c49-177b&#8221;][vc_single_image image=&#8221;92663&#8243; img_size=&#8221;full&#8221;][\/vc_tta_section][\/vc_tta_tabs][\/vc_column][\/vc_row][vc_row][vc_column offset=&#8221;vc_hidden-lg vc_hidden-md vc_hidden-sm vc_hidden-xs&#8221;][vc_separator color=&#8221;white&#8221;][vc_row_inner][vc_column_inner width=&#8221;1\/2&#8243;][vc_column_text]Tras el \u00e9xito de las anteriores convocatorias, Fundaci\u00f3n Naturgy lanza la<strong> IV edici\u00f3n del \u2018Premio a la mejor iniciativa social en el \u00e1mbito energ\u00e9tico\u2019<\/strong>.<\/p>\n<p>Queremos dar visibilidad a aquellas <strong>personas, entidades o instituciones que destacan en el \u00e1mbito social vinculado, directa o indirectamente, a la energ\u00eda<\/strong>, y ayudar a financiar iniciativas en este \u00e1mbito para mejorar la calidad de vida de las personas m\u00e1s vulnerables.<\/p>\n<p>Buscamos <strong>proyectos desarrollados en Espa\u00f1a <\/strong>que est\u00e9n relacionados con la energ\u00eda, que tengan un fin social claro y que ayuden a los que m\u00e1s lo necesitan a mejorar sus condiciones de vida: proyectos educativos, de vulnerabilidad energ\u00e9tica, de emprendimiento, de inclusi\u00f3n social, de salud, ambientales, relacionados con la econom\u00eda circular\u2026<\/p>\n<p>Es importante que las iniciativas presentadas <strong>est\u00e9n en marcha o ya concluidas<\/strong>. El importe \u00edntegro del reconocimiento deber\u00e1 ser destinado a proyectos sociales que promuevan la mejora de las condiciones de los colectivos vulnerables en temas relacionados con la energ\u00eda.<\/p>\n<p>Este premio forma parte de la l\u00ednea de acci\u00f3n social de Fundaci\u00f3n Naturgy, en su vocaci\u00f3n por desarrollar actuaciones destinadas a paliar la vulnerabilidad energ\u00e9tica.[\/vc_column_text][\/vc_column_inner][vc_column_inner width=&#8221;1\/2&#8243;]<div class=\"gnf-lista-iconos\"><ul class=\"gnf-lista\"><li><div class=\"gnf-lista-iconos__icono left \"><div class=\"icon-outer icon-style-\" style=\"background-color:\"><span class=\"fa fa-gift\"><\/span><\/div><\/div><div class=\"gnf-lista-iconos__texto left\"><h5>\u00bfCu\u00e1l es el premio?<\/h5>El premio estar\u00e1 dotado con <strong>60.000 euros<\/strong>, y adem\u00e1s se otorgar\u00e1 un acc\u00e9sit de <strong>30.000 euros<\/strong>. Los importes ser\u00e1n destinados a las iniciativas sociales de los ganadores.<\/div><\/li><li><div class=\"gnf-lista-iconos__icono left \"><div class=\"icon-outer icon-style-\" style=\"background-color:\"><span class=\"fa fa-users\"><\/span><\/div><\/div><div class=\"gnf-lista-iconos__texto left\"><h5>\u00bfQui\u00e9n puede participar?<\/h5>Todas aquellas <strong>personas f\u00edsicas o jur\u00eddicas<\/strong> que, con su trabajo, generen<strong> mejoras en las condiciones sociales de los colectivos m\u00e1s desfavorecidos <\/strong>con actuaciones vinculadas, directa o indirectamente, al<strong> \u00e1mbito de la energ\u00eda<\/strong>.<\/div><\/li><li><div class=\"gnf-lista-iconos__icono left \"><div class=\"icon-outer icon-style-\" style=\"background-color:\"><span class=\"fa fa-calendar\"><\/span><\/div><\/div><div class=\"gnf-lista-iconos__texto left\"><h5>\u00bfHasta cu\u00e1ndo puedo presentarme?<\/h5><strong>Cerrado el plazo de inscripci\u00f3n.<\/strong><\/div><\/li><\/ul><\/div>[\/vc_column_inner][\/vc_row_inner][\/vc_column][\/vc_row]<\/p>\n","protected":false},"excerpt":{"rendered":"<p>[vc_row][vc_column][vc_column_text] Guanyadors\u00a06\u00aa edici\u00f3 [\/vc_column_text][\/vc_column][\/vc_row][vc_row][vc_column width=&#8221;1\/2&#8243;][vc_column_text] Primer premi [\/vc_column_text][vc_column_text]Provivienda: Solucions per a l\u2019estalvi energ\u00e8tic a la llar El projecte persegueix millorar l\u2019acc\u00e9s a l\u2019energia de les llars m\u00e9s vulnerables i reduir<span class=\"more-link\"><a href=\"https:\/\/www.fundacionnaturgy.org\/ca\/premio-a-la-mejor-iniciativa-social-en-el-ambito-energetico\/vi-edicio-del-premi-a-la-millor-iniciativa-social-en-lambit-energetic\/\">Llegir m\u00e9s<\/a><\/span><\/p>\n","protected":false},"author":1454,"featured_media":0,"parent":76764,"menu_order":0,"comment_status":"closed","ping_status":"closed","template":"templates\/full-width.php","meta":{"inline_featured_image":false},"categories":[],"acf":[],"_links":{"self":[{"href":"https:\/\/www.fundacionnaturgy.org\/ca\/wp-json\/wp\/v2\/pages\/92829"}],"collection":[{"href":"https:\/\/www.fundacionnaturgy.org\/ca\/wp-json\/wp\/v2\/pages"}],"about":[{"href":"https:\/\/www.fundacionnaturgy.org\/ca\/wp-json\/wp\/v2\/types\/page"}],"author":[{"embeddable":true,"href":"https:\/\/www.fundacionnaturgy.org\/ca\/wp-json\/wp\/v2\/users\/1454"}],"replies":[{"embeddable":true,"href":"https:\/\/www.fundacionnaturgy.org\/ca\/wp-json\/wp\/v2\/comments?post=92829"}],"version-history":[{"count":3,"href":"https:\/\/www.fundacionnaturgy.org\/ca\/wp-json\/wp\/v2\/pages\/92829\/revisions"}],"predecessor-version":[{"id":92832,"href":"https:\/\/www.fundacionnaturgy.org\/ca\/wp-json\/wp\/v2\/pages\/92829\/revisions\/92832"}],"up":[{"embeddable":true,"href":"https:\/\/www.fundacionnaturgy.org\/ca\/wp-json\/wp\/v2\/pages\/76764"}],"wp:attachment":[{"href":"https:\/\/www.fundacionnaturgy.org\/ca\/wp-json\/wp\/v2\/media?parent=92829"}],"wp:term":[{"taxonomy":"category","embeddable":true,"href":"https:\/\/www.fundacionnaturgy.org\/ca\/wp-json\/wp\/v2\/categories?post=92829"}],"curies":[{"name":"wp","href":"https:\/\/api.w.org\/{rel}","templated":true}]}}