{"id":93094,"date":"2025-07-07T21:21:44","date_gmt":"2025-07-07T19:21:44","guid":{"rendered":"https:\/\/www.fundacionnaturgy.org\/compromis-amb-valencia\/"},"modified":"2026-02-19T11:30:28","modified_gmt":"2026-02-19T10:30:28","slug":"sumant-energies-per-valencia","status":"publish","type":"page","link":"https:\/\/www.fundacionnaturgy.org\/ca\/sumant-energies-per-valencia\/","title":{"rendered":"Sumant Energies per Val\u00e8ncia"},"content":{"rendered":"<p>[vc_row][vc_column]\n\t\t\t<!-- START Slider Dana_CA REVOLUTION SLIDER 6.5.19 --><p class=\"rs-p-wp-fix\"><\/p>\n\t\t\t<rs-module-wrap id=\"rev_slider_85_1_wrapper\" data-source=\"gallery\" style=\"visibility:hidden;background:transparent;padding:0;margin:0px auto;margin-top:0;margin-bottom:0;\">\n\t\t\t\t<rs-module id=\"rev_slider_85_1\" style=\"\" data-version=\"6.5.19\">\n\t\t\t\t\t<rs-slides>\n\t\t\t\t\t\t<rs-slide style=\"position: absolute;\" data-key=\"rs-323\" data-title=\"Slide\" data-anim=\"ms:80;\" data-in=\"o:0;\" data-out=\"a:false;\">\n\t\t\t\t\t\t\t<img src=\"\/\/www.fundacionnaturgy.org\/wp-content\/plugins\/revslider\/public\/assets\/assets\/dummy.png\" alt=\"Slide\" title=\"Sumant Energies per Val\u00e8ncia\" class=\"rev-slidebg tp-rs-img rs-lazyload\" data-lazyload=\"\/\/www.fundacionnaturgy.org\/wp-content\/plugins\/revslider\/public\/assets\/assets\/transparent.png\" data-bg=\"c:#f4f4f2;\" data-no-retina>\n<!--\n\t\t\t\t\t\t\t--><rs-layer\n\t\t\t\t\t\t\t\tid=\"slider-85-slide-323-layer-1\" \n\t\t\t\t\t\t\t\tdata-type=\"image\"\n\t\t\t\t\t\t\t\tdata-rsp_ch=\"on\"\n\t\t\t\t\t\t\t\tdata-xy=\"x:c;xo:240px,240px,183px,0;y:b;\"\n\t\t\t\t\t\t\t\tdata-text=\"w:normal;s:20,20,15,7;l:0,0,19,9;\"\n\t\t\t\t\t\t\t\tdata-dim=\"w:850px,850px,620px,437px;h:567px,567px,413px,291px;\"\n\t\t\t\t\t\t\t\tdata-frame_0=\"rX:70deg;oZ:-50;\"\n\t\t\t\t\t\t\t\tdata-frame_1=\"oZ:-50;e:power4.inOut;st:610;sp:1260;sR:610;\"\n\t\t\t\t\t\t\t\tdata-frame_999=\"o:0;st:w;sR:7130;\"\n\t\t\t\t\t\t\t\tstyle=\"z-index:10;\"\n\t\t\t\t\t\t\t><img src=\"\/\/www.fundacionnaturgy.org\/wp-content\/plugins\/revslider\/public\/assets\/assets\/dummy.png\" alt=\"\" class=\"tp-rs-img rs-lazyload\" width=\"1200\" height=\"800\" data-lazyload=\"\/\/www.fundacionnaturgy.org\/wp-content\/uploads\/2025\/07\/Ilustracio\u0301n_general.png\" data-no-retina> \n\t\t\t\t\t\t\t<\/rs-layer><!--\n\n\t\t\t\t\t\t\t--><rs-layer\n\t\t\t\t\t\t\t\tid=\"slider-85-slide-323-layer-2\" \n\t\t\t\t\t\t\t\tdata-type=\"text\"\n\t\t\t\t\t\t\t\tdata-rsp_ch=\"on\"\n\t\t\t\t\t\t\t\tdata-xy=\"x:l,l,l,c;y:m,m,m,t;yo:0,0,0,59px;\"\n\t\t\t\t\t\t\t\tdata-text=\"w:normal;s:32,32,26,26;l:34,34,30,30;fw:300;a:left,left,left,center;\"\n\t\t\t\t\t\t\t\tdata-dim=\"w:360px,360px,274px,330px;\"\n\t\t\t\t\t\t\t\tdata-frame_1=\"st:1010;sp:850;sR:1010;\"\n\t\t\t\t\t\t\t\tdata-frame_999=\"o:0;st:w;sR:7140;\"\n\t\t\t\t\t\t\t\tstyle=\"z-index:11;font-family:'FS Emeric';\"\n\t\t\t\t\t\t\t>Treballem per donar suport a la recuperaci\u00f3 de les zones afectades per la DANA a la Comunitat Valenciana \n\t\t\t\t\t\t\t<\/rs-layer><!--\n\n\t\t\t\t\t\t\t--><rs-layer\n\t\t\t\t\t\t\t\tid=\"slider-85-slide-323-layer-3\" \n\t\t\t\t\t\t\t\tdata-type=\"shape\"\n\t\t\t\t\t\t\t\tdata-rsp_ch=\"on\"\n\t\t\t\t\t\t\t\tdata-xy=\"x:r,r,r,c;xo:486px,486px,370px,0;y:m,m,m,t;\"\n\t\t\t\t\t\t\t\tdata-text=\"w:normal;s:20,20,15,7;l:0,0,19,9;\"\n\t\t\t\t\t\t\t\tdata-dim=\"w:1500px,1500px,1144px,500px;h:740px,600px,500px,250px;\"\n\t\t\t\t\t\t\t\tdata-frame_0=\"x:-175%;o:1;\"\n\t\t\t\t\t\t\t\tdata-frame_0_mask=\"u:t;x:100%;\"\n\t\t\t\t\t\t\t\tdata-frame_1=\"e:power3.out;sp:1000;\"\n\t\t\t\t\t\t\t\tdata-frame_1_mask=\"u:t;\"\n\t\t\t\t\t\t\t\tdata-frame_999=\"o:0;st:w;sR:8000;\"\n\t\t\t\t\t\t\t\tstyle=\"z-index:8;background-color:rgba(0,69,113,0.85);\"\n\t\t\t\t\t\t\t> \n\t\t\t\t\t\t\t<\/rs-layer><!--\n-->\t\t\t\t\t\t<\/rs-slide>\n\t\t\t\t\t<\/rs-slides>\n\t\t\t\t<\/rs-module>\n\t\t\t\t<script>\n\t\t\t\t\tsetREVStartSize({c: 'rev_slider_85_1',rl:[1240,1024,778,480],el:[600,600,450,500],gw:[970,970,740,380],gh:[600,600,450,500],type:'standard',justify:'',layout:'fullwidth',mh:\"0\"});if (window.RS_MODULES!==undefined && window.RS_MODULES.modules!==undefined && window.RS_MODULES.modules[\"revslider851\"]!==undefined) {window.RS_MODULES.modules[\"revslider851\"].once = false;window.revapi85 = undefined;if (window.RS_MODULES.checkMinimal!==undefined) window.RS_MODULES.checkMinimal()}\n\t\t\t\t<\/script>\n\t\t\t<\/rs-module-wrap>\n\t\t\t<!-- END REVOLUTION SLIDER -->\n[vc_empty_space][\/vc_column][\/vc_row][vc_row][vc_column][vc_custom_heading text=&#8221;<strong>Prop\u00f2sit<\/strong>&#8221; use_theme_fonts=&#8221;yes&#8221;][vc_empty_space][vc_column_text]<\/p>\n<h3>Fundaci\u00f3 Naturgy ha preparat un pla d\u2019actuaci\u00f3 destinat a donar suport a la recuperaci\u00f3 de les zones afectades per la DANA a la Comunitat Valenciana.<\/h3>\n<p>[\/vc_column_text][vc_column_text]Aquest pla se suma a les accions que Naturgy* desplega al territori i planteja solucions que es basen en el coneixement i l\u2019experi\u00e8ncia que ha desenvolupat la Fundaci\u00f3 a trav\u00e9s de les seves diferents l\u00ednies d\u2019activitat, dins del seu objectiu de contribuir en la construcci\u00f3 d\u2019una societat resilient i sostenible.<\/p>\n<p>Per tant, les accions proposades inclouen mesures que consideren:<\/p>\n<ul>\n<li>L\u2019efici\u00e8ncia energ\u00e8tica.<\/li>\n<li>L\u2019\u00fas d\u2019energies renovables.<\/li>\n<li>La formaci\u00f3 per promoure l\u2019ocupabilitat en el sector energ\u00e8tic.<\/li>\n<li>El suport als centres educatius afectats, vinculant en aquest proc\u00e9s joves, docents i fam\u00edlies del seu entorn.<\/li>\n<li>L\u2019elaboraci\u00f3 d\u2019estudis, amb institucions de prestigi de la Comunitat Valenciana, per promoure el debat i incidir en aspectes que, arran de l\u2019emerg\u00e8ncia ocorreguda, mereixen una an\u00e0lisi particular.<\/li>\n<\/ul>\n<p>[\/vc_column_text][\/vc_column][\/vc_row][vc_row full_width=&#8221;stretch_row&#8221; css=&#8221;.vc_custom_1751916583450{background-color: #eceff4 !important;}&#8221;][vc_column][vc_custom_heading text=&#8221;<strong>Accions en diferents \u00e0rees<\/strong>&#8221; use_theme_fonts=&#8221;yes&#8221;][vc_empty_space][vc_column_text]Aquest enfocament global posiciona Naturgy i la Fundaci\u00f3 com a referents en la resposta a les necessitats de la societat i es fonamenta en aliances estrat\u00e8giques refor\u00e7ades pel seu lideratge en el desenvolupament d\u2019iniciatives vinculades a l\u2019energia, la sostenibilitat i el comprom\u00eds social.[\/vc_column_text][vc_row_inner equal_height=&#8221;yes&#8221; gap=&#8221;20&#8243;][vc_column_inner width=&#8221;1\/3&#8243; css=&#8221;.vc_custom_1751918801171{padding-bottom: 160px !important;background-color: #004571 !important;}&#8221;][vc_column_text]<\/p>\n<h4><span style=\"color: #ffffff;\"><strong><a href=\"https:\/\/www.fundacionnaturgy.org\/wp-content\/uploads\/2025\/07\/linea_naranja.png\"><img loading=\"lazy\" class=\"size-full wp-image-93009 alignleft\" src=\"https:\/\/www.fundacionnaturgy.org\/wp-content\/uploads\/2025\/07\/linea_naranja.png\" alt=\"\" width=\"30\" height=\"4\" \/><\/a><\/strong><\/span><\/h4>\n<p>&nbsp;<\/p>\n<h4><span style=\"color: #ffffff;\"><strong>Acci\u00f3<\/strong><\/span><br \/>\n<span style=\"color: #ffffff;\"><strong>social<\/strong><\/span><\/h4>\n<p><span style=\"color: #ffffff;\">Persones<\/span>[\/vc_column_text]<a class=\"gnf-boton claro left\" href=\"https:\/\/www.fundacionnaturgy.org\/ca\/eficiencia-energetica-dana\/\" title=\"\" target=\"_blank\">Veure m\u00e9s<\/a>[\/vc_column_inner][vc_column_inner width=&#8221;1\/3&#8243; css=&#8221;.vc_custom_1751918807610{padding-bottom: 40px !important;background-color: #004571 !important;}&#8221;][vc_column_text]<\/p>\n<h4><span style=\"color: #ffffff;\"><strong><a href=\"https:\/\/www.fundacionnaturgy.org\/wp-content\/uploads\/2025\/07\/linea_beig.png\"><img loading=\"lazy\" class=\"size-full wp-image-93013 alignleft\" src=\"https:\/\/www.fundacionnaturgy.org\/wp-content\/uploads\/2025\/07\/linea_beig.png\" alt=\"\" width=\"30\" height=\"4\" \/><\/a><\/strong><\/span><\/h4>\n<p>&nbsp;<\/p>\n<h4><span style=\"color: #ffffff;\"><strong>Educaci\u00f3 i <\/strong><\/span><br \/>\n<span style=\"color: #ffffff;\"><strong>divulgaci\u00f3<\/strong><\/span><\/h4>\n<p><span style=\"color: #ffffff;\">Ocupaci\u00f3<\/span>[\/vc_column_text]<a class=\"gnf-boton claro left\" href=\"https:\/\/www.fundacionnaturgy.org\/ca\/formacio-professionalitzadora\/\" title=\"\" target=\"_blank\">Veure m\u00e9s<\/a>[vc_empty_space][vc_empty_space][vc_column_text]<span style=\"color: #993366;\"><span style=\"color: #ffffff;\">Educaci\u00f3<\/span><\/span>[\/vc_column_text]<a class=\"gnf-boton claro left\" href=\"https:\/\/www.fundacionnaturgy.org\/ca\/acompanyament-a-centres-educatius\/\" title=\"\" target=\"_blank\">Veure m\u00e9s<\/a>[\/vc_column_inner][vc_column_inner width=&#8221;1\/3&#8243; css=&#8221;.vc_custom_1751918812737{padding-bottom: 160px !important;background-color: #004571 !important;}&#8221;][vc_column_text]<\/p>\n<h4><span style=\"color: #ffffff;\"><strong><a href=\"https:\/\/www.fundacionnaturgy.org\/wp-content\/uploads\/2025\/07\/linea_verde.png\"><img loading=\"lazy\" class=\"size-full wp-image-93006 alignleft\" src=\"https:\/\/www.fundacionnaturgy.org\/wp-content\/uploads\/2025\/07\/linea_verde.png\" alt=\"\" width=\"30\" height=\"4\" \/><\/a><\/strong><\/span><\/h4>\n<p>&nbsp;<\/p>\n<h4><strong><span style=\"color: #ffffff;\">Energia i <\/span><\/strong><br \/>\n<strong><span style=\"color: #ffffff;\">medi ambient<\/span><\/strong><\/h4>\n<p><span style=\"color: #ffffff;\">Medi ambient<\/span>[\/vc_column_text]<a class=\"gnf-boton claro left\" href=\"https:\/\/www.fundacionnaturgy.org\/ca\/publicacions-i-forums\/\" title=\"\" target=\"_blank\">Veure m\u00e9s<\/a>[\/vc_column_inner][\/vc_row_inner][vc_empty_space][vc_empty_space][vc_empty_space][\/vc_column][\/vc_row][vc_row][vc_column][vc_custom_heading text=&#8221;<strong>Zona prevista per cobrir<\/strong>&#8221; use_theme_fonts=&#8221;yes&#8221;][vc_empty_space][vc_single_image image=&#8221;93031&#8243; img_size=&#8221;full&#8221;][\/vc_column][\/vc_row]<\/p>\n","protected":false},"excerpt":{"rendered":"<p>[vc_row][vc_column][vc_empty_space][\/vc_column][\/vc_row][vc_row][vc_column][vc_custom_heading text=&#8221;Prop\u00f2sit&#8221; use_theme_fonts=&#8221;yes&#8221;][vc_empty_space][vc_column_text] Fundaci\u00f3 Naturgy ha preparat un pla d\u2019actuaci\u00f3 destinat a donar suport a la recuperaci\u00f3 de les zones afectades per la DANA a la Comunitat Valenciana. [\/vc_column_text][vc_column_text]Aquest pla<span class=\"more-link\"><a href=\"https:\/\/www.fundacionnaturgy.org\/ca\/sumant-energies-per-valencia\/\">Llegir m\u00e9s<\/a><\/span><\/p>\n","protected":false},"author":1454,"featured_media":0,"parent":0,"menu_order":0,"comment_status":"closed","ping_status":"closed","template":"templates\/full-width.php","meta":{"inline_featured_image":false},"categories":[],"acf":[],"_links":{"self":[{"href":"https:\/\/www.fundacionnaturgy.org\/ca\/wp-json\/wp\/v2\/pages\/93094"}],"collection":[{"href":"https:\/\/www.fundacionnaturgy.org\/ca\/wp-json\/wp\/v2\/pages"}],"about":[{"href":"https:\/\/www.fundacionnaturgy.org\/ca\/wp-json\/wp\/v2\/types\/page"}],"author":[{"embeddable":true,"href":"https:\/\/www.fundacionnaturgy.org\/ca\/wp-json\/wp\/v2\/users\/1454"}],"replies":[{"embeddable":true,"href":"https:\/\/www.fundacionnaturgy.org\/ca\/wp-json\/wp\/v2\/comments?post=93094"}],"version-history":[{"count":11,"href":"https:\/\/www.fundacionnaturgy.org\/ca\/wp-json\/wp\/v2\/pages\/93094\/revisions"}],"predecessor-version":[{"id":94794,"href":"https:\/\/www.fundacionnaturgy.org\/ca\/wp-json\/wp\/v2\/pages\/93094\/revisions\/94794"}],"wp:attachment":[{"href":"https:\/\/www.fundacionnaturgy.org\/ca\/wp-json\/wp\/v2\/media?parent=93094"}],"wp:term":[{"taxonomy":"category","embeddable":true,"href":"https:\/\/www.fundacionnaturgy.org\/ca\/wp-json\/wp\/v2\/categories?post=93094"}],"curies":[{"name":"wp","href":"https:\/\/api.w.org\/{rel}","templated":true}]}}