{"id":93801,"date":"2024-12-16T11:46:56","date_gmt":"2024-12-16T10:46:56","guid":{"rendered":"https:\/\/www.fundacionnaturgy.org\/campus-formatiu-fundacio-naturgy\/"},"modified":"2025-10-07T15:30:11","modified_gmt":"2025-10-07T13:30:11","slug":"campus-formatiu-fundacio-naturgy","status":"publish","type":"page","link":"https:\/\/www.fundacionnaturgy.org\/ca\/campus-formatiu-fundacio-naturgy\/","title":{"rendered":"Campus Formatiu Fundaci\u00f3 Naturgy"},"content":{"rendered":"<p>[vc_row][vc_column]\n\t\t\t<!-- START Campus_formativo_CA REVOLUTION SLIDER 6.5.19 --><p class=\"rs-p-wp-fix\"><\/p>\n\t\t\t<rs-module-wrap id=\"rev_slider_76_1_wrapper\" data-source=\"gallery\" style=\"visibility:hidden;background:transparent;padding:0;margin:0px auto;margin-top:0;margin-bottom:0;\">\n\t\t\t\t<rs-module id=\"rev_slider_76_1\" style=\"\" data-version=\"6.5.19\">\n\t\t\t\t\t<rs-slides>\n\t\t\t\t\t\t<rs-slide style=\"position: absolute;\" data-key=\"rs-295\" data-title=\"Slide\" data-anim=\"ms:200;\" data-in=\"o:0;\" data-out=\"a:false;\">\n\t\t\t\t\t\t\t<img src=\"\/\/www.fundacionnaturgy.org\/wp-content\/plugins\/revslider\/public\/assets\/assets\/dummy.png\" alt=\"Slide\" title=\"Campus Formatiu Fundaci\u00f3 Naturgy\" class=\"rev-slidebg tp-rs-img rs-lazyload\" data-lazyload=\"\/\/www.fundacionnaturgy.org\/wp-content\/plugins\/revslider\/public\/assets\/assets\/transparent.png\" data-bg=\"c:#f4f4f2;\" data-no-retina>\n<!--\n\t\t\t\t\t\t\t--><rs-layer\n\t\t\t\t\t\t\t\tid=\"slider-76-slide-295-layer-0\" \n\t\t\t\t\t\t\t\tdata-type=\"image\"\n\t\t\t\t\t\t\t\tdata-rsp_ch=\"on\"\n\t\t\t\t\t\t\t\tdata-xy=\"x:c;xo:229px,226px,174px,0;y:m;yo:0,3px,0,-112px;\"\n\t\t\t\t\t\t\t\tdata-text=\"w:normal;s:20,20,15,7;l:0,0,19,9;\"\n\t\t\t\t\t\t\t\tdata-dim=\"w:645px,625px,497px,303px;h:523px,507px,403px,246px;\"\n\t\t\t\t\t\t\t\tdata-frame_0=\"x:-50,-50,-38,-19;\"\n\t\t\t\t\t\t\t\tdata-frame_1=\"sp:1000;\"\n\t\t\t\t\t\t\t\tdata-frame_999=\"o:0;st:w;sR:2700;\"\n\t\t\t\t\t\t\t\tstyle=\"z-index:8;\"\n\t\t\t\t\t\t\t><img src=\"\/\/www.fundacionnaturgy.org\/wp-content\/plugins\/revslider\/public\/assets\/assets\/dummy.png\" alt=\"\" class=\"tp-rs-img rs-lazyload\" width=\"673\" height=\"546\" data-lazyload=\"\/\/www.fundacionnaturgy.org\/wp-content\/uploads\/2024\/12\/campus_01.png\" data-no-retina> \n\t\t\t\t\t\t\t<\/rs-layer><!--\n-->\t\t\t\t\t\t<\/rs-slide>\n\t\t\t\t\t\t<rs-slide style=\"position: absolute;\" data-key=\"rs-296\" data-title=\"Slide\" data-anim=\"ms:200;\" data-in=\"o:0;\" data-out=\"a:false;\">\n\t\t\t\t\t\t\t<img src=\"\/\/www.fundacionnaturgy.org\/wp-content\/plugins\/revslider\/public\/assets\/assets\/dummy.png\" alt=\"Slide\" title=\"Campus Formatiu Fundaci\u00f3 Naturgy\" class=\"rev-slidebg tp-rs-img rs-lazyload\" data-lazyload=\"\/\/www.fundacionnaturgy.org\/wp-content\/plugins\/revslider\/public\/assets\/assets\/transparent.png\" data-bg=\"c:#f4f4f2;\" data-no-retina>\n<!--\n\t\t\t\t\t\t\t--><rs-layer\n\t\t\t\t\t\t\t\tid=\"slider-76-slide-296-layer-0\" \n\t\t\t\t\t\t\t\tdata-type=\"image\"\n\t\t\t\t\t\t\t\tdata-rsp_ch=\"on\"\n\t\t\t\t\t\t\t\tdata-xy=\"x:c;xo:229px,223px,158px,0;y:m;yo:0,3px,0,-112px;\"\n\t\t\t\t\t\t\t\tdata-text=\"w:normal;s:20,20,15,7;l:0,0,19,9;\"\n\t\t\t\t\t\t\t\tdata-dim=\"w:645px,606px,458px,303px;h:523px,492px,372px,246px;\"\n\t\t\t\t\t\t\t\tdata-frame_0=\"x:-50,-50,-38,-19;\"\n\t\t\t\t\t\t\t\tdata-frame_1=\"sp:1000;\"\n\t\t\t\t\t\t\t\tdata-frame_999=\"o:0;st:w;sR:2700;\"\n\t\t\t\t\t\t\t\tstyle=\"z-index:8;\"\n\t\t\t\t\t\t\t><img src=\"\/\/www.fundacionnaturgy.org\/wp-content\/plugins\/revslider\/public\/assets\/assets\/dummy.png\" alt=\"\" class=\"tp-rs-img rs-lazyload\" width=\"673\" height=\"546\" data-lazyload=\"\/\/www.fundacionnaturgy.org\/wp-content\/uploads\/2024\/12\/campus_02.png\" data-no-retina> \n\t\t\t\t\t\t\t<\/rs-layer><!--\n-->\t\t\t\t\t\t<\/rs-slide>\n\t\t\t\t\t\t<rs-slide style=\"position: absolute;\" data-key=\"rs-297\" data-title=\"Slide\" data-anim=\"ms:200;\" data-in=\"o:0;\" data-out=\"a:false;\">\n\t\t\t\t\t\t\t<img src=\"\/\/www.fundacionnaturgy.org\/wp-content\/plugins\/revslider\/public\/assets\/assets\/dummy.png\" alt=\"Slide\" title=\"Campus Formatiu Fundaci\u00f3 Naturgy\" class=\"rev-slidebg tp-rs-img rs-lazyload\" data-lazyload=\"\/\/www.fundacionnaturgy.org\/wp-content\/plugins\/revslider\/public\/assets\/assets\/transparent.png\" data-bg=\"c:#f4f4f2;\" data-no-retina>\n<!--\n\t\t\t\t\t\t\t--><rs-layer\n\t\t\t\t\t\t\t\tid=\"slider-76-slide-297-layer-0\" \n\t\t\t\t\t\t\t\tdata-type=\"image\"\n\t\t\t\t\t\t\t\tdata-rsp_ch=\"on\"\n\t\t\t\t\t\t\t\tdata-xy=\"x:c;xo:199px,206px,134px,0;y:m;yo:0,3px,0,-112px;\"\n\t\t\t\t\t\t\t\tdata-text=\"w:normal;s:20,20,15,7;l:0,0,19,9;\"\n\t\t\t\t\t\t\t\tdata-dim=\"w:645px,625px,497px,303px;h:523px,507px,403px,246px;\"\n\t\t\t\t\t\t\t\tdata-frame_0=\"x:-50,-50,-38,-19;\"\n\t\t\t\t\t\t\t\tdata-frame_1=\"sp:1000;\"\n\t\t\t\t\t\t\t\tdata-frame_999=\"o:0;st:w;sR:2700;\"\n\t\t\t\t\t\t\t\tstyle=\"z-index:8;\"\n\t\t\t\t\t\t\t><img src=\"\/\/www.fundacionnaturgy.org\/wp-content\/plugins\/revslider\/public\/assets\/assets\/dummy.png\" alt=\"\" class=\"tp-rs-img rs-lazyload\" width=\"673\" height=\"546\" data-lazyload=\"\/\/www.fundacionnaturgy.org\/wp-content\/uploads\/2024\/12\/campus_03.png\" data-no-retina> \n\t\t\t\t\t\t\t<\/rs-layer><!--\n-->\t\t\t\t\t\t<\/rs-slide>\n\t\t\t\t\t\t<rs-slide style=\"position: absolute;\" data-key=\"rs-298\" data-title=\"Slide\" data-anim=\"ms:200;\" data-in=\"o:0;\" data-out=\"a:false;\">\n\t\t\t\t\t\t\t<img src=\"\/\/www.fundacionnaturgy.org\/wp-content\/plugins\/revslider\/public\/assets\/assets\/dummy.png\" alt=\"Slide\" title=\"Campus Formatiu Fundaci\u00f3 Naturgy\" class=\"rev-slidebg tp-rs-img rs-lazyload\" data-lazyload=\"\/\/www.fundacionnaturgy.org\/wp-content\/plugins\/revslider\/public\/assets\/assets\/transparent.png\" data-bg=\"c:#f4f4f2;\" data-no-retina>\n<!--\n\t\t\t\t\t\t\t--><rs-layer\n\t\t\t\t\t\t\t\tid=\"slider-76-slide-298-layer-0\" \n\t\t\t\t\t\t\t\tdata-type=\"image\"\n\t\t\t\t\t\t\t\tdata-rsp_ch=\"on\"\n\t\t\t\t\t\t\t\tdata-xy=\"x:c;xo:199px,206px,144px,0;y:m;yo:0,3px,0,-112px;\"\n\t\t\t\t\t\t\t\tdata-text=\"w:normal;s:20,20,15,7;l:0,0,19,9;\"\n\t\t\t\t\t\t\t\tdata-dim=\"w:645px,625px,497px,303px;h:523px,507px,403px,246px;\"\n\t\t\t\t\t\t\t\tdata-frame_0=\"x:-50,-50,-38,-19;\"\n\t\t\t\t\t\t\t\tdata-frame_1=\"sp:1000;\"\n\t\t\t\t\t\t\t\tdata-frame_999=\"o:0;st:w;sR:2700;\"\n\t\t\t\t\t\t\t\tstyle=\"z-index:8;\"\n\t\t\t\t\t\t\t><img src=\"\/\/www.fundacionnaturgy.org\/wp-content\/plugins\/revslider\/public\/assets\/assets\/dummy.png\" alt=\"\" class=\"tp-rs-img rs-lazyload\" width=\"673\" height=\"546\" data-lazyload=\"\/\/www.fundacionnaturgy.org\/wp-content\/uploads\/2024\/12\/campus_04.png\" data-no-retina> \n\t\t\t\t\t\t\t<\/rs-layer><!--\n-->\t\t\t\t\t\t<\/rs-slide>\n\t\t\t\t\t<\/rs-slides>\n\t\t\t\t\t<rs-static-layers><!--\n\n\t\t\t\t\t\t\t--><rs-layer\n\t\t\t\t\t\t\t\tid=\"slider-76-slide-63-layer-1\" \n\t\t\t\t\t\t\t\tclass=\"rs-layer-static\"\n\t\t\t\t\t\t\t\tdata-type=\"shape\"\n\t\t\t\t\t\t\t\tdata-rsp_ch=\"on\"\n\t\t\t\t\t\t\t\tdata-xy=\"x:l,l,l,c;xo:-706px,-664px,-502px,0;y:m,m,m,b;yo:1px,1px,0,-70px;\"\n\t\t\t\t\t\t\t\tdata-text=\"w:normal;s:20,20,15,7;l:0,0,19,9;\"\n\t\t\t\t\t\t\t\tdata-dim=\"w:1192px,1150px,873px,412px;h:604px,604px,460px,298px;\"\n\t\t\t\t\t\t\t\tdata-onslides=\"s:1;\"\n\t\t\t\t\t\t\t\tdata-frame_1=\"st:610;sR:610;\"\n\t\t\t\t\t\t\t\tdata-frame_999=\"o:0;st:w;sR:8090;\"\n\t\t\t\t\t\t\t\tstyle=\"z-index:8;background-color:rgba(0,69,113,0.85);\"\n\t\t\t\t\t\t\t> \n\t\t\t\t\t\t\t<\/rs-layer><!--\n\n\t\t\t\t\t\t\t--><a\n\t\t\t\t\t\t\t\tid=\"slider-76-slide-63-layer-3\" \n\t\t\t\t\t\t\t\tclass=\"rs-layer rev-btn rs-layer-static\"\n\t\t\t\t\t\t\t\thref=\"https:\/\/www.campusfundnaturgy.com\/\" target=\"_blank\" rel=\"noopener\"\n\t\t\t\t\t\t\t\tdata-type=\"button\"\n\t\t\t\t\t\t\t\tdata-color=\"#f4f7f9\"\n\t\t\t\t\t\t\t\tdata-rsp_ch=\"on\"\n\t\t\t\t\t\t\t\tdata-xy=\"x:l,l,l,c;xo:21px,61px,25px,0;y:t,t,t,m;yo:373px,389px,306px,197px;\"\n\t\t\t\t\t\t\t\tdata-text=\"w:normal;s:18,18,16,14;l:22,22,20,17;a:center;\"\n\t\t\t\t\t\t\t\tdata-dim=\"w:264,231px,188px,auto;h:51px,51px,auto,auto;minh:0,none,none,none;\"\n\t\t\t\t\t\t\t\tdata-onslides=\"s:1;\"\n\t\t\t\t\t\t\t\tdata-padding=\"t:15,15,11,10;r:30,30,23,20;b:15,15,11,10;l:30,30,23,20;\"\n\t\t\t\t\t\t\t\tdata-border=\"boc:#f4f7f9;bow:1px,1px,1px,1px;bor:100px,100px,100px,100px;\"\n\t\t\t\t\t\t\t\tdata-frame_999=\"o:0;st:w;\"\n\t\t\t\t\t\t\t\tdata-frame_hover=\"c:#fff;bgc:#0066cc;boc:#f4f7f9;bor:100px,100px,100px,100px;bos:none;bow:1px,1px,1px,1px;sp:200;e:power1.inOut;\"\n\t\t\t\t\t\t\t\tstyle=\"z-index:16;background-color:#023d62;font-family:'FS Emeric';\"\n\t\t\t\t\t\t\t><strong>Accedir al campus<\/strong> \n\t\t\t\t\t\t\t<\/a><!--\n\n\t\t\t\t\t\t\t--><rs-layer\n\t\t\t\t\t\t\t\tid=\"slider-76-slide-63-layer-4\" \n\t\t\t\t\t\t\t\tclass=\"rs-layer-static\"\n\t\t\t\t\t\t\t\tdata-type=\"text\"\n\t\t\t\t\t\t\t\tdata-rsp_ch=\"on\"\n\t\t\t\t\t\t\t\tdata-xy=\"xo:20px,60px,24px,24px;y:m;yo:-30px,-30px,-30px,109px;\"\n\t\t\t\t\t\t\t\tdata-text=\"w:normal,normal,normal,normal;s:28,28,24,18;l:32,32,28,22;a:left,left,left,center;\"\n\t\t\t\t\t\t\t\tdata-dim=\"w:426px,372px,318px,326.997px;\"\n\t\t\t\t\t\t\t\tdata-onslides=\"s:1;\"\n\t\t\t\t\t\t\t\tdata-frame_1=\"st:910;sR:910;\"\n\t\t\t\t\t\t\t\tdata-frame_999=\"o:0;st:w;sR:7790;\"\n\t\t\t\t\t\t\t\tstyle=\"z-index:13;font-family:'FS Emeric';\"\n\t\t\t\t\t\t\t>Descobreix els nostres recursos formatius en l\u00ednia, accessibles i actualitzats, que capaciten persones interessades a liderar el canvi cap a un futur sostenible. \n\t\t\t\t\t\t\t<\/rs-layer><!--\n\t\t\t\t\t--><\/rs-static-layers>\n\t\t\t\t<\/rs-module>\n\t\t\t\t<script>\n\t\t\t\t\tsetREVStartSize({c: 'rev_slider_76_1',rl:[1240,1024,778,480],el:[600,599,456,500],gw:[970,970,740,380],gh:[600,599,456,500],type:'standard',justify:'',layout:'fullwidth',mh:\"0\"});if (window.RS_MODULES!==undefined && window.RS_MODULES.modules!==undefined && window.RS_MODULES.modules[\"revslider761\"]!==undefined) {window.RS_MODULES.modules[\"revslider761\"].once = false;window.revapi76 = undefined;if (window.RS_MODULES.checkMinimal!==undefined) window.RS_MODULES.checkMinimal()}\n\t\t\t\t<\/script>\n\t\t\t<\/rs-module-wrap>\n\t\t\t<!-- END REVOLUTION SLIDER -->\n[\/vc_column][\/vc_row][vc_row][vc_column][vc_empty_space][vc_empty_space][vc_column_text]<\/p>\n<h4><strong>El Campus Formatiu Fundaci\u00f3 Naturgy \u00e9s una iniciativa dissenyada per oferir recursos formatius online, accessibles i actualitzats, que capaciten persones interessades a liderar el canvi cap a un futur sostenible.<\/strong><\/h4>\n<p>&nbsp;<\/p>\n<p><span style=\"color: #004571;\"><strong>En aquesta plataforma virtual trobar\u00e0s:<\/strong><\/span><\/p>\n<ul>\n<li>Cursos desenvolupats per experts del sector energ\u00e8tic.<\/li>\n<li>Materials teoricopr\u00e0ctics que complementen i reforcen l\u2019aprenentatge.<\/li>\n<li>Continguts centrats en energies renovables, transici\u00f3 energ\u00e8tica i sostenibilitat.<\/li>\n<\/ul>\n<p>[\/vc_column_text][\/vc_column][\/vc_row][vc_row css=&#8221;.vc_custom_1735302487331{padding-top: 15px !important;padding-right: 15px !important;padding-bottom: 15px !important;padding-left: 15px !important;background-color: #004571 !important;}&#8221;][vc_column][vc_column_text]<\/p>\n<h3><strong><span style=\"color: #ffffff;\">Objetivo<\/span><\/strong><\/h3>\n<p>&nbsp;<\/p>\n<h4><span style=\"color: #ffffff;\">Poner a tu alcance <strong>herramientas formativas pr\u00e1cticas y de calidad<\/strong> para adquirir los conocimientos necesarios que impulsen el cambio hacia un modelo energ\u00e9tico m\u00e1s sostenible.<\/span><\/h4>\n<p>[\/vc_column_text][\/vc_column][\/vc_row][vc_row][vc_column width=&#8221;1\/2&#8243;][vc_column_text]<\/p>\n<h3>Compet\u00e8ncies que desenvolupar\u00e0s<\/h3>\n<ul>\n<li>Entendre els reptes de la transici\u00f3 energ\u00e8tica i com abordar-los.<\/li>\n<li>Aplicar solucions sostenibles en projectes i activitats personals o professionals.<\/li>\n<li>Manejar conceptes t\u00e8cnics avan\u00e7ats sobre energies renovables.<\/li>\n<\/ul>\n<p>[\/vc_column_text][\/vc_column][vc_column width=&#8221;1\/2&#8243;][vc_column_text]<\/p>\n<h3>A qui s\u2019adre\u00e7a?<\/h3>\n<ul>\n<li>Estudiants, professionals i qualsevol persona interessada a entendre els fonaments de la sostenibilitat i les energies renovables.<\/li>\n<li>Els qui volen aplicar coneixements sobre energies renovables i transici\u00f3 energ\u00e8tica en la seva vida personal o professional.<\/li>\n<\/ul>\n<p>[\/vc_column_text][\/vc_column][\/vc_row][vc_row][vc_column width=&#8221;1\/2&#8243;][vc_column_text]<\/p>\n<h3>Contingut disponible a la plataforma<\/h3>\n<ol>\n<li><strong>Cursos <em>online<\/em>:<\/strong><\/li>\n<\/ol>\n<ul>\n<li><strong>Gasos renovables: tecnologies, usos i beneficis<\/strong><\/li>\n<li><strong>Sostenibilitat aplicada al sistema productiu<\/strong><\/li>\n<li><strong>Xarxes de gas verdes i digitals<\/strong><\/li>\n<li><strong>Digitalitzaci\u00f3 de xarxes el\u00e8ctriques<\/strong><\/li>\n<\/ul>\n<ol>\n<li><strong>Publicacions teoricopr\u00e0ctiques:<\/strong><\/li>\n<\/ol>\n<ul>\n<li><strong data-start=\"45\" data-end=\"97\">Gasos renovables: tecnologies, usos i beneficis.<\/strong><\/li>\n<li><strong data-start=\"100\" data-end=\"181\">Digitalitzaci\u00f3 de xarxes el\u00e8ctriques. Formaci\u00f3 per a un futur descarbonitzat.<\/strong><\/li>\n<li><strong data-start=\"184\" data-end=\"267\">M\u00f2dul professional de sostenibilitat aplicada al sistema productiu. Vol. 1 i 2.<\/strong><\/li>\n<li><strong data-start=\"270\" data-end=\"353\">Sistemes solars fotovoltaics d\u2019autoconsum. Disseny, instal\u00b7laci\u00f3 i manteniment.<\/strong><\/li>\n<\/ul>\n<p>Aquests materials complementaris reforcen l\u2019aprenentatge i ofereixen exemples reals i casos pr\u00e0ctics per aplicar els conceptes adquirits.[\/vc_column_text][\/vc_column][vc_column width=&#8221;1\/2&#8243;][vc_column_text]<\/p>\n<h3>Beneficis d&#8217;inscriure&#8217;t a la nostra plataforma<\/h3>\n<ul>\n<li>Formaci\u00f3 gratu\u00efta i amb diploma d\u2019aprofitament atorgat per Fundaci\u00f3 Naturgy.<\/li>\n<li>Acc\u00e9s flexible 24\/7<\/li>\n<li>Continguts desenvolupats per experts l\u00edders en el sector.<\/li>\n<li>Materials pr\u00e0ctics que fomenten l&#8217;aprenentatge aplicable.<\/li>\n<\/ul>\n<p>[\/vc_column_text][\/vc_column][\/vc_row][vc_row][vc_column width=&#8221;1\/2&#8243;]<div class=\"gnf-destacado-icono small-text-center medium-text-left row collapse\"><div class=\"gnf-destacado-icono__icono large-4 columns small-text-center medium-text-left \"><div class=\"icon-outer icon-style-default\" style=\"background-color:\"><span class=\"ico_info\"><\/span><\/div><\/div><div class=\"gnf-destacado-icono__texto large-8 columns\"><h4><\/h4><\/p>\n<h4>M\u00e9s informaci\u00f3 i peticions:<\/h4>\n<p>Si est\u00e0s interessat en el nostre programa\u00a0de formaci\u00f3 professional, pots contactar amb nosaltres per:<\/p>\n<p>Correu electr\u00f2nic a: <a href=\"mailto:FP_fundacion@naturgy.com\" target=\"_blank\" rel=\"noopener noreferrer\" data-auth=\"NotApplicable\" data-linkindex=\"1\">FP_fundacion@naturgy.com<\/a><\/div><\/div>[\/vc_column][vc_column width=&#8221;1\/2&#8243;][\/vc_column][\/vc_row][vc_row][vc_column width=&#8221;1\/2&#8243;][\/vc_column][vc_column width=&#8221;1\/2&#8243;][\/vc_column][\/vc_row]<\/p>\n","protected":false},"excerpt":{"rendered":"<p>[vc_row][vc_column][\/vc_column][\/vc_row][vc_row][vc_column][vc_empty_space][vc_empty_space][vc_column_text] El Campus Formatiu Fundaci\u00f3 Naturgy \u00e9s una iniciativa dissenyada per oferir recursos formatius online, accessibles i actualitzats, que capaciten persones interessades a liderar el canvi cap a un futur<span class=\"more-link\"><a href=\"https:\/\/www.fundacionnaturgy.org\/ca\/campus-formatiu-fundacio-naturgy\/\">Llegir m\u00e9s<\/a><\/span><\/p>\n","protected":false},"author":1454,"featured_media":0,"parent":0,"menu_order":0,"comment_status":"closed","ping_status":"closed","template":"templates\/full-width.php","meta":{"inline_featured_image":false},"categories":[],"acf":[],"_links":{"self":[{"href":"https:\/\/www.fundacionnaturgy.org\/ca\/wp-json\/wp\/v2\/pages\/93801"}],"collection":[{"href":"https:\/\/www.fundacionnaturgy.org\/ca\/wp-json\/wp\/v2\/pages"}],"about":[{"href":"https:\/\/www.fundacionnaturgy.org\/ca\/wp-json\/wp\/v2\/types\/page"}],"author":[{"embeddable":true,"href":"https:\/\/www.fundacionnaturgy.org\/ca\/wp-json\/wp\/v2\/users\/1454"}],"replies":[{"embeddable":true,"href":"https:\/\/www.fundacionnaturgy.org\/ca\/wp-json\/wp\/v2\/comments?post=93801"}],"version-history":[{"count":5,"href":"https:\/\/www.fundacionnaturgy.org\/ca\/wp-json\/wp\/v2\/pages\/93801\/revisions"}],"predecessor-version":[{"id":93814,"href":"https:\/\/www.fundacionnaturgy.org\/ca\/wp-json\/wp\/v2\/pages\/93801\/revisions\/93814"}],"wp:attachment":[{"href":"https:\/\/www.fundacionnaturgy.org\/ca\/wp-json\/wp\/v2\/media?parent=93801"}],"wp:term":[{"taxonomy":"category","embeddable":true,"href":"https:\/\/www.fundacionnaturgy.org\/ca\/wp-json\/wp\/v2\/categories?post=93801"}],"curies":[{"name":"wp","href":"https:\/\/api.w.org\/{rel}","templated":true}]}}