{"id":13387,"date":"2011-12-10T17:55:09","date_gmt":"2011-12-10T16:55:09","guid":{"rendered":"https:\/\/www.fundacionnaturgy.org\/ca\/product\/10-anys-del-programa-primera-exportacio\/"},"modified":"2020-02-27T15:45:02","modified_gmt":"2020-02-27T14:45:02","slug":"10-anys-del-programa-primera-exportacio","status":"publish","type":"product","link":"https:\/\/www.fundacionnaturgy.org\/ca\/publicacion\/10-anys-del-programa-primera-exportacio\/","title":{"rendered":"10 anys del Programa &#8220;Primera exportaci\u00f3&#8221;"},"content":{"rendered":"<p>Assessorament i capacitaci\u00f3 professional per iniciar la pime en el comer\u00e7 internacional.<\/p>\n","protected":false},"excerpt":{"rendered":"<p>Assessorament i capacitaci\u00f3 professional per iniciar la pime en el comer\u00e7 internacional.<\/p>\n","protected":false},"featured_media":3592,"template":"","meta":{"inline_featured_image":false},"categories":[1203],"content-type":[1168],"product_tag":[],"acf":[],"post_class":["post-13387","product","type-product","status-publish","has-post-thumbnail","hentry","category-exportacio","content-type-llibres","wordpress-sticky"],"_links":{"self":[{"href":"https:\/\/www.fundacionnaturgy.org\/ca\/wp-json\/wp\/v2\/product\/13387"}],"collection":[{"href":"https:\/\/www.fundacionnaturgy.org\/ca\/wp-json\/wp\/v2\/product"}],"about":[{"href":"https:\/\/www.fundacionnaturgy.org\/ca\/wp-json\/wp\/v2\/types\/product"}],"wp:featuredmedia":[{"embeddable":true,"href":"https:\/\/www.fundacionnaturgy.org\/ca\/wp-json\/wp\/v2\/media\/3592"}],"wp:attachment":[{"href":"https:\/\/www.fundacionnaturgy.org\/ca\/wp-json\/wp\/v2\/media?parent=13387"}],"wp:term":[{"taxonomy":"category","embeddable":true,"href":"https:\/\/www.fundacionnaturgy.org\/ca\/wp-json\/wp\/v2\/categories?post=13387"},{"taxonomy":"content-type","embeddable":true,"href":"https:\/\/www.fundacionnaturgy.org\/ca\/wp-json\/wp\/v2\/content-type?post=13387"},{"taxonomy":"product_tag","embeddable":true,"href":"https:\/\/www.fundacionnaturgy.org\/ca\/wp-json\/wp\/v2\/product_tag?post=13387"}],"curies":[{"name":"wp","href":"https:\/\/api.w.org\/{rel}","templated":true}]}}