{"id":13388,"date":"2006-07-10T18:02:27","date_gmt":"2006-07-10T16:02:27","guid":{"rendered":"https:\/\/www.fundacionnaturgy.org\/ca\/product\/limpacte-ambiental-de-les-diferents-fonts-energetiques-de-generacio-delectricitat\/"},"modified":"2020-02-27T15:39:08","modified_gmt":"2020-02-27T14:39:08","slug":"limpacte-ambiental-de-les-diferents-fonts-energetiques-de-generacio-delectricitat","status":"publish","type":"product","link":"https:\/\/www.fundacionnaturgy.org\/ca\/publicacion\/limpacte-ambiental-de-les-diferents-fonts-energetiques-de-generacio-delectricitat\/","title":{"rendered":"L&#8217;impacte ambiental de les diferents fonts energ\u00e8tiques de generaci\u00f3 d&#8217;electricitat"},"content":{"rendered":"<p>Es comparen els impactes ambientals de vuit tecnologies de generaci\u00f3 el\u00e8ctrica mitjan\u00e7ant l&#8217;an\u00e0lisi del cicle de vida (ACV). Els impactes ambientals poden ser locals o globals. Els primers s\u00f3n els derivats de la producci\u00f3, el transport i el consum de la font energ\u00e8tica i els segons s\u00f3n impactes a escala mundial (el canvi clim\u00e0tic, la pluja \u00e0cida&#8230;). Es mostra el resultat d&#8217;un estudi en qu\u00e8 es comparen vuit tecnologies de generaci\u00f3 d&#8217;electricitat en funci\u00f3 de la seva contribuci\u00f3 m\u00e9s o menys negativa a problemes ambientals concrets.<\/p>\n","protected":false},"excerpt":{"rendered":"<p>Es comparen els impactes ambientals de vuit tecnologies de generaci\u00f3 el\u00e8ctrica mitjan\u00e7ant l&#8217;an\u00e0lisi del cicle de vida (ACV). Els impactes ambientals poden ser locals o globals. Els primers s\u00f3n els derivats de la producci\u00f3, el transport i el consum de la font energ\u00e8tica i els segons s\u00f3n impactes a escala mundial (el canvi clim\u00e0tic, la pluja \u00e0cida&#8230;). Es mostra el resultat d&#8217;un estudi en qu\u00e8 es comparen vuit tecnologies de generaci\u00f3 d&#8217;electricitat en funci\u00f3 de la seva contribuci\u00f3 m\u00e9s o menys negativa a problemes ambientals concrets.<\/p>\n","protected":false},"featured_media":3516,"template":"","meta":{"inline_featured_image":false},"categories":[1205],"content-type":[1169],"product_tag":[],"acf":[],"post_class":["post-13388","product","type-product","status-publish","has-post-thumbnail","hentry","category-medi-ambient","content-type-videos","wordpress-sticky"],"_links":{"self":[{"href":"https:\/\/www.fundacionnaturgy.org\/ca\/wp-json\/wp\/v2\/product\/13388"}],"collection":[{"href":"https:\/\/www.fundacionnaturgy.org\/ca\/wp-json\/wp\/v2\/product"}],"about":[{"href":"https:\/\/www.fundacionnaturgy.org\/ca\/wp-json\/wp\/v2\/types\/product"}],"wp:featuredmedia":[{"embeddable":true,"href":"https:\/\/www.fundacionnaturgy.org\/ca\/wp-json\/wp\/v2\/media\/3516"}],"wp:attachment":[{"href":"https:\/\/www.fundacionnaturgy.org\/ca\/wp-json\/wp\/v2\/media?parent=13388"}],"wp:term":[{"taxonomy":"category","embeddable":true,"href":"https:\/\/www.fundacionnaturgy.org\/ca\/wp-json\/wp\/v2\/categories?post=13388"},{"taxonomy":"content-type","embeddable":true,"href":"https:\/\/www.fundacionnaturgy.org\/ca\/wp-json\/wp\/v2\/content-type?post=13388"},{"taxonomy":"product_tag","embeddable":true,"href":"https:\/\/www.fundacionnaturgy.org\/ca\/wp-json\/wp\/v2\/product_tag?post=13388"}],"curies":[{"name":"wp","href":"https:\/\/api.w.org\/{rel}","templated":true}]}}