{"id":13389,"date":"2006-06-10T18:06:29","date_gmt":"2006-06-10T16:06:29","guid":{"rendered":"https:\/\/www.fundacionnaturgy.org\/ca\/product\/bones-practiques-ambientals-en-el-sector-ceramic\/"},"modified":"2020-02-27T15:39:13","modified_gmt":"2020-02-27T14:39:13","slug":"bones-practiques-ambientals-en-el-sector-ceramic","status":"publish","type":"product","link":"https:\/\/www.fundacionnaturgy.org\/ca\/publicacion\/bones-practiques-ambientals-en-el-sector-ceramic\/","title":{"rendered":"Bones pr\u00e0ctiques ambientals en el sector cer\u00e0mic"},"content":{"rendered":"<p>S&#8217;observa una s\u00edntesi dels esfor\u00e7os i les renovacions que han fet les empreses del sector cer\u00e0mic en la gesti\u00f3 ambiental. S&#8217;analitza l&#8217;impacte ambiental i les bones pr\u00e0ctiques ambientals que cal dur a terme per a cadascuna de les diferents etapes del proc\u00e9s productiu. Les diferents etapes analitzades s\u00f3n la recepci\u00f3 i l&#8217;emmagatzematge de mat\u00e8ries primeres, la preparaci\u00f3 (m\u00f2lta i atomitzaci\u00f3), la conformaci\u00f3 (premsatge unidireccional), l&#8217;assecament, la preparaci\u00f3 i l&#8217;aplicaci\u00f3 d&#8217;esmalts, la cocci\u00f3, la classificaci\u00f3 i l&#8217;embalatge, la log\u00edstica, el manteniment i la neteja i els serveis generals.<\/p>\n","protected":false},"excerpt":{"rendered":"<p>S&#8217;observa una s\u00edntesi dels esfor\u00e7os i les renovacions que han fet les empreses del sector cer\u00e0mic en la gesti\u00f3 ambiental. S&#8217;analitza l&#8217;impacte ambiental i les bones pr\u00e0ctiques ambientals que cal dur a terme per a cadascuna de les diferents etapes del proc\u00e9s productiu. Les diferents etapes analitzades s\u00f3n la recepci\u00f3 i l&#8217;emmagatzematge de mat\u00e8ries primeres, la preparaci\u00f3 (m\u00f2lta i atomitzaci\u00f3), la conformaci\u00f3 (premsatge unidireccional), l&#8217;assecament, la preparaci\u00f3 i l&#8217;aplicaci\u00f3 d&#8217;esmalts, la cocci\u00f3, la classificaci\u00f3 i l&#8217;embalatge, la log\u00edstica, el manteniment i la neteja i els serveis generals.<\/p>\n","protected":false},"featured_media":3519,"template":"","meta":{"inline_featured_image":false},"categories":[1205],"content-type":[1169],"product_tag":[],"acf":[],"post_class":["post-13389","product","type-product","status-publish","has-post-thumbnail","hentry","category-medi-ambient","content-type-videos","wordpress-sticky"],"_links":{"self":[{"href":"https:\/\/www.fundacionnaturgy.org\/ca\/wp-json\/wp\/v2\/product\/13389"}],"collection":[{"href":"https:\/\/www.fundacionnaturgy.org\/ca\/wp-json\/wp\/v2\/product"}],"about":[{"href":"https:\/\/www.fundacionnaturgy.org\/ca\/wp-json\/wp\/v2\/types\/product"}],"wp:featuredmedia":[{"embeddable":true,"href":"https:\/\/www.fundacionnaturgy.org\/ca\/wp-json\/wp\/v2\/media\/3519"}],"wp:attachment":[{"href":"https:\/\/www.fundacionnaturgy.org\/ca\/wp-json\/wp\/v2\/media?parent=13389"}],"wp:term":[{"taxonomy":"category","embeddable":true,"href":"https:\/\/www.fundacionnaturgy.org\/ca\/wp-json\/wp\/v2\/categories?post=13389"},{"taxonomy":"content-type","embeddable":true,"href":"https:\/\/www.fundacionnaturgy.org\/ca\/wp-json\/wp\/v2\/content-type?post=13389"},{"taxonomy":"product_tag","embeddable":true,"href":"https:\/\/www.fundacionnaturgy.org\/ca\/wp-json\/wp\/v2\/product_tag?post=13389"}],"curies":[{"name":"wp","href":"https:\/\/api.w.org\/{rel}","templated":true}]}}