{"id":13390,"date":"2006-05-10T18:10:04","date_gmt":"2006-05-10T16:10:04","guid":{"rendered":"https:\/\/www.fundacionnaturgy.org\/ca\/product\/avantatges-ambientals-del-gas-natural-en-el-sector-ceramic\/"},"modified":"2020-02-27T15:39:19","modified_gmt":"2020-02-27T14:39:19","slug":"avantatges-ambientals-del-gas-natural-en-el-sector-ceramic","status":"publish","type":"product","link":"https:\/\/www.fundacionnaturgy.org\/ca\/publicacion\/avantatges-ambientals-del-gas-natural-en-el-sector-ceramic\/","title":{"rendered":"Avantatges ambientals del gas natural en el sector cer\u00e0mic"},"content":{"rendered":"<p>L&#8217;aparici\u00f3 del gas natural al sector cer\u00e0mic ha proporcionat millores econ\u00f2miques i ambientals. S&#8217;ha adoptat una nova tecnologia de monococci\u00f3 amb gas natural en lloc de la bicocci\u00f3 tradicional amb fuel. Les millores ambientals derivades de l&#8217;\u00fas del gas natural s\u00f3n la disminuci\u00f3 del consum d&#8217;energia prim\u00e0ria i la reducci\u00f3 de les emissions de di\u00f2xid de carboni (CO<sub>2<\/sub>), mon\u00f2xid de carboni (CO), di\u00f2xid de sofre (SO<sub>2<\/sub>), \u00f2xids de nitrogen (NO<sub>x)<\/sub> i part\u00edcules en suspensi\u00f3.<\/p>\n","protected":false},"excerpt":{"rendered":"<p>L&#8217;aparici\u00f3 del gas natural al sector cer\u00e0mic ha proporcionat millores econ\u00f2miques i ambientals. S&#8217;ha adoptat una nova tecnologia de monococci\u00f3 amb gas natural en lloc de la bicocci\u00f3 tradicional amb fuel. Les millores ambientals derivades de l&#8217;\u00fas del gas natural s\u00f3n la disminuci\u00f3 del consum d&#8217;energia prim\u00e0ria i la reducci\u00f3 de les emissions de di\u00f2xid de carboni (CO<sub>2<\/sub>), mon\u00f2xid de carboni (CO), di\u00f2xid de sofre (SO<sub>2<\/sub>), \u00f2xids de nitrogen (NO<sub>x)<\/sub> i part\u00edcules en suspensi\u00f3.<\/p>\n","protected":false},"featured_media":3523,"template":"","meta":{"inline_featured_image":false},"categories":[1205,1207],"content-type":[1169],"product_tag":[],"acf":[],"post_class":["post-13390","product","type-product","status-publish","has-post-thumbnail","hentry","category-medi-ambient","category-qualitat-de-laire","content-type-videos","wordpress-sticky"],"_links":{"self":[{"href":"https:\/\/www.fundacionnaturgy.org\/ca\/wp-json\/wp\/v2\/product\/13390"}],"collection":[{"href":"https:\/\/www.fundacionnaturgy.org\/ca\/wp-json\/wp\/v2\/product"}],"about":[{"href":"https:\/\/www.fundacionnaturgy.org\/ca\/wp-json\/wp\/v2\/types\/product"}],"wp:featuredmedia":[{"embeddable":true,"href":"https:\/\/www.fundacionnaturgy.org\/ca\/wp-json\/wp\/v2\/media\/3523"}],"wp:attachment":[{"href":"https:\/\/www.fundacionnaturgy.org\/ca\/wp-json\/wp\/v2\/media?parent=13390"}],"wp:term":[{"taxonomy":"category","embeddable":true,"href":"https:\/\/www.fundacionnaturgy.org\/ca\/wp-json\/wp\/v2\/categories?post=13390"},{"taxonomy":"content-type","embeddable":true,"href":"https:\/\/www.fundacionnaturgy.org\/ca\/wp-json\/wp\/v2\/content-type?post=13390"},{"taxonomy":"product_tag","embeddable":true,"href":"https:\/\/www.fundacionnaturgy.org\/ca\/wp-json\/wp\/v2\/product_tag?post=13390"}],"curies":[{"name":"wp","href":"https:\/\/api.w.org\/{rel}","templated":true}]}}