{"id":13391,"date":"2006-04-10T18:16:05","date_gmt":"2006-04-10T16:16:05","guid":{"rendered":"https:\/\/www.fundacionnaturgy.org\/ca\/product\/la-qualitat-de-laire-urba-alternatives-energetiques-en-la-calefaccio\/"},"modified":"2020-02-27T15:39:24","modified_gmt":"2020-02-27T14:39:24","slug":"la-qualitat-de-laire-urba-alternatives-energetiques-en-la-calefaccio","status":"publish","type":"product","link":"https:\/\/www.fundacionnaturgy.org\/ca\/publicacion\/la-qualitat-de-laire-urba-alternatives-energetiques-en-la-calefaccio\/","title":{"rendered":"La qualitat de l&#8217;aire urb\u00e0: Alternatives energ\u00e8tiques en la calefacci\u00f3"},"content":{"rendered":"<p>S&#8217;analitzen els problemes de contaminaci\u00f3 local en nuclis urbans i els avantatges i inconvenients dels diferents combustibles utilitzats en la calefacci\u00f3. Es presenten dues campanyes fetes per l&#8217;Administraci\u00f3 P\u00fablica en la substituci\u00f3 de calderes de carb\u00f3 per gas natural per reduir les emissions de CO<sub>2<\/sub> i en la substituci\u00f3 de calderes de combustibles convencionals per gas natural per reduir les emissions de SO<sub>2<\/sub>.<\/p>\n","protected":false},"excerpt":{"rendered":"<p>S&#8217;analitzen els problemes de contaminaci\u00f3 local en nuclis urbans i els avantatges i inconvenients dels diferents combustibles utilitzats en la calefacci\u00f3. Es presenten dues campanyes fetes per l&#8217;Administraci\u00f3 P\u00fablica en la substituci\u00f3 de calderes de carb\u00f3 per gas natural per reduir les emissions de CO<sub>2<\/sub> i en la substituci\u00f3 de calderes de combustibles convencionals per gas natural per reduir les emissions de SO<sub>2<\/sub>.<\/p>\n","protected":false},"featured_media":3532,"template":"","meta":{"inline_featured_image":false},"categories":[1207],"content-type":[1169],"product_tag":[],"acf":[],"post_class":["post-13391","product","type-product","status-publish","has-post-thumbnail","hentry","category-qualitat-de-laire","content-type-videos","wordpress-sticky"],"_links":{"self":[{"href":"https:\/\/www.fundacionnaturgy.org\/ca\/wp-json\/wp\/v2\/product\/13391"}],"collection":[{"href":"https:\/\/www.fundacionnaturgy.org\/ca\/wp-json\/wp\/v2\/product"}],"about":[{"href":"https:\/\/www.fundacionnaturgy.org\/ca\/wp-json\/wp\/v2\/types\/product"}],"wp:featuredmedia":[{"embeddable":true,"href":"https:\/\/www.fundacionnaturgy.org\/ca\/wp-json\/wp\/v2\/media\/3532"}],"wp:attachment":[{"href":"https:\/\/www.fundacionnaturgy.org\/ca\/wp-json\/wp\/v2\/media?parent=13391"}],"wp:term":[{"taxonomy":"category","embeddable":true,"href":"https:\/\/www.fundacionnaturgy.org\/ca\/wp-json\/wp\/v2\/categories?post=13391"},{"taxonomy":"content-type","embeddable":true,"href":"https:\/\/www.fundacionnaturgy.org\/ca\/wp-json\/wp\/v2\/content-type?post=13391"},{"taxonomy":"product_tag","embeddable":true,"href":"https:\/\/www.fundacionnaturgy.org\/ca\/wp-json\/wp\/v2\/product_tag?post=13391"}],"curies":[{"name":"wp","href":"https:\/\/api.w.org\/{rel}","templated":true}]}}