{"id":13392,"date":"2006-03-10T18:19:35","date_gmt":"2006-03-10T17:19:35","guid":{"rendered":"https:\/\/www.fundacionnaturgy.org\/ca\/product\/la-qualitat-de-laire-urba-alternatives-energetiques-en-el-transport-urba\/"},"modified":"2020-02-27T15:39:30","modified_gmt":"2020-02-27T14:39:30","slug":"la-qualitat-de-laire-urba-alternatives-energetiques-en-el-transport-urba","status":"publish","type":"product","link":"https:\/\/www.fundacionnaturgy.org\/ca\/publicacion\/la-qualitat-de-laire-urba-alternatives-energetiques-en-el-transport-urba\/","title":{"rendered":"La qualitat de l&#8217;aire urb\u00e0: Alternatives energ\u00e8tiques en el transport urb\u00e0"},"content":{"rendered":"<p>Atesa la problem\u00e0tica ambiental causada pel transport, s&#8217;analitzen els contaminants i cada carburant utilitzat pels vehicles. Tamb\u00e9 s&#8217;expliquen els requisits t\u00e8cnics de cada vehicle i els avantatges i inconvenients ambientals que presenta cada combustible. L&#8217;Empresa Municipal de Transportes de Madrid (EMT) va ser pionera a Espanya en l&#8217;\u00fas del gas natural comprimit (GNC) com a carburant d&#8217;autobusos i els resultats obtinguts demostren una reducci\u00f3 important d&#8217;emissions contaminants<\/p>\n","protected":false},"excerpt":{"rendered":"<p>Atesa la problem\u00e0tica ambiental causada pel transport, s&#8217;analitzen els contaminants i cada carburant utilitzat pels vehicles. Tamb\u00e9 s&#8217;expliquen els requisits t\u00e8cnics de cada vehicle i els avantatges i inconvenients ambientals que presenta cada combustible. L&#8217;Empresa Municipal de Transportes de Madrid (EMT) va ser pionera a Espanya en l&#8217;\u00fas del gas natural comprimit (GNC) com a carburant d&#8217;autobusos i els resultats obtinguts demostren una reducci\u00f3 important d&#8217;emissions contaminants<\/p>\n","protected":false},"featured_media":3535,"template":"","meta":{"inline_featured_image":false},"categories":[1201,1207],"content-type":[1169],"product_tag":[],"acf":[],"post_class":["post-13392","product","type-product","status-publish","has-post-thumbnail","hentry","category-energia-i-transport","category-qualitat-de-laire","content-type-videos","wordpress-sticky"],"_links":{"self":[{"href":"https:\/\/www.fundacionnaturgy.org\/ca\/wp-json\/wp\/v2\/product\/13392"}],"collection":[{"href":"https:\/\/www.fundacionnaturgy.org\/ca\/wp-json\/wp\/v2\/product"}],"about":[{"href":"https:\/\/www.fundacionnaturgy.org\/ca\/wp-json\/wp\/v2\/types\/product"}],"wp:featuredmedia":[{"embeddable":true,"href":"https:\/\/www.fundacionnaturgy.org\/ca\/wp-json\/wp\/v2\/media\/3535"}],"wp:attachment":[{"href":"https:\/\/www.fundacionnaturgy.org\/ca\/wp-json\/wp\/v2\/media?parent=13392"}],"wp:term":[{"taxonomy":"category","embeddable":true,"href":"https:\/\/www.fundacionnaturgy.org\/ca\/wp-json\/wp\/v2\/categories?post=13392"},{"taxonomy":"content-type","embeddable":true,"href":"https:\/\/www.fundacionnaturgy.org\/ca\/wp-json\/wp\/v2\/content-type?post=13392"},{"taxonomy":"product_tag","embeddable":true,"href":"https:\/\/www.fundacionnaturgy.org\/ca\/wp-json\/wp\/v2\/product_tag?post=13392"}],"curies":[{"name":"wp","href":"https:\/\/api.w.org\/{rel}","templated":true}]}}