{"id":13393,"date":"2006-07-10T18:23:16","date_gmt":"2006-07-10T16:23:16","guid":{"rendered":"https:\/\/www.fundacionnaturgy.org\/ca\/product\/el-canvi-climatic-causes-humanes-i-alternatives-de-mitigacio\/"},"modified":"2020-02-27T15:39:02","modified_gmt":"2020-02-27T14:39:02","slug":"el-canvi-climatic-causes-humanes-i-alternatives-de-mitigacio","status":"publish","type":"product","link":"https:\/\/www.fundacionnaturgy.org\/ca\/publicacion\/el-canvi-climatic-causes-humanes-i-alternatives-de-mitigacio\/","title":{"rendered":"El canvi clim\u00e0tic. Causes humanes i alternatives de mitigaci\u00f3"},"content":{"rendered":"<p>El canvi clim\u00e0tic \u00e9s la modificaci\u00f3 del clima a escala local o global, produ\u00efda per causes naturals i per algunes activitats humanes. Les emissions de gasos amb efecte d&#8217;hivernacle d&#8217;origen antropog\u00e8nic contribueixen a l&#8217;escalfament accelerat de la Terra. L&#8217;emissi\u00f3 de di\u00f2xid de carboni d&#8217;origen hum\u00e0 \u00e9s la principal responsable de l&#8217;accentuaci\u00f3 de l&#8217;efecte d&#8217;hivernacle<\/p>\n","protected":false},"excerpt":{"rendered":"<p>El canvi clim\u00e0tic \u00e9s la modificaci\u00f3 del clima a escala local o global, produ\u00efda per causes naturals i per algunes activitats humanes. Les emissions de gasos amb efecte d&#8217;hivernacle d&#8217;origen antropog\u00e8nic contribueixen a l&#8217;escalfament accelerat de la Terra. L&#8217;emissi\u00f3 de di\u00f2xid de carboni d&#8217;origen hum\u00e0 \u00e9s la principal responsable de l&#8217;accentuaci\u00f3 de l&#8217;efecte d&#8217;hivernacle<\/p>\n","protected":false},"featured_media":3513,"template":"","meta":{"inline_featured_image":false},"categories":[1205,1207],"content-type":[1169],"product_tag":[],"acf":[],"post_class":["post-13393","product","type-product","status-publish","has-post-thumbnail","hentry","category-medi-ambient","category-qualitat-de-laire","content-type-videos","wordpress-sticky"],"_links":{"self":[{"href":"https:\/\/www.fundacionnaturgy.org\/ca\/wp-json\/wp\/v2\/product\/13393"}],"collection":[{"href":"https:\/\/www.fundacionnaturgy.org\/ca\/wp-json\/wp\/v2\/product"}],"about":[{"href":"https:\/\/www.fundacionnaturgy.org\/ca\/wp-json\/wp\/v2\/types\/product"}],"wp:featuredmedia":[{"embeddable":true,"href":"https:\/\/www.fundacionnaturgy.org\/ca\/wp-json\/wp\/v2\/media\/3513"}],"wp:attachment":[{"href":"https:\/\/www.fundacionnaturgy.org\/ca\/wp-json\/wp\/v2\/media?parent=13393"}],"wp:term":[{"taxonomy":"category","embeddable":true,"href":"https:\/\/www.fundacionnaturgy.org\/ca\/wp-json\/wp\/v2\/categories?post=13393"},{"taxonomy":"content-type","embeddable":true,"href":"https:\/\/www.fundacionnaturgy.org\/ca\/wp-json\/wp\/v2\/content-type?post=13393"},{"taxonomy":"product_tag","embeddable":true,"href":"https:\/\/www.fundacionnaturgy.org\/ca\/wp-json\/wp\/v2\/product_tag?post=13393"}],"curies":[{"name":"wp","href":"https:\/\/api.w.org\/{rel}","templated":true}]}}