{"id":13394,"date":"2006-08-10T18:26:35","date_gmt":"2006-08-10T16:26:35","guid":{"rendered":"https:\/\/www.fundacionnaturgy.org\/ca\/product\/els-avantatges-ambientals-de-les-centrals-de-cicle-combinat\/"},"modified":"2020-02-27T15:38:12","modified_gmt":"2020-02-27T14:38:12","slug":"els-avantatges-ambientals-de-les-centrals-de-cicle-combinat","status":"publish","type":"product","link":"https:\/\/www.fundacionnaturgy.org\/ca\/publicacion\/els-avantatges-ambientals-de-les-centrals-de-cicle-combinat\/","title":{"rendered":"Els avantatges ambientals de les centrals de cicle combinat"},"content":{"rendered":"<p>Les centrals de cicle combinat de gas natural redueixen el consum d&#8217;energia, la contaminaci\u00f3 atmosf\u00e8rica, el consum d&#8217;aigua, l&#8217;ocupaci\u00f3 de s\u00f2l, l&#8217;impacte derivat de la circulaci\u00f3 de camions per al prove\u00efment de mat\u00e8ria primera a causa del subministrament del gas natural a trav\u00e9s d&#8217;un gasoducte, les p\u00e8rdues d&#8217;electricitat pel fet que els punts de consum final d&#8217;electricitat s\u00f3n a prop i la inversi\u00f3 inicial. Els rendiments d&#8217;una central de cicle combinat s\u00f3n d&#8217;aproximadament el 60\u00a0%, mentre que els d&#8217;una central t\u00e8rmica convencional s\u00f3n d&#8217;un 37%.<\/p>\n","protected":false},"excerpt":{"rendered":"<p>Les centrals de cicle combinat de gas natural redueixen el consum d&#8217;energia, la contaminaci\u00f3 atmosf\u00e8rica, el consum d&#8217;aigua, l&#8217;ocupaci\u00f3 de s\u00f2l, l&#8217;impacte derivat de la circulaci\u00f3 de camions per al prove\u00efment de mat\u00e8ria primera a causa del subministrament del gas natural a trav\u00e9s d&#8217;un gasoducte, les p\u00e8rdues d&#8217;electricitat pel fet que els punts de consum final d&#8217;electricitat s\u00f3n a prop i la inversi\u00f3 inicial. Els rendiments d&#8217;una central de cicle combinat s\u00f3n d&#8217;aproximadament el 60\u00a0%, mentre que els d&#8217;una central t\u00e8rmica convencional s\u00f3n d&#8217;un 37%.<\/p>\n","protected":false},"featured_media":3510,"template":"","meta":{"inline_featured_image":false},"categories":[1205,1207,1208],"content-type":[1169],"product_tag":[],"acf":[],"post_class":["post-13394","product","type-product","status-publish","has-post-thumbnail","hentry","category-medi-ambient","category-qualitat-de-laire","category-transicio-energetica","content-type-videos","wordpress-sticky"],"_links":{"self":[{"href":"https:\/\/www.fundacionnaturgy.org\/ca\/wp-json\/wp\/v2\/product\/13394"}],"collection":[{"href":"https:\/\/www.fundacionnaturgy.org\/ca\/wp-json\/wp\/v2\/product"}],"about":[{"href":"https:\/\/www.fundacionnaturgy.org\/ca\/wp-json\/wp\/v2\/types\/product"}],"wp:featuredmedia":[{"embeddable":true,"href":"https:\/\/www.fundacionnaturgy.org\/ca\/wp-json\/wp\/v2\/media\/3510"}],"wp:attachment":[{"href":"https:\/\/www.fundacionnaturgy.org\/ca\/wp-json\/wp\/v2\/media?parent=13394"}],"wp:term":[{"taxonomy":"category","embeddable":true,"href":"https:\/\/www.fundacionnaturgy.org\/ca\/wp-json\/wp\/v2\/categories?post=13394"},{"taxonomy":"content-type","embeddable":true,"href":"https:\/\/www.fundacionnaturgy.org\/ca\/wp-json\/wp\/v2\/content-type?post=13394"},{"taxonomy":"product_tag","embeddable":true,"href":"https:\/\/www.fundacionnaturgy.org\/ca\/wp-json\/wp\/v2\/product_tag?post=13394"}],"curies":[{"name":"wp","href":"https:\/\/api.w.org\/{rel}","templated":true}]}}