{"id":13395,"date":"2006-10-10T18:30:15","date_gmt":"2006-10-10T16:30:15","guid":{"rendered":"https:\/\/www.fundacionnaturgy.org\/ca\/product\/el-gas-natural-en-automocio\/"},"modified":"2020-02-27T15:38:01","modified_gmt":"2020-02-27T14:38:01","slug":"el-gas-natural-en-automocio","status":"publish","type":"product","link":"https:\/\/www.fundacionnaturgy.org\/ca\/publicacion\/el-gas-natural-en-automocio\/","title":{"rendered":"El gas natural en automoci\u00f3"},"content":{"rendered":"<p>El gas natural s&#8217;utilitza com a carburant en un nombre elevat de vehicles arreu del m\u00f3n, ja que comporta avantatges ambientals respecte als altres carburants. La instal\u00b7laci\u00f3 de gas natural en una part de la flota d&#8217;autobusos, camions, taxis i autom\u00f2bils d&#8217;una ciutat podria evitar l&#8217;emissi\u00f3 d&#8217;una gran quantitat de contaminants. Els avantatges ambientals del gas natural s\u00f3n que no cont\u00e9 plom ni traces d&#8217;altres metalls pesants, es minimitzen les emissions d&#8217;\u00f2xids de nitrogen (NO<sub>x<\/sub>), mon\u00f2xids de carboni (CO) i hidrocarburs, no emet part\u00edcules s\u00f2lides en suspensi\u00f3 ni di\u00f2xid de sofre (SO<sub>2<\/sub>) i presenta nivells inferiors d&#8217;emissi\u00f3 sonora.<\/p>\n","protected":false},"excerpt":{"rendered":"<p>El gas natural s&#8217;utilitza com a carburant en un nombre elevat de vehicles arreu del m\u00f3n, ja que comporta avantatges ambientals respecte als altres carburants. La instal\u00b7laci\u00f3 de gas natural en una part de la flota d&#8217;autobusos, camions, taxis i autom\u00f2bils d&#8217;una ciutat podria evitar l&#8217;emissi\u00f3 d&#8217;una gran quantitat de contaminants. Els avantatges ambientals del gas natural s\u00f3n que no cont\u00e9 plom ni traces d&#8217;altres metalls pesants, es minimitzen les emissions d&#8217;\u00f2xids de nitrogen (NO<sub>x<\/sub>), mon\u00f2xids de carboni (CO) i hidrocarburs, no emet part\u00edcules s\u00f2lides en suspensi\u00f3 ni di\u00f2xid de sofre (SO<sub>2<\/sub>) i presenta nivells inferiors d&#8217;emissi\u00f3 sonora.<\/p>\n","protected":false},"featured_media":3504,"template":"","meta":{"inline_featured_image":false},"categories":[1201,1207],"content-type":[1169],"product_tag":[],"acf":[],"post_class":["post-13395","product","type-product","status-publish","has-post-thumbnail","hentry","category-energia-i-transport","category-qualitat-de-laire","content-type-videos","wordpress-sticky"],"_links":{"self":[{"href":"https:\/\/www.fundacionnaturgy.org\/ca\/wp-json\/wp\/v2\/product\/13395"}],"collection":[{"href":"https:\/\/www.fundacionnaturgy.org\/ca\/wp-json\/wp\/v2\/product"}],"about":[{"href":"https:\/\/www.fundacionnaturgy.org\/ca\/wp-json\/wp\/v2\/types\/product"}],"wp:featuredmedia":[{"embeddable":true,"href":"https:\/\/www.fundacionnaturgy.org\/ca\/wp-json\/wp\/v2\/media\/3504"}],"wp:attachment":[{"href":"https:\/\/www.fundacionnaturgy.org\/ca\/wp-json\/wp\/v2\/media?parent=13395"}],"wp:term":[{"taxonomy":"category","embeddable":true,"href":"https:\/\/www.fundacionnaturgy.org\/ca\/wp-json\/wp\/v2\/categories?post=13395"},{"taxonomy":"content-type","embeddable":true,"href":"https:\/\/www.fundacionnaturgy.org\/ca\/wp-json\/wp\/v2\/content-type?post=13395"},{"taxonomy":"product_tag","embeddable":true,"href":"https:\/\/www.fundacionnaturgy.org\/ca\/wp-json\/wp\/v2\/product_tag?post=13395"}],"curies":[{"name":"wp","href":"https:\/\/api.w.org\/{rel}","templated":true}]}}