{"id":13396,"date":"2006-09-10T18:34:22","date_gmt":"2006-09-10T16:34:22","guid":{"rendered":"https:\/\/www.fundacionnaturgy.org\/ca\/product\/lhidrogen-i-les-piles-de-combustible-en-automocio\/"},"modified":"2020-02-27T15:38:10","modified_gmt":"2020-02-27T14:38:10","slug":"lhidrogen-i-les-piles-de-combustible-en-automocio","status":"publish","type":"product","link":"https:\/\/www.fundacionnaturgy.org\/ca\/publicacion\/lhidrogen-i-les-piles-de-combustible-en-automocio\/","title":{"rendered":"L&#8217;hidrogen i les piles de combustible en automoci\u00f3"},"content":{"rendered":"<p>L&#8217;hidrogen \u00e9s un vector energ\u00e8tic amb baix impacte ambiental en el punt d&#8217;utilitzaci\u00f3. S&#8217;est\u00e0 treballant perqu\u00e8 l&#8217;hidrogen pugui generar electricitat en les denominades &#8220;piles de combustible&#8221;, s\u00f3n un dispositiu que no s&#8217;exhaureix ni es recarrega, el combustible (l&#8217;hidrogen) reacciona amb l&#8217;oxigen de l&#8217;aire per generar directament electricitat i desprendre vapor d&#8217;aigua. El principal problema ambiental resideix en l&#8217;obtenci\u00f3 de l&#8217;hidrogen, ja que no \u00e9s un recurs natural, per tant cal produir-lo a partir d&#8217;un compost que el contingui, el gas natural (CH<sub>4<\/sub>).<\/p>\n","protected":false},"excerpt":{"rendered":"<p>L&#8217;hidrogen \u00e9s un vector energ\u00e8tic amb baix impacte ambiental en el punt d&#8217;utilitzaci\u00f3. S&#8217;est\u00e0 treballant perqu\u00e8 l&#8217;hidrogen pugui generar electricitat en les denominades &#8220;piles de combustible&#8221;, s\u00f3n un dispositiu que no s&#8217;exhaureix ni es recarrega, el combustible (l&#8217;hidrogen) reacciona amb l&#8217;oxigen de l&#8217;aire per generar directament electricitat i desprendre vapor d&#8217;aigua. El principal problema ambiental resideix en l&#8217;obtenci\u00f3 de l&#8217;hidrogen, ja que no \u00e9s un recurs natural, per tant cal produir-lo a partir d&#8217;un compost que el contingui, el gas natural (CH<sub>4<\/sub>).<\/p>\n","protected":false},"featured_media":3507,"template":"","meta":{"inline_featured_image":false},"categories":[1201,1207],"content-type":[1169],"product_tag":[],"acf":[],"post_class":["post-13396","product","type-product","status-publish","has-post-thumbnail","hentry","category-energia-i-transport","category-qualitat-de-laire","content-type-videos","wordpress-sticky"],"_links":{"self":[{"href":"https:\/\/www.fundacionnaturgy.org\/ca\/wp-json\/wp\/v2\/product\/13396"}],"collection":[{"href":"https:\/\/www.fundacionnaturgy.org\/ca\/wp-json\/wp\/v2\/product"}],"about":[{"href":"https:\/\/www.fundacionnaturgy.org\/ca\/wp-json\/wp\/v2\/types\/product"}],"wp:featuredmedia":[{"embeddable":true,"href":"https:\/\/www.fundacionnaturgy.org\/ca\/wp-json\/wp\/v2\/media\/3507"}],"wp:attachment":[{"href":"https:\/\/www.fundacionnaturgy.org\/ca\/wp-json\/wp\/v2\/media?parent=13396"}],"wp:term":[{"taxonomy":"category","embeddable":true,"href":"https:\/\/www.fundacionnaturgy.org\/ca\/wp-json\/wp\/v2\/categories?post=13396"},{"taxonomy":"content-type","embeddable":true,"href":"https:\/\/www.fundacionnaturgy.org\/ca\/wp-json\/wp\/v2\/content-type?post=13396"},{"taxonomy":"product_tag","embeddable":true,"href":"https:\/\/www.fundacionnaturgy.org\/ca\/wp-json\/wp\/v2\/product_tag?post=13396"}],"curies":[{"name":"wp","href":"https:\/\/api.w.org\/{rel}","templated":true}]}}