{"id":13397,"date":"2006-11-10T18:38:19","date_gmt":"2006-11-10T17:38:19","guid":{"rendered":"https:\/\/www.fundacionnaturgy.org\/ca\/product\/energia-solar-termica-i-gas-natural-en-edificis\/"},"modified":"2020-02-27T15:37:53","modified_gmt":"2020-02-27T14:37:53","slug":"energia-solar-termica-i-gas-natural-en-edificis","status":"publish","type":"product","link":"https:\/\/www.fundacionnaturgy.org\/ca\/publicacion\/energia-solar-termica-i-gas-natural-en-edificis\/","title":{"rendered":"Energia solar t\u00e8rmica i gas natural en edificis"},"content":{"rendered":"<p>L&#8217;energia solar t\u00e8rmica consisteix a aprofitar l&#8217;energia del sol mitjan\u00e7ant captadors solars t\u00e8rmics per produir aigua calenta sanit\u00e0ria en edificis, per prevenir possibles faltes derivades de l&#8217;abs\u00e8ncia d&#8217;insolaci\u00f3; el gas natural \u00e9s l&#8217;energia de suport amb menys impacte sobre el medi ambient i la que origina menys emissions de gasos contaminants. El Codi t\u00e8cnic de l&#8217;edificaci\u00f3 constitueix el marc normatiu en qu\u00e8 s&#8217;estableixen les exig\u00e8ncies b\u00e0siques que han de complir els edificis a fi de garantir la seguretat i la sostenibilitat de l&#8217;edificaci\u00f3 a Espanya.<\/p>\n","protected":false},"excerpt":{"rendered":"<p>L&#8217;energia solar t\u00e8rmica consisteix a aprofitar l&#8217;energia del sol mitjan\u00e7ant captadors solars t\u00e8rmics per produir aigua calenta sanit\u00e0ria en edificis, per prevenir possibles faltes derivades de l&#8217;abs\u00e8ncia d&#8217;insolaci\u00f3; el gas natural \u00e9s l&#8217;energia de suport amb menys impacte sobre el medi ambient i la que origina menys emissions de gasos contaminants. El Codi t\u00e8cnic de l&#8217;edificaci\u00f3 constitueix el marc normatiu en qu\u00e8 s&#8217;estableixen les exig\u00e8ncies b\u00e0siques que han de complir els edificis a fi de garantir la seguretat i la sostenibilitat de l&#8217;edificaci\u00f3 a Espanya.<\/p>\n","protected":false},"featured_media":3501,"template":"","meta":{"inline_featured_image":false},"categories":[1202],"content-type":[1169],"product_tag":[],"acf":[],"post_class":["post-13397","product","type-product","status-publish","has-post-thumbnail","hentry","category-energies-renovables","content-type-videos","wordpress-sticky"],"_links":{"self":[{"href":"https:\/\/www.fundacionnaturgy.org\/ca\/wp-json\/wp\/v2\/product\/13397"}],"collection":[{"href":"https:\/\/www.fundacionnaturgy.org\/ca\/wp-json\/wp\/v2\/product"}],"about":[{"href":"https:\/\/www.fundacionnaturgy.org\/ca\/wp-json\/wp\/v2\/types\/product"}],"wp:featuredmedia":[{"embeddable":true,"href":"https:\/\/www.fundacionnaturgy.org\/ca\/wp-json\/wp\/v2\/media\/3501"}],"wp:attachment":[{"href":"https:\/\/www.fundacionnaturgy.org\/ca\/wp-json\/wp\/v2\/media?parent=13397"}],"wp:term":[{"taxonomy":"category","embeddable":true,"href":"https:\/\/www.fundacionnaturgy.org\/ca\/wp-json\/wp\/v2\/categories?post=13397"},{"taxonomy":"content-type","embeddable":true,"href":"https:\/\/www.fundacionnaturgy.org\/ca\/wp-json\/wp\/v2\/content-type?post=13397"},{"taxonomy":"product_tag","embeddable":true,"href":"https:\/\/www.fundacionnaturgy.org\/ca\/wp-json\/wp\/v2\/product_tag?post=13397"}],"curies":[{"name":"wp","href":"https:\/\/api.w.org\/{rel}","templated":true}]}}