{"id":13398,"date":"2006-12-10T18:41:48","date_gmt":"2006-12-10T17:41:48","guid":{"rendered":"https:\/\/www.fundacionnaturgy.org\/ca\/product\/qualitat-de-laire-urba-salut-i-transit-rodat\/"},"modified":"2020-02-27T15:37:48","modified_gmt":"2020-02-27T14:37:48","slug":"qualitat-de-laire-urba-salut-i-transit-rodat","status":"publish","type":"product","link":"https:\/\/www.fundacionnaturgy.org\/ca\/publicacion\/qualitat-de-laire-urba-salut-i-transit-rodat\/","title":{"rendered":"Qualitat de l&#8217;aire urb\u00e0, salut i tr\u00e0nsit rodat"},"content":{"rendered":"<p>El tr\u00e0nsit rodat \u00e9s una de les principals causes d&#8217;exposici\u00f3 de la poblaci\u00f3 urbana als contaminants atmosf\u00e8rics. La contaminaci\u00f3 de l&#8217;aire repercuteix negativament sobre els ecosistemes i la salut humana i a Espanya aquesta problem\u00e0tica es veu agreujada per les condicions clim\u00e0tiques i per l&#8217;estructura urbana, a causa de la baixa taxa de precipitacions i la densitat i l&#8217;al\u00e7\u00e0ria dels edificis.<\/p>\n","protected":false},"excerpt":{"rendered":"<p>El tr\u00e0nsit rodat \u00e9s una de les principals causes d&#8217;exposici\u00f3 de la poblaci\u00f3 urbana als contaminants atmosf\u00e8rics. La contaminaci\u00f3 de l&#8217;aire repercuteix negativament sobre els ecosistemes i la salut humana i a Espanya aquesta problem\u00e0tica es veu agreujada per les condicions clim\u00e0tiques i per l&#8217;estructura urbana, a causa de la baixa taxa de precipitacions i la densitat i l&#8217;al\u00e7\u00e0ria dels edificis.<\/p>\n","protected":false},"featured_media":3498,"template":"","meta":{"inline_featured_image":false},"categories":[1201,1207],"content-type":[1169],"product_tag":[],"acf":[],"post_class":["post-13398","product","type-product","status-publish","has-post-thumbnail","hentry","category-energia-i-transport","category-qualitat-de-laire","content-type-videos","wordpress-sticky"],"_links":{"self":[{"href":"https:\/\/www.fundacionnaturgy.org\/ca\/wp-json\/wp\/v2\/product\/13398"}],"collection":[{"href":"https:\/\/www.fundacionnaturgy.org\/ca\/wp-json\/wp\/v2\/product"}],"about":[{"href":"https:\/\/www.fundacionnaturgy.org\/ca\/wp-json\/wp\/v2\/types\/product"}],"wp:featuredmedia":[{"embeddable":true,"href":"https:\/\/www.fundacionnaturgy.org\/ca\/wp-json\/wp\/v2\/media\/3498"}],"wp:attachment":[{"href":"https:\/\/www.fundacionnaturgy.org\/ca\/wp-json\/wp\/v2\/media?parent=13398"}],"wp:term":[{"taxonomy":"category","embeddable":true,"href":"https:\/\/www.fundacionnaturgy.org\/ca\/wp-json\/wp\/v2\/categories?post=13398"},{"taxonomy":"content-type","embeddable":true,"href":"https:\/\/www.fundacionnaturgy.org\/ca\/wp-json\/wp\/v2\/content-type?post=13398"},{"taxonomy":"product_tag","embeddable":true,"href":"https:\/\/www.fundacionnaturgy.org\/ca\/wp-json\/wp\/v2\/product_tag?post=13398"}],"curies":[{"name":"wp","href":"https:\/\/api.w.org\/{rel}","templated":true}]}}