{"id":13399,"date":"2007-12-10T18:45:01","date_gmt":"2007-12-10T17:45:01","guid":{"rendered":"https:\/\/www.fundacionnaturgy.org\/ca\/product\/leficiencia-energetica-en-lus-de-lhabitatge\/"},"modified":"2020-02-27T15:36:49","modified_gmt":"2020-02-27T14:36:49","slug":"leficiencia-energetica-en-lus-de-lhabitatge","status":"publish","type":"product","link":"https:\/\/www.fundacionnaturgy.org\/ca\/publicacion\/leficiencia-energetica-en-lus-de-lhabitatge\/","title":{"rendered":"L&#8217;efici\u00e8ncia energ\u00e8tica en l&#8217;\u00fas de l&#8217;habitatge"},"content":{"rendered":"<p>Per millorar l&#8217;efici\u00e8ncia energ\u00e8tica a l&#8217;habitatge \u00e9s important donar a cada energia el seu \u00fas m\u00e9s eficient.<\/p>\n<p>\u00c9s fonamental comptabilitzar quanta energia gasta un habitatge per poder actuar, ajudar i informar la societat de l&#8217;estalvi que es pot aconseguir canviant les nostres pautes de comportament, algunes vegades sense necessitat d&#8217;inversi\u00f3 final i d&#8217;altres, evitant el consum d&#8217;energia innecessari i utilitzant millors equips. Principalment, per poder disminuir la demanda energ\u00e8tica i despr\u00e9s poder augmentar l&#8217;efici\u00e8ncia energ\u00e8tica.<\/p>\n","protected":false},"excerpt":{"rendered":"<div>Per millorar l&#8217;efici\u00e8ncia energ\u00e8tica a l&#8217;habitatge \u00e9s important donar a cada energia el seu \u00fas m\u00e9s eficient.<\/div>\n<div>\u00c9s fonamental comptabilitzar quanta energia gasta un habitatge per poder actuar, ajudar i informar la societat de l&#8217;estalvi que es pot aconseguir canviant les nostres pautes de comportament, algunes vegades sense necessitat d&#8217;inversi\u00f3 final i d&#8217;altres, evitant el consum d&#8217;energia innecessari i utilitzant millors equips. Principalment, per poder disminuir la demanda energ\u00e8tica i despr\u00e9s poder augmentar l&#8217;efici\u00e8ncia energ\u00e8tica.<\/div>\n","protected":false},"featured_media":3495,"template":"","meta":{"inline_featured_image":false},"categories":[1200],"content-type":[1169],"product_tag":[],"acf":[],"post_class":["post-13399","product","type-product","status-publish","has-post-thumbnail","hentry","category-eficiencia-energetica-ca","content-type-videos","wordpress-sticky"],"_links":{"self":[{"href":"https:\/\/www.fundacionnaturgy.org\/ca\/wp-json\/wp\/v2\/product\/13399"}],"collection":[{"href":"https:\/\/www.fundacionnaturgy.org\/ca\/wp-json\/wp\/v2\/product"}],"about":[{"href":"https:\/\/www.fundacionnaturgy.org\/ca\/wp-json\/wp\/v2\/types\/product"}],"wp:featuredmedia":[{"embeddable":true,"href":"https:\/\/www.fundacionnaturgy.org\/ca\/wp-json\/wp\/v2\/media\/3495"}],"wp:attachment":[{"href":"https:\/\/www.fundacionnaturgy.org\/ca\/wp-json\/wp\/v2\/media?parent=13399"}],"wp:term":[{"taxonomy":"category","embeddable":true,"href":"https:\/\/www.fundacionnaturgy.org\/ca\/wp-json\/wp\/v2\/categories?post=13399"},{"taxonomy":"content-type","embeddable":true,"href":"https:\/\/www.fundacionnaturgy.org\/ca\/wp-json\/wp\/v2\/content-type?post=13399"},{"taxonomy":"product_tag","embeddable":true,"href":"https:\/\/www.fundacionnaturgy.org\/ca\/wp-json\/wp\/v2\/product_tag?post=13399"}],"curies":[{"name":"wp","href":"https:\/\/api.w.org\/{rel}","templated":true}]}}