{"id":13400,"date":"2013-12-10T18:48:19","date_gmt":"2013-12-10T17:48:19","guid":{"rendered":"https:\/\/www.fundacionnaturgy.org\/ca\/product\/lemmagatzematge-delectricitat\/"},"modified":"2020-02-27T15:36:09","modified_gmt":"2020-02-27T14:36:09","slug":"lemmagatzematge-delectricitat","status":"publish","type":"product","link":"https:\/\/www.fundacionnaturgy.org\/ca\/publicacion\/lemmagatzematge-delectricitat\/","title":{"rendered":"L&#8217;emmagatzematge d&#8217;electricitat"},"content":{"rendered":"<p>Fins avui no hem estat capa\u00e7os d&#8217;emmagatzemar l&#8217;electricitat d&#8217;una manera pr\u00e0ctica, f\u00e0cil i barata. Per aquesta ra\u00f3, l&#8217;hem de consumir immediatament despr\u00e9s de ser generada. L&#8217;emmagatzematge d&#8217;electricitat \u00e9s el sistema o dispositiu que permet acumular energia per utilitzar-la en un moment posterior, ja sigui a curt o llarg termini, de manera intensiva o mantinguda en el temps. La introducci\u00f3 d&#8217;elements d&#8217;emmagatzematge possibilita l&#8217;acumulaci\u00f3 d&#8217;energia durant el temps en qu\u00e8 la producci\u00f3 supera el consum i la quantitat emmagatzemada \u00e9s utilitzada quan el consum supera la producci\u00f3. Aix\u00f2 permet incrementar l&#8217;efici\u00e8ncia i la competitivitat energ\u00e8tica, facilitar la regulaci\u00f3 i seguretat de la xarxa el\u00e8ctrica i la reducci\u00f3 de costos.<\/p>\n","protected":false},"excerpt":{"rendered":"<p>Fins avui no hem estat capa\u00e7os d&#8217;emmagatzemar l&#8217;electricitat d&#8217;una manera pr\u00e0ctica, f\u00e0cil i barata. Per aquesta ra\u00f3, l&#8217;hem de consumir immediatament despr\u00e9s de ser generada. L&#8217;emmagatzematge d&#8217;electricitat \u00e9s el sistema o dispositiu que permet acumular energia per utilitzar-la en un moment posterior, ja sigui a curt o llarg termini, de manera intensiva o mantinguda en el temps. La introducci\u00f3 d&#8217;elements d&#8217;emmagatzematge fa possible l&#8217;acumulaci\u00f3 d&#8217;energia durant el temps en qu\u00e8 la producci\u00f3 supera el consum i la quantitat emmagatzemada \u00e9s utilitzada quan el consum supera la producci\u00f3. Aix\u00f2 permet incrementar l&#8217;efici\u00e8ncia i la competitivitat energ\u00e8tica, facilitar la regulaci\u00f3 i seguretat de la xarxa el\u00e8ctrica i la reducci\u00f3 de costos.<\/p>\n","protected":false},"featured_media":3470,"template":"","meta":{"inline_featured_image":false},"categories":[1200,1208],"content-type":[1169],"product_tag":[],"acf":[],"post_class":["post-13400","product","type-product","status-publish","has-post-thumbnail","hentry","category-eficiencia-energetica-ca","category-transicio-energetica","content-type-videos","wordpress-sticky"],"_links":{"self":[{"href":"https:\/\/www.fundacionnaturgy.org\/ca\/wp-json\/wp\/v2\/product\/13400"}],"collection":[{"href":"https:\/\/www.fundacionnaturgy.org\/ca\/wp-json\/wp\/v2\/product"}],"about":[{"href":"https:\/\/www.fundacionnaturgy.org\/ca\/wp-json\/wp\/v2\/types\/product"}],"wp:featuredmedia":[{"embeddable":true,"href":"https:\/\/www.fundacionnaturgy.org\/ca\/wp-json\/wp\/v2\/media\/3470"}],"wp:attachment":[{"href":"https:\/\/www.fundacionnaturgy.org\/ca\/wp-json\/wp\/v2\/media?parent=13400"}],"wp:term":[{"taxonomy":"category","embeddable":true,"href":"https:\/\/www.fundacionnaturgy.org\/ca\/wp-json\/wp\/v2\/categories?post=13400"},{"taxonomy":"content-type","embeddable":true,"href":"https:\/\/www.fundacionnaturgy.org\/ca\/wp-json\/wp\/v2\/content-type?post=13400"},{"taxonomy":"product_tag","embeddable":true,"href":"https:\/\/www.fundacionnaturgy.org\/ca\/wp-json\/wp\/v2\/product_tag?post=13400"}],"curies":[{"name":"wp","href":"https:\/\/api.w.org\/{rel}","templated":true}]}}