{"id":13418,"date":"2015-01-27T15:47:55","date_gmt":"2015-01-27T14:47:55","guid":{"rendered":"https:\/\/www.fundacionnaturgy.org\/ca\/product\/revista-programa-primera-exportacio\/"},"modified":"2020-02-27T11:48:27","modified_gmt":"2020-02-27T10:48:27","slug":"revista-programa-primera-exportacio","status":"publish","type":"product","link":"https:\/\/www.fundacionnaturgy.org\/ca\/publicacion\/revista-programa-primera-exportacio\/","title":{"rendered":"Revista Programa Primera exportaci\u00f3"},"content":{"rendered":"<p>En els \u00faltims anys l&#8217;evoluci\u00f3 de l&#8217;activitat de comer\u00e7 exterior de la Rep\u00fablica Argentina ha evidenciat desafiaments que fan m\u00e9s necess\u00e0ria que mai la vig\u00e8ncia del\u00a0Programa\u00a0Primera\u00a0Exportaci\u00f3\u00a0de la Fundaci\u00f3 Gas Natural Fenosa de l&#8217;Argentina.<\/p>\n","protected":false},"excerpt":{"rendered":"<p>En els \u00faltims anys l&#8217;evoluci\u00f3 de l&#8217;activitat de comer\u00e7 exterior de la Rep\u00fablica Argentina ha evidenciat desafiaments que fan m\u00e9s necess\u00e0ria que mai la vig\u00e8ncia del\u00a0Programa\u00a0Primera\u00a0Exportaci\u00f3\u00a0de la Fundaci\u00f3 Gas Natural<span class=\"more-link\"><a href=\"https:\/\/www.fundacionnaturgy.org\/ca\/publicacion\/revista-programa-primera-exportacio\/\">Llegir m\u00e9s<\/a><\/span><\/p>\n","protected":false},"featured_media":3304,"template":"","meta":{"inline_featured_image":false},"categories":[1203],"content-type":[1166],"product_tag":[],"acf":[],"post_class":["post-13418","product","type-product","status-publish","has-post-thumbnail","hentry","category-exportacio","content-type-articles-e-informes","wordpress-sticky"],"_links":{"self":[{"href":"https:\/\/www.fundacionnaturgy.org\/ca\/wp-json\/wp\/v2\/product\/13418"}],"collection":[{"href":"https:\/\/www.fundacionnaturgy.org\/ca\/wp-json\/wp\/v2\/product"}],"about":[{"href":"https:\/\/www.fundacionnaturgy.org\/ca\/wp-json\/wp\/v2\/types\/product"}],"wp:featuredmedia":[{"embeddable":true,"href":"https:\/\/www.fundacionnaturgy.org\/ca\/wp-json\/wp\/v2\/media\/3304"}],"wp:attachment":[{"href":"https:\/\/www.fundacionnaturgy.org\/ca\/wp-json\/wp\/v2\/media?parent=13418"}],"wp:term":[{"taxonomy":"category","embeddable":true,"href":"https:\/\/www.fundacionnaturgy.org\/ca\/wp-json\/wp\/v2\/categories?post=13418"},{"taxonomy":"content-type","embeddable":true,"href":"https:\/\/www.fundacionnaturgy.org\/ca\/wp-json\/wp\/v2\/content-type?post=13418"},{"taxonomy":"product_tag","embeddable":true,"href":"https:\/\/www.fundacionnaturgy.org\/ca\/wp-json\/wp\/v2\/product_tag?post=13418"}],"curies":[{"name":"wp","href":"https:\/\/api.w.org\/{rel}","templated":true}]}}