{"id":13419,"date":"2014-01-27T15:53:24","date_gmt":"2014-01-27T14:53:24","guid":{"rendered":"https:\/\/www.fundacionnaturgy.org\/ca\/product\/els-consorcis-dexportacio-una-estrategia-per-competir-en-els-mercats-internacionals\/"},"modified":"2020-02-27T11:48:52","modified_gmt":"2020-02-27T10:48:52","slug":"els-consorcis-dexportacio-una-estrategia-per-competir-en-els-mercats-internacionals","status":"publish","type":"product","link":"https:\/\/www.fundacionnaturgy.org\/ca\/publicacion\/els-consorcis-dexportacio-una-estrategia-per-competir-en-els-mercats-internacionals\/","title":{"rendered":"Els Consorcis d&#8217;Exportaci\u00f3: una estrat\u00e8gia per competir en els mercats internacionals"},"content":{"rendered":"<p>S\u00f3n\u00a0molts els problemes\u00a0que\u00a0tenen les\u00a0pimes\u00a0al moment d&#8217;afrontar una\u00a0exportaci\u00f3. Per a tots ells, existeix una\u00a0alternativa.<\/p>\n","protected":false},"excerpt":{"rendered":"<p>S\u00f3n\u00a0molts els problemes\u00a0que\u00a0tenen les\u00a0pimes\u00a0al moment d&#8217;afrontar una\u00a0exportaci\u00f3. Per a tots ells, existeix una\u00a0alternativa.<\/p>\n","protected":false},"featured_media":3311,"template":"","meta":{"inline_featured_image":false},"categories":[1203],"content-type":[1166],"product_tag":[],"acf":[],"post_class":["post-13419","product","type-product","status-publish","has-post-thumbnail","hentry","category-exportacio","content-type-articles-e-informes","wordpress-sticky"],"_links":{"self":[{"href":"https:\/\/www.fundacionnaturgy.org\/ca\/wp-json\/wp\/v2\/product\/13419"}],"collection":[{"href":"https:\/\/www.fundacionnaturgy.org\/ca\/wp-json\/wp\/v2\/product"}],"about":[{"href":"https:\/\/www.fundacionnaturgy.org\/ca\/wp-json\/wp\/v2\/types\/product"}],"wp:featuredmedia":[{"embeddable":true,"href":"https:\/\/www.fundacionnaturgy.org\/ca\/wp-json\/wp\/v2\/media\/3311"}],"wp:attachment":[{"href":"https:\/\/www.fundacionnaturgy.org\/ca\/wp-json\/wp\/v2\/media?parent=13419"}],"wp:term":[{"taxonomy":"category","embeddable":true,"href":"https:\/\/www.fundacionnaturgy.org\/ca\/wp-json\/wp\/v2\/categories?post=13419"},{"taxonomy":"content-type","embeddable":true,"href":"https:\/\/www.fundacionnaturgy.org\/ca\/wp-json\/wp\/v2\/content-type?post=13419"},{"taxonomy":"product_tag","embeddable":true,"href":"https:\/\/www.fundacionnaturgy.org\/ca\/wp-json\/wp\/v2\/product_tag?post=13419"}],"curies":[{"name":"wp","href":"https:\/\/api.w.org\/{rel}","templated":true}]}}