{"id":13420,"date":"2014-01-27T15:59:08","date_gmt":"2014-01-27T14:59:08","guid":{"rendered":"https:\/\/www.fundacionnaturgy.org\/ca\/product\/claus-per-elaborar-un-pla-de-negoci-dexportacio\/"},"modified":"2020-02-27T11:48:35","modified_gmt":"2020-02-27T10:48:35","slug":"claus-per-elaborar-un-pla-de-negoci-dexportacio","status":"publish","type":"product","link":"https:\/\/www.fundacionnaturgy.org\/ca\/publicacion\/claus-per-elaborar-un-pla-de-negoci-dexportacio\/","title":{"rendered":"Claus per elaborar un pla de negoci d&#8217;exportaci\u00f3"},"content":{"rendered":"<p>Moltes vegades passa que petites empreses comencen inserint els seus productes en els mercats externs gaireb\u00e9 sense adonar-se&#8217;n. Potser perqu\u00e8 tenen un lloc web bastant atractiu o algun familiar o amic instal\u00b7lat en un altre pa\u00eds, de manera que aix\u00ed arriba la seva primera exportaci\u00f3 sense haver fet un examen profund de la situaci\u00f3. Hi ha moltes raons per les quals una empresa decideix inserir els seus productes en els mercats externs, que no \u00e9s una tasca dif\u00edcil per\u00f2 que, com qualsevol negoci, requereix preparaci\u00f3 i capacitaci\u00f3 perqu\u00e8 sigui reeixit.<\/p>\n","protected":false},"excerpt":{"rendered":"<p>Moltes vegades passa que petites empreses comencen inserint els seus productes en els mercats externs gaireb\u00e9 sense adonar-se&#8217;n. Potser perqu\u00e8 tenen un lloc web bastant atractiu o algun familiar o<span class=\"more-link\"><a href=\"https:\/\/www.fundacionnaturgy.org\/ca\/publicacion\/claus-per-elaborar-un-pla-de-negoci-dexportacio\/\">Llegir m\u00e9s<\/a><\/span><\/p>\n","protected":false},"featured_media":3311,"template":"","meta":{"inline_featured_image":false},"categories":[1203],"content-type":[1166],"product_tag":[],"acf":[],"post_class":["post-13420","product","type-product","status-publish","has-post-thumbnail","hentry","category-exportacio","content-type-articles-e-informes","wordpress-sticky"],"_links":{"self":[{"href":"https:\/\/www.fundacionnaturgy.org\/ca\/wp-json\/wp\/v2\/product\/13420"}],"collection":[{"href":"https:\/\/www.fundacionnaturgy.org\/ca\/wp-json\/wp\/v2\/product"}],"about":[{"href":"https:\/\/www.fundacionnaturgy.org\/ca\/wp-json\/wp\/v2\/types\/product"}],"wp:featuredmedia":[{"embeddable":true,"href":"https:\/\/www.fundacionnaturgy.org\/ca\/wp-json\/wp\/v2\/media\/3311"}],"wp:attachment":[{"href":"https:\/\/www.fundacionnaturgy.org\/ca\/wp-json\/wp\/v2\/media?parent=13420"}],"wp:term":[{"taxonomy":"category","embeddable":true,"href":"https:\/\/www.fundacionnaturgy.org\/ca\/wp-json\/wp\/v2\/categories?post=13420"},{"taxonomy":"content-type","embeddable":true,"href":"https:\/\/www.fundacionnaturgy.org\/ca\/wp-json\/wp\/v2\/content-type?post=13420"},{"taxonomy":"product_tag","embeddable":true,"href":"https:\/\/www.fundacionnaturgy.org\/ca\/wp-json\/wp\/v2\/product_tag?post=13420"}],"curies":[{"name":"wp","href":"https:\/\/api.w.org\/{rel}","templated":true}]}}