{"id":13422,"date":"2010-01-29T12:34:39","date_gmt":"2010-01-29T11:34:39","guid":{"rendered":"https:\/\/www.fundacionnaturgy.org\/ca\/product\/la-familia-gil-empresaris-catalans-a-leuropa-del-segle-xix\/"},"modified":"2020-02-27T15:46:55","modified_gmt":"2020-02-27T14:46:55","slug":"la-familia-gil-empresaris-catalans-a-leuropa-del-segle-xix","status":"publish","type":"product","link":"https:\/\/www.fundacionnaturgy.org\/ca\/publicacion\/la-familia-gil-empresaris-catalans-a-leuropa-del-segle-xix\/","title":{"rendered":"La fam\u00edlia Gil. Empresaris catalans a l&#8217;Europa del segle XIX"},"content":{"rendered":"<p><b>ISBN :<\/b> 978-84-614-2739-0<\/p>\n","protected":false},"excerpt":{"rendered":"<p>Poder-se apropar a la hist\u00f2ria i a les activitats d&#8217;una fam\u00edlia d&#8217;empresaris de llarg recorregut sempre aporta nous continguts, noves viv\u00e8ncies i noves explicacions; per\u00f2 si, a m\u00e9s, han tingut una actuaci\u00f3 rellevant en diferents contextos relacionats amb les finances i la ind\u00fastria, per\u00f2 tamb\u00e9 amb la tecnologia i l&#8217;art, amb un gran arrelament al seu entorn natural, per\u00f2 amb una clara projecci\u00f3 internacional&#8230;<\/p>\n","protected":false},"featured_media":3580,"template":"","meta":{"inline_featured_image":false},"categories":[1206],"content-type":[1168],"product_tag":[],"acf":[],"post_class":["post-13422","product","type-product","status-publish","has-post-thumbnail","hentry","category-patrimoni-industrial","content-type-llibres","wordpress-sticky"],"_links":{"self":[{"href":"https:\/\/www.fundacionnaturgy.org\/ca\/wp-json\/wp\/v2\/product\/13422"}],"collection":[{"href":"https:\/\/www.fundacionnaturgy.org\/ca\/wp-json\/wp\/v2\/product"}],"about":[{"href":"https:\/\/www.fundacionnaturgy.org\/ca\/wp-json\/wp\/v2\/types\/product"}],"wp:featuredmedia":[{"embeddable":true,"href":"https:\/\/www.fundacionnaturgy.org\/ca\/wp-json\/wp\/v2\/media\/3580"}],"wp:attachment":[{"href":"https:\/\/www.fundacionnaturgy.org\/ca\/wp-json\/wp\/v2\/media?parent=13422"}],"wp:term":[{"taxonomy":"category","embeddable":true,"href":"https:\/\/www.fundacionnaturgy.org\/ca\/wp-json\/wp\/v2\/categories?post=13422"},{"taxonomy":"content-type","embeddable":true,"href":"https:\/\/www.fundacionnaturgy.org\/ca\/wp-json\/wp\/v2\/content-type?post=13422"},{"taxonomy":"product_tag","embeddable":true,"href":"https:\/\/www.fundacionnaturgy.org\/ca\/wp-json\/wp\/v2\/product_tag?post=13422"}],"curies":[{"name":"wp","href":"https:\/\/api.w.org\/{rel}","templated":true}]}}