{"id":13433,"date":"2016-02-03T12:07:46","date_gmt":"2016-02-03T11:07:46","guid":{"rendered":"https:\/\/www.fundacionnaturgy.org\/ca\/product\/exportar-por-i-il%c2%b7lusio-no-planificacio-i-metode\/"},"modified":"2020-02-27T11:48:06","modified_gmt":"2020-02-27T10:48:06","slug":"exportar-por-i-il%c2%b7lusio-no-planificacio-i-metode","status":"publish","type":"product","link":"https:\/\/www.fundacionnaturgy.org\/ca\/publicacion\/exportar-por-i-il%c2%b7lusio-no-planificacio-i-metode\/","title":{"rendered":"Exportar; por i il\u00b7lusi\u00f3? No, planificaci\u00f3 i m\u00e8tode"},"content":{"rendered":"<p>Iniciar-se en l&#8217;exportaci\u00f3, especialment si ets una pime, \u00e9s un gran pas. Els recursos no sobren i, sovint, el temps \u00e9s el m\u00e9s esc\u00e0s de tots. I aix\u00f2, per qu\u00e8? Perqu\u00e8 el temps disponible \u00e9s proporcional a l&#8217;inter\u00e8s i la il\u00b7lusi\u00f3 que posem en alguna cosa i iniciar-se en l&#8217;exportaci\u00f3 pot ser un proc\u00e9s a llarg termini i, de vegades, descoratjador&#8230;, si no seguim un m\u00e8tode.<\/p>\n","protected":false},"excerpt":{"rendered":"<p>Iniciar-se en l&#8217;exportaci\u00f3, especialment si ets una pime, \u00e9s un gran pas. Els recursos no sobren i, sovint, el temps \u00e9s el m\u00e9s esc\u00e0s de tots. I aix\u00f2, per qu\u00e8? Perqu\u00e8 el temps disponible \u00e9s proporcional a l&#8217;inter\u00e8s i la il\u00b7lusi\u00f3 que posem en alguna cosa i iniciar-se en l&#8217;exportaci\u00f3 pot ser un proc\u00e9s a llarg termini i, de vegades, descoratjador&#8230;, si no seguim un m\u00e8tode.<\/p>\n","protected":false},"featured_media":3760,"template":"","meta":{"inline_featured_image":false},"categories":[1203],"content-type":[1166],"product_tag":[],"acf":[],"post_class":["post-13433","product","type-product","status-publish","has-post-thumbnail","hentry","category-exportacio","content-type-articles-e-informes","wordpress-sticky"],"_links":{"self":[{"href":"https:\/\/www.fundacionnaturgy.org\/ca\/wp-json\/wp\/v2\/product\/13433"}],"collection":[{"href":"https:\/\/www.fundacionnaturgy.org\/ca\/wp-json\/wp\/v2\/product"}],"about":[{"href":"https:\/\/www.fundacionnaturgy.org\/ca\/wp-json\/wp\/v2\/types\/product"}],"wp:featuredmedia":[{"embeddable":true,"href":"https:\/\/www.fundacionnaturgy.org\/ca\/wp-json\/wp\/v2\/media\/3760"}],"wp:attachment":[{"href":"https:\/\/www.fundacionnaturgy.org\/ca\/wp-json\/wp\/v2\/media?parent=13433"}],"wp:term":[{"taxonomy":"category","embeddable":true,"href":"https:\/\/www.fundacionnaturgy.org\/ca\/wp-json\/wp\/v2\/categories?post=13433"},{"taxonomy":"content-type","embeddable":true,"href":"https:\/\/www.fundacionnaturgy.org\/ca\/wp-json\/wp\/v2\/content-type?post=13433"},{"taxonomy":"product_tag","embeddable":true,"href":"https:\/\/www.fundacionnaturgy.org\/ca\/wp-json\/wp\/v2\/product_tag?post=13433"}],"curies":[{"name":"wp","href":"https:\/\/api.w.org\/{rel}","templated":true}]}}