{"id":13437,"date":"2007-12-03T16:42:17","date_gmt":"2007-12-03T15:42:17","guid":{"rendered":"https:\/\/www.fundacionnaturgy.org\/ca\/product\/guia-de-leficiencia-energetica-en-edificis-per-a-administradors-de-finques\/"},"modified":"2020-02-27T15:50:33","modified_gmt":"2020-02-27T14:50:33","slug":"guia-de-leficiencia-energetica-en-edificis-per-a-administradors-de-finques","status":"publish","type":"product","link":"https:\/\/www.fundacionnaturgy.org\/ca\/publicacion\/guia-de-leficiencia-energetica-en-edificis-per-a-administradors-de-finques\/","title":{"rendered":"Guia de l&#8217;efici\u00e8ncia energ\u00e8tica en edificis per a administradors de finques"},"content":{"rendered":"<p>Es tracta d&#8217;un manual de consulta per a l&#8217;administrador de finques sobre totes i cadascuna de les iniciatives que es poden prendre en un edifici per millorar-ne l&#8217;efici\u00e8ncia energ\u00e8tica, des de l&#8217;envolupant de la casa fins a la font energ\u00e8tica que cal utilitzar per a la calefacci\u00f3 i el tipus d&#8217;instal\u00b7laci\u00f3 m\u00e9s oportuna per a l&#8217;aire condicionat o l&#8217;ascensor.<\/p>\n","protected":false},"excerpt":{"rendered":"<p>Es tracta d&#8217;un manual de consulta per a l&#8217;administrador de finques sobre totes i cadascuna de les iniciatives que es poden prendre en un edifici per millorar-ne l&#8217;efici\u00e8ncia energ\u00e8tica, des de l&#8217;envolupant de la casa fins a la font energ\u00e8tica que cal utilitzar per a la calefacci\u00f3 i el tipus d&#8217;instal\u00b7laci\u00f3 m\u00e9s oportuna per a l&#8217;aire condicionat o l&#8217;ascensor.<\/p>\n","protected":false},"featured_media":3399,"template":"","meta":{"inline_featured_image":false},"categories":[1200],"content-type":[1168],"product_tag":[],"acf":[],"post_class":["post-13437","product","type-product","status-publish","has-post-thumbnail","hentry","category-eficiencia-energetica-ca","content-type-llibres","wordpress-sticky"],"_links":{"self":[{"href":"https:\/\/www.fundacionnaturgy.org\/ca\/wp-json\/wp\/v2\/product\/13437"}],"collection":[{"href":"https:\/\/www.fundacionnaturgy.org\/ca\/wp-json\/wp\/v2\/product"}],"about":[{"href":"https:\/\/www.fundacionnaturgy.org\/ca\/wp-json\/wp\/v2\/types\/product"}],"wp:featuredmedia":[{"embeddable":true,"href":"https:\/\/www.fundacionnaturgy.org\/ca\/wp-json\/wp\/v2\/media\/3399"}],"wp:attachment":[{"href":"https:\/\/www.fundacionnaturgy.org\/ca\/wp-json\/wp\/v2\/media?parent=13437"}],"wp:term":[{"taxonomy":"category","embeddable":true,"href":"https:\/\/www.fundacionnaturgy.org\/ca\/wp-json\/wp\/v2\/categories?post=13437"},{"taxonomy":"content-type","embeddable":true,"href":"https:\/\/www.fundacionnaturgy.org\/ca\/wp-json\/wp\/v2\/content-type?post=13437"},{"taxonomy":"product_tag","embeddable":true,"href":"https:\/\/www.fundacionnaturgy.org\/ca\/wp-json\/wp\/v2\/product_tag?post=13437"}],"curies":[{"name":"wp","href":"https:\/\/api.w.org\/{rel}","templated":true}]}}