{"id":13438,"date":"2006-12-03T16:41:19","date_gmt":"2006-12-03T15:41:19","guid":{"rendered":"https:\/\/www.fundacionnaturgy.org\/ca\/product\/les-energies-renovables-a-espanya-diagnostic-i-perspectives\/"},"modified":"2020-02-27T15:50:58","modified_gmt":"2020-02-27T14:50:58","slug":"les-energies-renovables-a-espanya-diagnostic-i-perspectives","status":"publish","type":"product","link":"https:\/\/www.fundacionnaturgy.org\/ca\/publicacion\/les-energies-renovables-a-espanya-diagnostic-i-perspectives\/","title":{"rendered":"Les energies renovables a Espanya. Diagn\u00f2stic i perspectives"},"content":{"rendered":"<p>Es tracta d&#8217;un petit manual de consulta, amb molta informaci\u00f3 operativa, per a un p\u00fablic no especialitzat, que permet al lector entendre en qu\u00e8 consisteix cada energia renovable, quin \u00e9s l&#8217;estadi de la seva implantaci\u00f3 real al nostre pa\u00eds, quines s\u00f3n les dificultats a qu\u00e8 s&#8217;enfronta per al seu desenvolupament i quin \u00e9s l&#8217;horitz\u00f3 estimat de superaci\u00f3 d&#8217;aquestes barreres. Inclou cap\u00edtols sobre: e\u00f2lica, biomassa per a electricitat, bioetanol, biodi\u00e8sel, solar t\u00e8rmica, solar fotovoltaica, minihidr\u00e0ulica, energia dels residus, edificaci\u00f3 bioclim\u00e0tica i hidrogen.<\/p>\n","protected":false},"excerpt":{"rendered":"<p>Es tracta d&#8217;un petit manual de consulta, amb molta informaci\u00f3 operativa, per a un p\u00fablic no especialitzat, que permet al lector entendre en qu\u00e8 consisteix cada energia renovable, quin \u00e9s l&#8217;estadi de la seva implantaci\u00f3 real al nostre pa\u00eds, quines s\u00f3n les dificultats a qu\u00e8 s&#8217;enfronta per al seu desenvolupament i quin \u00e9s l&#8217;horitz\u00f3 estimat de superaci\u00f3 d&#8217;aquestes barreres. Inclou cap\u00edtols sobre: e\u00f2lica, biomassa per a electricitat, bioetanol, biodi\u00e8sel, solar t\u00e8rmica, solar fotovoltaica, minihidr\u00e0ulica, energia dels residus, edificaci\u00f3 bioclim\u00e0tica i hidrogen.<\/p>\n","protected":false},"featured_media":3402,"template":"","meta":{"inline_featured_image":false},"categories":[1202],"content-type":[1168],"product_tag":[],"acf":[],"post_class":["post-13438","product","type-product","status-publish","has-post-thumbnail","hentry","category-energies-renovables","content-type-llibres","wordpress-sticky"],"_links":{"self":[{"href":"https:\/\/www.fundacionnaturgy.org\/ca\/wp-json\/wp\/v2\/product\/13438"}],"collection":[{"href":"https:\/\/www.fundacionnaturgy.org\/ca\/wp-json\/wp\/v2\/product"}],"about":[{"href":"https:\/\/www.fundacionnaturgy.org\/ca\/wp-json\/wp\/v2\/types\/product"}],"wp:featuredmedia":[{"embeddable":true,"href":"https:\/\/www.fundacionnaturgy.org\/ca\/wp-json\/wp\/v2\/media\/3402"}],"wp:attachment":[{"href":"https:\/\/www.fundacionnaturgy.org\/ca\/wp-json\/wp\/v2\/media?parent=13438"}],"wp:term":[{"taxonomy":"category","embeddable":true,"href":"https:\/\/www.fundacionnaturgy.org\/ca\/wp-json\/wp\/v2\/categories?post=13438"},{"taxonomy":"content-type","embeddable":true,"href":"https:\/\/www.fundacionnaturgy.org\/ca\/wp-json\/wp\/v2\/content-type?post=13438"},{"taxonomy":"product_tag","embeddable":true,"href":"https:\/\/www.fundacionnaturgy.org\/ca\/wp-json\/wp\/v2\/product_tag?post=13438"}],"curies":[{"name":"wp","href":"https:\/\/api.w.org\/{rel}","templated":true}]}}