{"id":13439,"date":"2005-12-03T16:40:30","date_gmt":"2005-12-03T15:40:30","guid":{"rendered":"https:\/\/www.fundacionnaturgy.org\/ca\/product\/fiscalitat-ambiental-de-lenergia\/"},"modified":"2020-02-27T15:51:18","modified_gmt":"2020-02-27T14:51:18","slug":"fiscalitat-ambiental-de-lenergia","status":"publish","type":"product","link":"https:\/\/www.fundacionnaturgy.org\/ca\/publicacion\/fiscalitat-ambiental-de-lenergia\/","title":{"rendered":"Fiscalitat ambiental de l&#8217;energia"},"content":{"rendered":"<p>Estudi sobre la fiscalitat que afecta l&#8217;energia amb una motivaci\u00f3 ambiental a Espanya i a la resta de pa\u00efsos desenvolupats. Analitza les diferents figures tribut\u00e0ries i l&#8217;impacte ambiental de les reformes introdu\u00efdes. Detalla aspectes concrets sobre impostos sobre el <span lang=\"ES\">CO<sub>2<\/sub><\/span>, sobre el consum d&#8217;energia, sobre el sofre, sobre vehicles de transport i sobre emissions contaminants.<\/p>\n","protected":false},"excerpt":{"rendered":"<p>Estudi sobre la fiscalitat que afecta l&#8217;energia amb una motivaci\u00f3 ambiental a Espanya i a la resta de pa\u00efsos desenvolupats. Analitza les diferents figures tribut\u00e0ries i l&#8217;impacte ambiental de les reformes introdu\u00efdes. Detalla aspectes concrets sobre impostos sobre el <span lang=\"ES\">CO<sub>2<\/sub><\/span>, sobre el consum d&#8217;energia, sobre el sofre, sobre vehicles de transport i sobre emissions contaminants.<\/p>\n","protected":false},"featured_media":3405,"template":"","meta":{"inline_featured_image":false},"categories":[1205,1208],"content-type":[1168],"product_tag":[],"acf":[],"post_class":["post-13439","product","type-product","status-publish","has-post-thumbnail","hentry","category-medi-ambient","category-transicio-energetica","content-type-llibres","wordpress-sticky"],"_links":{"self":[{"href":"https:\/\/www.fundacionnaturgy.org\/ca\/wp-json\/wp\/v2\/product\/13439"}],"collection":[{"href":"https:\/\/www.fundacionnaturgy.org\/ca\/wp-json\/wp\/v2\/product"}],"about":[{"href":"https:\/\/www.fundacionnaturgy.org\/ca\/wp-json\/wp\/v2\/types\/product"}],"wp:featuredmedia":[{"embeddable":true,"href":"https:\/\/www.fundacionnaturgy.org\/ca\/wp-json\/wp\/v2\/media\/3405"}],"wp:attachment":[{"href":"https:\/\/www.fundacionnaturgy.org\/ca\/wp-json\/wp\/v2\/media?parent=13439"}],"wp:term":[{"taxonomy":"category","embeddable":true,"href":"https:\/\/www.fundacionnaturgy.org\/ca\/wp-json\/wp\/v2\/categories?post=13439"},{"taxonomy":"content-type","embeddable":true,"href":"https:\/\/www.fundacionnaturgy.org\/ca\/wp-json\/wp\/v2\/content-type?post=13439"},{"taxonomy":"product_tag","embeddable":true,"href":"https:\/\/www.fundacionnaturgy.org\/ca\/wp-json\/wp\/v2\/product_tag?post=13439"}],"curies":[{"name":"wp","href":"https:\/\/api.w.org\/{rel}","templated":true}]}}