{"id":13441,"date":"2004-12-03T16:38:37","date_gmt":"2004-12-03T15:38:37","guid":{"rendered":"https:\/\/www.fundacionnaturgy.org\/ca\/product\/la-proteccio-juridica-dels-espais-naturals\/"},"modified":"2020-02-27T15:51:35","modified_gmt":"2020-02-27T14:51:35","slug":"la-proteccio-juridica-dels-espais-naturals","status":"publish","type":"product","link":"https:\/\/www.fundacionnaturgy.org\/ca\/publicacion\/la-proteccio-juridica-dels-espais-naturals\/","title":{"rendered":"La protecci\u00f3 jur\u00eddica dels espais naturals"},"content":{"rendered":"<p>Es tracta d&#8217;un manual actualitzat sobre la protecci\u00f3 legal dels espais naturals a Espanya, a Europa i al m\u00f3n. Aborda tant el sentit profund i la g\u00e8nesi d&#8217;aquesta protecci\u00f3, com els principals instruments jur\u00eddics utilitzats i les grans q\u00fcestions en discussi\u00f3, les limitacions a la propietat i els problemes espec\u00edfics de la protecci\u00f3 de la naturalesa.<\/p>\n","protected":false},"excerpt":{"rendered":"<p>Es tracta d&#8217;un manual actualitzat sobre la protecci\u00f3 legal dels espais naturals a Espanya, a Europa i al m\u00f3n. Aborda tant el sentit profund i la g\u00e8nesi d&#8217;aquesta protecci\u00f3, com els principals instruments jur\u00eddics utilitzats i les grans q\u00fcestions en discussi\u00f3, les limitacions a la propietat i els problemes espec\u00edfics de la protecci\u00f3 de la naturalesa.<\/p>\n","protected":false},"featured_media":3411,"template":"","meta":{"inline_featured_image":false},"categories":[1207],"content-type":[1168],"product_tag":[],"acf":[],"post_class":["post-13441","product","type-product","status-publish","has-post-thumbnail","hentry","category-qualitat-de-laire","content-type-llibres","wordpress-sticky"],"_links":{"self":[{"href":"https:\/\/www.fundacionnaturgy.org\/ca\/wp-json\/wp\/v2\/product\/13441"}],"collection":[{"href":"https:\/\/www.fundacionnaturgy.org\/ca\/wp-json\/wp\/v2\/product"}],"about":[{"href":"https:\/\/www.fundacionnaturgy.org\/ca\/wp-json\/wp\/v2\/types\/product"}],"wp:featuredmedia":[{"embeddable":true,"href":"https:\/\/www.fundacionnaturgy.org\/ca\/wp-json\/wp\/v2\/media\/3411"}],"wp:attachment":[{"href":"https:\/\/www.fundacionnaturgy.org\/ca\/wp-json\/wp\/v2\/media?parent=13441"}],"wp:term":[{"taxonomy":"category","embeddable":true,"href":"https:\/\/www.fundacionnaturgy.org\/ca\/wp-json\/wp\/v2\/categories?post=13441"},{"taxonomy":"content-type","embeddable":true,"href":"https:\/\/www.fundacionnaturgy.org\/ca\/wp-json\/wp\/v2\/content-type?post=13441"},{"taxonomy":"product_tag","embeddable":true,"href":"https:\/\/www.fundacionnaturgy.org\/ca\/wp-json\/wp\/v2\/product_tag?post=13441"}],"curies":[{"name":"wp","href":"https:\/\/api.w.org\/{rel}","templated":true}]}}