{"id":13442,"date":"2004-12-03T16:37:22","date_gmt":"2004-12-03T15:37:22","guid":{"rendered":"https:\/\/www.fundacionnaturgy.org\/ca\/product\/lus-de-gas-natural-en-el-transport-fiscalitat-i-medi-ambient\/"},"modified":"2020-02-27T15:51:41","modified_gmt":"2020-02-27T14:51:41","slug":"lus-de-gas-natural-en-el-transport-fiscalitat-i-medi-ambient","status":"publish","type":"product","link":"https:\/\/www.fundacionnaturgy.org\/ca\/publicacion\/lus-de-gas-natural-en-el-transport-fiscalitat-i-medi-ambient\/","title":{"rendered":"L&#8217;\u00fas de gas natural en el transport: fiscalitat i medi ambient"},"content":{"rendered":"<p>El llibre resumeix els incentius fiscals existents en diferents pa\u00efsos del m\u00f3n a l&#8217;\u00fas del gas natural en vehicles de transport, per motius ambientals. S&#8217;analitza detalladament el cas d&#8217;It\u00e0lia, i m\u00e9s severament la situaci\u00f3 a Fran\u00e7a, Alemanya, el Canad\u00e0, Portugal, el Regne Unit i els Estats Units d&#8217;Am\u00e8rica.<\/p>\n","protected":false},"excerpt":{"rendered":"<p>El llibre resumeix els incentius fiscals existents en diferents pa\u00efsos del m\u00f3n a l&#8217;\u00fas del gas natural en vehicles de transport, per motius ambientals. S&#8217;analitza detalladament el cas d&#8217;It\u00e0lia, i m\u00e9s severament la situaci\u00f3 a Fran\u00e7a, Alemanya, el Canad\u00e0, Portugal, el Regne Unit i els Estats Units d&#8217;Am\u00e8rica.<\/p>\n","protected":false},"featured_media":3414,"template":"","meta":{"inline_featured_image":false},"categories":[1201,1207],"content-type":[1168],"product_tag":[],"acf":[],"post_class":["post-13442","product","type-product","status-publish","has-post-thumbnail","hentry","category-energia-i-transport","category-qualitat-de-laire","content-type-llibres","wordpress-sticky"],"_links":{"self":[{"href":"https:\/\/www.fundacionnaturgy.org\/ca\/wp-json\/wp\/v2\/product\/13442"}],"collection":[{"href":"https:\/\/www.fundacionnaturgy.org\/ca\/wp-json\/wp\/v2\/product"}],"about":[{"href":"https:\/\/www.fundacionnaturgy.org\/ca\/wp-json\/wp\/v2\/types\/product"}],"wp:featuredmedia":[{"embeddable":true,"href":"https:\/\/www.fundacionnaturgy.org\/ca\/wp-json\/wp\/v2\/media\/3414"}],"wp:attachment":[{"href":"https:\/\/www.fundacionnaturgy.org\/ca\/wp-json\/wp\/v2\/media?parent=13442"}],"wp:term":[{"taxonomy":"category","embeddable":true,"href":"https:\/\/www.fundacionnaturgy.org\/ca\/wp-json\/wp\/v2\/categories?post=13442"},{"taxonomy":"content-type","embeddable":true,"href":"https:\/\/www.fundacionnaturgy.org\/ca\/wp-json\/wp\/v2\/content-type?post=13442"},{"taxonomy":"product_tag","embeddable":true,"href":"https:\/\/www.fundacionnaturgy.org\/ca\/wp-json\/wp\/v2\/product_tag?post=13442"}],"curies":[{"name":"wp","href":"https:\/\/api.w.org\/{rel}","templated":true}]}}