{"id":13443,"date":"2004-12-03T16:36:47","date_gmt":"2004-12-03T15:36:47","guid":{"rendered":"https:\/\/www.fundacionnaturgy.org\/ca\/product\/la-degradacio-i-desertificacio-dels-sols-a-espanya\/"},"modified":"2020-02-27T15:51:47","modified_gmt":"2020-02-27T14:51:47","slug":"la-degradacio-i-desertificacio-dels-sols-a-espanya","status":"publish","type":"product","link":"https:\/\/www.fundacionnaturgy.org\/ca\/publicacion\/la-degradacio-i-desertificacio-dels-sols-a-espanya\/","title":{"rendered":"La degradaci\u00f3 i desertificaci\u00f3 dels s\u00f2ls a Espanya"},"content":{"rendered":"<p>El llibre descriu les diferents formes de degradaci\u00f3 del s\u00f2l: erosi\u00f3 h\u00eddrica, erosi\u00f3 e\u00f2lica, p\u00e8rdua de mat\u00e8ria org\u00e0nica, salinitzaci\u00f3 i compactaci\u00f3. Informa sobre els seus efectes i fa un diagn\u00f2stic de les seves causes, en especial de les derivades de la gesti\u00f3 agr\u00e0ria, ramadera, forestal o d&#8217;obra civil. Proposa solucions de mitigaci\u00f3 i millora.<\/p>\n","protected":false},"excerpt":{"rendered":"<p>El llibre descriu les diferents formes de degradaci\u00f3 del s\u00f2l: erosi\u00f3 h\u00eddrica, erosi\u00f3 e\u00f2lica, p\u00e8rdua de mat\u00e8ria org\u00e0nica, salinitzaci\u00f3 i compactaci\u00f3. Informa sobre els seus efectes i fa un diagn\u00f2stic de les seves causes, en especial de les derivades de la gesti\u00f3 agr\u00e0ria, ramadera, forestal o d&#8217;obra civil. Proposa solucions de mitigaci\u00f3 i millora.<\/p>\n","protected":false},"featured_media":3417,"template":"","meta":{"inline_featured_image":false},"categories":[1205],"content-type":[1168],"product_tag":[],"acf":[],"post_class":["post-13443","product","type-product","status-publish","has-post-thumbnail","hentry","category-medi-ambient","content-type-llibres","wordpress-sticky"],"_links":{"self":[{"href":"https:\/\/www.fundacionnaturgy.org\/ca\/wp-json\/wp\/v2\/product\/13443"}],"collection":[{"href":"https:\/\/www.fundacionnaturgy.org\/ca\/wp-json\/wp\/v2\/product"}],"about":[{"href":"https:\/\/www.fundacionnaturgy.org\/ca\/wp-json\/wp\/v2\/types\/product"}],"wp:featuredmedia":[{"embeddable":true,"href":"https:\/\/www.fundacionnaturgy.org\/ca\/wp-json\/wp\/v2\/media\/3417"}],"wp:attachment":[{"href":"https:\/\/www.fundacionnaturgy.org\/ca\/wp-json\/wp\/v2\/media?parent=13443"}],"wp:term":[{"taxonomy":"category","embeddable":true,"href":"https:\/\/www.fundacionnaturgy.org\/ca\/wp-json\/wp\/v2\/categories?post=13443"},{"taxonomy":"content-type","embeddable":true,"href":"https:\/\/www.fundacionnaturgy.org\/ca\/wp-json\/wp\/v2\/content-type?post=13443"},{"taxonomy":"product_tag","embeddable":true,"href":"https:\/\/www.fundacionnaturgy.org\/ca\/wp-json\/wp\/v2\/product_tag?post=13443"}],"curies":[{"name":"wp","href":"https:\/\/api.w.org\/{rel}","templated":true}]}}