{"id":13444,"date":"2003-12-03T16:35:29","date_gmt":"2003-12-03T15:35:29","guid":{"rendered":"https:\/\/www.fundacionnaturgy.org\/ca\/product\/generacio-electrica-distribuida\/"},"modified":"2020-02-27T15:51:54","modified_gmt":"2020-02-27T14:51:54","slug":"generacio-electrica-distribuida","status":"publish","type":"product","link":"https:\/\/www.fundacionnaturgy.org\/ca\/publicacion\/generacio-electrica-distribuida\/","title":{"rendered":"Generaci\u00f3 el\u00e8ctrica distribu\u00efda"},"content":{"rendered":"<p>El llibre, elaborat en col\u00b7laboraci\u00f3 amb l&#8217;Institut d&#8217;Enginyeria d&#8217;Espanya, descriu les diferents tecnologies que permeten generar electricitat m\u00e9s a prop del client final. Informa sobre els combustibles i els motors m\u00e9s adequats, i tamb\u00e9 sobre les aportacions de les energies renovables. Tracta, aix\u00ed mateix, l&#8217;aspecte clau de l&#8217;emmagatzematge de l&#8217;energia el\u00e8ctrica.<\/p>\n","protected":false},"excerpt":{"rendered":"<p>El llibre, elaborat en col\u00b7laboraci\u00f3 amb l&#8217;Institut d&#8217;Enginyeria d&#8217;Espanya, descriu les diferents tecnologies que permeten generar electricitat m\u00e9s a prop del client final. Informa sobre els combustibles i els motors m\u00e9s adequats, i tamb\u00e9 sobre les aportacions de les energies renovables. Tracta, aix\u00ed mateix, l&#8217;aspecte clau de l&#8217;emmagatzematge de l&#8217;energia el\u00e8ctrica.<\/p>\n","protected":false},"featured_media":3420,"template":"","meta":{"inline_featured_image":false},"categories":[1202,1208],"content-type":[1168],"product_tag":[],"acf":[],"post_class":["post-13444","product","type-product","status-publish","has-post-thumbnail","hentry","category-energies-renovables","category-transicio-energetica","content-type-llibres","wordpress-sticky"],"_links":{"self":[{"href":"https:\/\/www.fundacionnaturgy.org\/ca\/wp-json\/wp\/v2\/product\/13444"}],"collection":[{"href":"https:\/\/www.fundacionnaturgy.org\/ca\/wp-json\/wp\/v2\/product"}],"about":[{"href":"https:\/\/www.fundacionnaturgy.org\/ca\/wp-json\/wp\/v2\/types\/product"}],"wp:featuredmedia":[{"embeddable":true,"href":"https:\/\/www.fundacionnaturgy.org\/ca\/wp-json\/wp\/v2\/media\/3420"}],"wp:attachment":[{"href":"https:\/\/www.fundacionnaturgy.org\/ca\/wp-json\/wp\/v2\/media?parent=13444"}],"wp:term":[{"taxonomy":"category","embeddable":true,"href":"https:\/\/www.fundacionnaturgy.org\/ca\/wp-json\/wp\/v2\/categories?post=13444"},{"taxonomy":"content-type","embeddable":true,"href":"https:\/\/www.fundacionnaturgy.org\/ca\/wp-json\/wp\/v2\/content-type?post=13444"},{"taxonomy":"product_tag","embeddable":true,"href":"https:\/\/www.fundacionnaturgy.org\/ca\/wp-json\/wp\/v2\/product_tag?post=13444"}],"curies":[{"name":"wp","href":"https:\/\/api.w.org\/{rel}","templated":true}]}}