{"id":13445,"date":"2001-12-03T16:34:12","date_gmt":"2001-12-03T15:34:12","guid":{"rendered":"https:\/\/www.fundacionnaturgy.org\/ca\/product\/depuracio-dels-gasos-de-combustio-en-la-industria-ceramica\/"},"modified":"2020-02-27T15:52:02","modified_gmt":"2020-02-27T14:52:02","slug":"depuracio-dels-gasos-de-combustio-en-la-industria-ceramica","status":"publish","type":"product","link":"https:\/\/www.fundacionnaturgy.org\/ca\/publicacion\/depuracio-dels-gasos-de-combustio-en-la-industria-ceramica\/","title":{"rendered":"Depuraci\u00f3 dels gasos de combusti\u00f3 en la ind\u00fastria cer\u00e0mica"},"content":{"rendered":"<p>El llibre descriu amb detall els sistemes de depuraci\u00f3 de gasos a l&#8217;atmosfera procedents de les ind\u00fastries de producci\u00f3 cer\u00e0mica, aix\u00ed com el disseny de les instal\u00b7lacions necess\u00e0ries per a aquest proc\u00e9s de depuraci\u00f3 i els combustibles m\u00e9s apropiats per reduir l&#8217;impacte ambiental en el sector. Ha estat elaborat en col\u00b7laboraci\u00f3 entre l&#8217;Institut de Tecnologia Cer\u00e0mica de Castell\u00f3 de la Plana i el Grup Gas Natural.<\/p>\n","protected":false},"excerpt":{"rendered":"<p>El llibre descriu amb detall els sistemes de depuraci\u00f3 de gasos a l&#8217;atmosfera procedents de les ind\u00fastries de producci\u00f3 cer\u00e0mica, aix\u00ed com el disseny de les instal\u00b7lacions necess\u00e0ries per a aquest proc\u00e9s de depuraci\u00f3 i els combustibles m\u00e9s apropiats per reduir l&#8217;impacte ambiental en el sector. Ha estat elaborat en col\u00b7laboraci\u00f3 entre l&#8217;Institut de Tecnologia Cer\u00e0mica de Castell\u00f3 de la Plana i el Grup Gas Natural.<\/p>\n","protected":false},"featured_media":3423,"template":"","meta":{"inline_featured_image":false},"categories":[1205],"content-type":[1168],"product_tag":[],"acf":[],"post_class":["post-13445","product","type-product","status-publish","has-post-thumbnail","hentry","category-medi-ambient","content-type-llibres","wordpress-sticky"],"_links":{"self":[{"href":"https:\/\/www.fundacionnaturgy.org\/ca\/wp-json\/wp\/v2\/product\/13445"}],"collection":[{"href":"https:\/\/www.fundacionnaturgy.org\/ca\/wp-json\/wp\/v2\/product"}],"about":[{"href":"https:\/\/www.fundacionnaturgy.org\/ca\/wp-json\/wp\/v2\/types\/product"}],"wp:featuredmedia":[{"embeddable":true,"href":"https:\/\/www.fundacionnaturgy.org\/ca\/wp-json\/wp\/v2\/media\/3423"}],"wp:attachment":[{"href":"https:\/\/www.fundacionnaturgy.org\/ca\/wp-json\/wp\/v2\/media?parent=13445"}],"wp:term":[{"taxonomy":"category","embeddable":true,"href":"https:\/\/www.fundacionnaturgy.org\/ca\/wp-json\/wp\/v2\/categories?post=13445"},{"taxonomy":"content-type","embeddable":true,"href":"https:\/\/www.fundacionnaturgy.org\/ca\/wp-json\/wp\/v2\/content-type?post=13445"},{"taxonomy":"product_tag","embeddable":true,"href":"https:\/\/www.fundacionnaturgy.org\/ca\/wp-json\/wp\/v2\/product_tag?post=13445"}],"curies":[{"name":"wp","href":"https:\/\/api.w.org\/{rel}","templated":true}]}}