{"id":13446,"date":"2008-12-03T17:27:46","date_gmt":"2008-12-03T16:27:46","guid":{"rendered":"https:\/\/www.fundacionnaturgy.org\/ca\/product\/consciencia-ambiental-i-estalvi-energetic-estudi-amb-escolars-de-la-comunitat-de-madrid\/"},"modified":"2020-02-27T15:47:46","modified_gmt":"2020-02-27T14:47:46","slug":"consciencia-ambiental-i-estalvi-energetic-estudi-amb-escolars-de-la-comunitat-de-madrid","status":"publish","type":"product","link":"https:\/\/www.fundacionnaturgy.org\/ca\/publicacion\/consciencia-ambiental-i-estalvi-energetic-estudi-amb-escolars-de-la-comunitat-de-madrid\/","title":{"rendered":"Consci\u00e8ncia ambiental i estalvi energ\u00e8tic. Estudi amb escolars de la Comunitat de Madrid"},"content":{"rendered":"<p>Aquest estudi mostra els resultats obtinguts despr\u00e9s de tabular m\u00e9s de 5.000 q\u00fcestionaris contestats pels escolars de les escoles p\u00fabliques de Madrid, sobre diferents q\u00fcestions relacionades amb l&#8217;equipament, el consum i l&#8217;estalvi energ\u00e8tic a les cases. Tamb\u00e9 es reflexiona sobre les actituds i les conductes dels ciutadans respecte al medi ambient i s&#8217;analitzen els resultats obtinguts en les campanyes de sensibilitzaci\u00f3 ambiental, alhora que se suggereixen propostes per millorar-ne l&#8217;efic\u00e0cia.<\/p>\n","protected":false},"excerpt":{"rendered":"<p>Aquest estudi mostra els resultats obtinguts despr\u00e9s de tabular m\u00e9s de 5.000 q\u00fcestionaris contestats pels escolars de les escoles p\u00fabliques de Madrid, sobre diferents q\u00fcestions relacionades amb l&#8217;equipament, el consum i l&#8217;estalvi energ\u00e8tic a les cases. Tamb\u00e9 es reflexiona sobre les actituds i les conductes dels ciutadans respecte al medi ambient i s&#8217;analitzen els resultats obtinguts en les campanyes de sensibilitzaci\u00f3 ambiental, alhora que se suggereixen propostes per millorar-ne l&#8217;efic\u00e0cia.<\/p>\n","protected":false},"featured_media":3426,"template":"","meta":{"inline_featured_image":false},"categories":[1205],"content-type":[1168],"product_tag":[],"acf":[],"post_class":["post-13446","product","type-product","status-publish","has-post-thumbnail","hentry","category-medi-ambient","content-type-llibres","wordpress-sticky"],"_links":{"self":[{"href":"https:\/\/www.fundacionnaturgy.org\/ca\/wp-json\/wp\/v2\/product\/13446"}],"collection":[{"href":"https:\/\/www.fundacionnaturgy.org\/ca\/wp-json\/wp\/v2\/product"}],"about":[{"href":"https:\/\/www.fundacionnaturgy.org\/ca\/wp-json\/wp\/v2\/types\/product"}],"wp:featuredmedia":[{"embeddable":true,"href":"https:\/\/www.fundacionnaturgy.org\/ca\/wp-json\/wp\/v2\/media\/3426"}],"wp:attachment":[{"href":"https:\/\/www.fundacionnaturgy.org\/ca\/wp-json\/wp\/v2\/media?parent=13446"}],"wp:term":[{"taxonomy":"category","embeddable":true,"href":"https:\/\/www.fundacionnaturgy.org\/ca\/wp-json\/wp\/v2\/categories?post=13446"},{"taxonomy":"content-type","embeddable":true,"href":"https:\/\/www.fundacionnaturgy.org\/ca\/wp-json\/wp\/v2\/content-type?post=13446"},{"taxonomy":"product_tag","embeddable":true,"href":"https:\/\/www.fundacionnaturgy.org\/ca\/wp-json\/wp\/v2\/product_tag?post=13446"}],"curies":[{"name":"wp","href":"https:\/\/api.w.org\/{rel}","templated":true}]}}