{"id":13447,"date":"2007-12-03T17:30:05","date_gmt":"2007-12-03T16:30:05","guid":{"rendered":"https:\/\/www.fundacionnaturgy.org\/ca\/product\/millora-de-la-qualitat-de-laire-per-canvi-de-combustible-a-gas-natural-en-automocio-aplicacio-a-madrid-i-barcelona\/"},"modified":"2020-02-27T15:50:04","modified_gmt":"2020-02-27T14:50:04","slug":"millora-de-la-qualitat-de-laire-per-canvi-de-combustible-a-gas-natural-en-automocio-aplicacio-a-madrid-i-barcelona","status":"publish","type":"product","link":"https:\/\/www.fundacionnaturgy.org\/ca\/publicacion\/millora-de-la-qualitat-de-laire-per-canvi-de-combustible-a-gas-natural-en-automocio-aplicacio-a-madrid-i-barcelona\/","title":{"rendered":"Millora de la qualitat de l&#8217;aire per canvi de combustible a gas natural en automoci\u00f3. Aplicaci\u00f3 a Madrid i Barcelona"},"content":{"rendered":"<p>Es tracta d&#8217;un estudi de simulaci\u00f3 sobre qu\u00e8 ocorreria en la qualitat de l&#8217;aire de les \u00e0rees metropolitanes de Madrid i de Barcelona si se substitu\u00eds una part significativa del parc d&#8217;autom\u00f2bils, avui de gasolina o gasoil, pel gas natural comprimit. Els resultats s\u00f3n molt positius en termes de reducci\u00f3 d&#8217;emissions de gas que generen contaminaci\u00f3 local.<\/p>\n","protected":false},"excerpt":{"rendered":"<p>Es tracta d&#8217;un estudi de simulaci\u00f3 sobre qu\u00e8 ocorreria en la qualitat de l&#8217;aire de les \u00e0rees metropolitanes de Madrid i de Barcelona si se substitu\u00eds una part significativa del parc d&#8217;autom\u00f2bils, avui de gasolina o gasoil, pel gas natural comprimit. Els resultats s\u00f3n molt positius en termes de reducci\u00f3 d&#8217;emissions de gas que generen contaminaci\u00f3 local.<\/p>\n","protected":false},"featured_media":3429,"template":"","meta":{"inline_featured_image":false},"categories":[1201,1207],"content-type":[1168],"product_tag":[],"acf":[],"post_class":["post-13447","product","type-product","status-publish","has-post-thumbnail","hentry","category-energia-i-transport","category-qualitat-de-laire","content-type-llibres","wordpress-sticky"],"_links":{"self":[{"href":"https:\/\/www.fundacionnaturgy.org\/ca\/wp-json\/wp\/v2\/product\/13447"}],"collection":[{"href":"https:\/\/www.fundacionnaturgy.org\/ca\/wp-json\/wp\/v2\/product"}],"about":[{"href":"https:\/\/www.fundacionnaturgy.org\/ca\/wp-json\/wp\/v2\/types\/product"}],"wp:featuredmedia":[{"embeddable":true,"href":"https:\/\/www.fundacionnaturgy.org\/ca\/wp-json\/wp\/v2\/media\/3429"}],"wp:attachment":[{"href":"https:\/\/www.fundacionnaturgy.org\/ca\/wp-json\/wp\/v2\/media?parent=13447"}],"wp:term":[{"taxonomy":"category","embeddable":true,"href":"https:\/\/www.fundacionnaturgy.org\/ca\/wp-json\/wp\/v2\/categories?post=13447"},{"taxonomy":"content-type","embeddable":true,"href":"https:\/\/www.fundacionnaturgy.org\/ca\/wp-json\/wp\/v2\/content-type?post=13447"},{"taxonomy":"product_tag","embeddable":true,"href":"https:\/\/www.fundacionnaturgy.org\/ca\/wp-json\/wp\/v2\/product_tag?post=13447"}],"curies":[{"name":"wp","href":"https:\/\/api.w.org\/{rel}","templated":true}]}}