{"id":13448,"date":"2007-12-03T17:43:56","date_gmt":"2007-12-03T16:43:56","guid":{"rendered":"https:\/\/www.fundacionnaturgy.org\/ca\/product\/lenergia-solar-termica-i-el-gas-natural-a-la-comunitat-de-madrid\/"},"modified":"2020-02-27T15:48:05","modified_gmt":"2020-02-27T14:48:05","slug":"lenergia-solar-termica-i-el-gas-natural-a-la-comunitat-de-madrid","status":"publish","type":"product","link":"https:\/\/www.fundacionnaturgy.org\/ca\/publicacion\/lenergia-solar-termica-i-el-gas-natural-a-la-comunitat-de-madrid\/","title":{"rendered":"L&#8217;energia solar t\u00e8rmica i el gas natural a la Comunitat de Madrid"},"content":{"rendered":"<p>Guia pr\u00e0ctica i comprensible per a no experts, sobre la combinaci\u00f3 del gas natural i de l&#8217;energia solar t\u00e8rmica als habitatges de la Comunitat de Madrid. S&#8217;exposen els fonaments de l&#8217;energia solar t\u00e8rmica per generar aigua calenta sanit\u00e0ria, s&#8217;explica l&#8217;oportunitat de la &#8220;hibridaci\u00f3&#8221; amb el gas natural com a energia de suport i es descriuen els principals esquemes d&#8217;instal\u00b7laci\u00f3.<\/p>\n","protected":false},"excerpt":{"rendered":"<p>Guia pr\u00e0ctica i comprensible per a no experts, sobre la combinaci\u00f3 del gas natural i de l&#8217;energia solar t\u00e8rmica als habitatges de la Comunitat de Madrid. S&#8217;exposen els fonaments de l&#8217;energia solar t\u00e8rmica per generar aigua calenta sanit\u00e0ria, s&#8217;explica l&#8217;oportunitat de la &#8220;hibridaci\u00f3&#8221; amb el gas natural com a energia de suport i es descriuen els principals esquemes d&#8217;instal\u00b7laci\u00f3.<\/p>\n","protected":false},"featured_media":3433,"template":"","meta":{"inline_featured_image":false},"categories":[1202],"content-type":[1168],"product_tag":[],"acf":[],"post_class":["post-13448","product","type-product","status-publish","has-post-thumbnail","hentry","category-energies-renovables","content-type-llibres","wordpress-sticky"],"_links":{"self":[{"href":"https:\/\/www.fundacionnaturgy.org\/ca\/wp-json\/wp\/v2\/product\/13448"}],"collection":[{"href":"https:\/\/www.fundacionnaturgy.org\/ca\/wp-json\/wp\/v2\/product"}],"about":[{"href":"https:\/\/www.fundacionnaturgy.org\/ca\/wp-json\/wp\/v2\/types\/product"}],"wp:featuredmedia":[{"embeddable":true,"href":"https:\/\/www.fundacionnaturgy.org\/ca\/wp-json\/wp\/v2\/media\/3433"}],"wp:attachment":[{"href":"https:\/\/www.fundacionnaturgy.org\/ca\/wp-json\/wp\/v2\/media?parent=13448"}],"wp:term":[{"taxonomy":"category","embeddable":true,"href":"https:\/\/www.fundacionnaturgy.org\/ca\/wp-json\/wp\/v2\/categories?post=13448"},{"taxonomy":"content-type","embeddable":true,"href":"https:\/\/www.fundacionnaturgy.org\/ca\/wp-json\/wp\/v2\/content-type?post=13448"},{"taxonomy":"product_tag","embeddable":true,"href":"https:\/\/www.fundacionnaturgy.org\/ca\/wp-json\/wp\/v2\/product_tag?post=13448"}],"curies":[{"name":"wp","href":"https:\/\/api.w.org\/{rel}","templated":true}]}}