{"id":13449,"date":"2006-12-03T17:45:42","date_gmt":"2006-12-03T16:45:42","guid":{"rendered":"https:\/\/www.fundacionnaturgy.org\/ca\/product\/qualitat-de-laire-urba-salut-i-transit-rodat-2\/"},"modified":"2020-02-27T15:50:51","modified_gmt":"2020-02-27T14:50:51","slug":"qualitat-de-laire-urba-salut-i-transit-rodat-2","status":"publish","type":"product","link":"https:\/\/www.fundacionnaturgy.org\/ca\/publicacion\/qualitat-de-laire-urba-salut-i-transit-rodat-2\/","title":{"rendered":"Qualitat de l&#8217;aire urb\u00e0, salut i tr\u00e0nsit rodat"},"content":{"rendered":"<p>Aquest quadern resumeix tres assumptes: quin \u00e9s l&#8217;estat actual de la qualitat de l&#8217;aire en els grans nuclis urbans espanyols, quin \u00e9s l&#8217;impacte de la contaminaci\u00f3 local de l&#8217;aire en la salut humana, i com i per qu\u00e8 el transport \u00e9s el principal causant d&#8217;aquest tipus de contaminaci\u00f3. Es descriuen amb detall els principals gasos emissors (\u00f2xids de nitrogen, part\u00edcules s\u00f2lides en suspensi\u00f3, oz\u00f3 troposf\u00e8ric i mon\u00f2xid de carboni, entre d&#8217;altres) i es proposen vies de soluci\u00f3, tant de tipus tecnol\u00f2gic, com de tipus organitzatiu i social.<\/p>\n","protected":false},"excerpt":{"rendered":"<p>Aquest quadern resumeix tres assumptes: quin \u00e9s l&#8217;estat actual de la qualitat de l&#8217;aire en els grans nuclis urbans espanyols, quin \u00e9s l&#8217;impacte de la contaminaci\u00f3 local de l&#8217;aire en la salut humana, i com i per qu\u00e8 el transport \u00e9s el principal causant d&#8217;aquest tipus de contaminaci\u00f3. Es descriuen amb detall els principals gasos emissors (\u00f2xids de nitrogen, part\u00edcules s\u00f2lides en suspensi\u00f3, oz\u00f3 troposf\u00e8ric i mon\u00f2xid de carboni, entre d&#8217;altres) i es proposen vies de soluci\u00f3, tant de tipus tecnol\u00f2gic, com de tipus organitzatiu i social.<\/p>\n","protected":false},"featured_media":3436,"template":"","meta":{"inline_featured_image":false},"categories":[1201,1207],"content-type":[1168],"product_tag":[],"acf":[],"post_class":["post-13449","product","type-product","status-publish","has-post-thumbnail","hentry","category-energia-i-transport","category-qualitat-de-laire","content-type-llibres","wordpress-sticky"],"_links":{"self":[{"href":"https:\/\/www.fundacionnaturgy.org\/ca\/wp-json\/wp\/v2\/product\/13449"}],"collection":[{"href":"https:\/\/www.fundacionnaturgy.org\/ca\/wp-json\/wp\/v2\/product"}],"about":[{"href":"https:\/\/www.fundacionnaturgy.org\/ca\/wp-json\/wp\/v2\/types\/product"}],"wp:featuredmedia":[{"embeddable":true,"href":"https:\/\/www.fundacionnaturgy.org\/ca\/wp-json\/wp\/v2\/media\/3436"}],"wp:attachment":[{"href":"https:\/\/www.fundacionnaturgy.org\/ca\/wp-json\/wp\/v2\/media?parent=13449"}],"wp:term":[{"taxonomy":"category","embeddable":true,"href":"https:\/\/www.fundacionnaturgy.org\/ca\/wp-json\/wp\/v2\/categories?post=13449"},{"taxonomy":"content-type","embeddable":true,"href":"https:\/\/www.fundacionnaturgy.org\/ca\/wp-json\/wp\/v2\/content-type?post=13449"},{"taxonomy":"product_tag","embeddable":true,"href":"https:\/\/www.fundacionnaturgy.org\/ca\/wp-json\/wp\/v2\/product_tag?post=13449"}],"curies":[{"name":"wp","href":"https:\/\/api.w.org\/{rel}","templated":true}]}}