{"id":13450,"date":"2006-12-03T17:47:07","date_gmt":"2006-12-03T16:47:07","guid":{"rendered":"https:\/\/www.fundacionnaturgy.org\/ca\/product\/guia-de-leficiencia-energetica-a-lhabitatge-de-navarra\/"},"modified":"2020-02-27T15:50:46","modified_gmt":"2020-02-27T14:50:46","slug":"guia-de-leficiencia-energetica-a-lhabitatge-de-navarra","status":"publish","type":"product","link":"https:\/\/www.fundacionnaturgy.org\/ca\/publicacion\/guia-de-leficiencia-energetica-a-lhabitatge-de-navarra\/","title":{"rendered":"Guia de l&#8217;efici\u00e8ncia energ\u00e8tica a l&#8217;habitatge de Navarra"},"content":{"rendered":"<p>La guia constitueix el principal instrument de formaci\u00f3 dels presidents de comunitats de propietaris i administradors de finques de la Comunitat Foral de Navarra, que van participar en el programa Soustenergy, finan\u00e7at i coorganitzat per la Fundaci\u00f3. El text abasta tots els camps d&#8217;intervenci\u00f3 possibles en un habitatge: la calefacci\u00f3, l&#8217;a\u00efllament t\u00e8rmic, l&#8217;aigua calenta, la gesti\u00f3 de la factura el\u00e8ctrica dels consums compartits, la il\u00b7luminaci\u00f3 de les zones comunes, els ascensors, els garatges, els jardins, les piscines i els patis. S&#8217;afegeixen consideracions generals sobre com elaborar un pla integral de millora energ\u00e8tica d&#8217;un edifici d&#8217;habitatges.<\/p>\n","protected":false},"excerpt":{"rendered":"<p>La guia constitueix el principal instrument de formaci\u00f3 dels presidents de comunitats de propietaris i administradors de finques de la Comunitat Foral de Navarra, que van participar en el programa Soustenergy, finan\u00e7at i coorganitzat per la Fundaci\u00f3. El text abasta tots els camps d&#8217;intervenci\u00f3 possibles en un habitatge: la calefacci\u00f3, l&#8217;a\u00efllament t\u00e8rmic, l&#8217;aigua calenta, la gesti\u00f3 de la factura el\u00e8ctrica dels consums compartits, la il\u00b7luminaci\u00f3 de les zones comunes, els ascensors, els garatges, els jardins, les piscines i els patis. S&#8217;afegeixen consideracions generals sobre com elaborar un pla integral de millora energ\u00e8tica d&#8217;un edifici d&#8217;habitatges.<\/p>\n","protected":false},"featured_media":3439,"template":"","meta":{"inline_featured_image":false},"categories":[1200],"content-type":[1168],"product_tag":[],"acf":[],"post_class":["post-13450","product","type-product","status-publish","has-post-thumbnail","hentry","category-eficiencia-energetica-ca","content-type-llibres","wordpress-sticky"],"_links":{"self":[{"href":"https:\/\/www.fundacionnaturgy.org\/ca\/wp-json\/wp\/v2\/product\/13450"}],"collection":[{"href":"https:\/\/www.fundacionnaturgy.org\/ca\/wp-json\/wp\/v2\/product"}],"about":[{"href":"https:\/\/www.fundacionnaturgy.org\/ca\/wp-json\/wp\/v2\/types\/product"}],"wp:featuredmedia":[{"embeddable":true,"href":"https:\/\/www.fundacionnaturgy.org\/ca\/wp-json\/wp\/v2\/media\/3439"}],"wp:attachment":[{"href":"https:\/\/www.fundacionnaturgy.org\/ca\/wp-json\/wp\/v2\/media?parent=13450"}],"wp:term":[{"taxonomy":"category","embeddable":true,"href":"https:\/\/www.fundacionnaturgy.org\/ca\/wp-json\/wp\/v2\/categories?post=13450"},{"taxonomy":"content-type","embeddable":true,"href":"https:\/\/www.fundacionnaturgy.org\/ca\/wp-json\/wp\/v2\/content-type?post=13450"},{"taxonomy":"product_tag","embeddable":true,"href":"https:\/\/www.fundacionnaturgy.org\/ca\/wp-json\/wp\/v2\/product_tag?post=13450"}],"curies":[{"name":"wp","href":"https:\/\/api.w.org\/{rel}","templated":true}]}}