{"id":13451,"date":"2005-12-03T17:48:43","date_gmt":"2005-12-03T16:48:43","guid":{"rendered":"https:\/\/www.fundacionnaturgy.org\/ca\/product\/canvi-de-clima-en-el-sector-de-lenergia-una-nova-onada-doportunitats-dinversio-respectuosa-amb-el-medi-ambient\/"},"modified":"2020-02-27T15:51:10","modified_gmt":"2020-02-27T14:51:10","slug":"canvi-de-clima-en-el-sector-de-lenergia-una-nova-onada-doportunitats-dinversio-respectuosa-amb-el-medi-ambient","status":"publish","type":"product","link":"https:\/\/www.fundacionnaturgy.org\/ca\/publicacion\/canvi-de-clima-en-el-sector-de-lenergia-una-nova-onada-doportunitats-dinversio-respectuosa-amb-el-medi-ambient\/","title":{"rendered":"Canvi de clima en el sector de l&#8217;energia: una nova onada d&#8217;oportunitats d&#8217;inversi\u00f3 respectuosa amb el medi ambient"},"content":{"rendered":"<p>L&#8217;informe elabora un inventari de les oportunitats de negoci i d&#8217;inversi\u00f3 que s&#8217;obren arran de la pressi\u00f3 legal i pol\u00edtica per mitigar els impactes ambientals de l&#8217;energia. Hi ha quatre sectors d&#8217;oportunitat: energies renovables, energia distribu\u00efda, gas natural i gesti\u00f3 de la demanda.<\/p>\n","protected":false},"excerpt":{"rendered":"<p>L&#8217;informe elabora un inventari de les oportunitats de negoci i d&#8217;inversi\u00f3 que s&#8217;obren arran de la pressi\u00f3 legal i pol\u00edtica per mitigar els impactes ambientals de l&#8217;energia. Hi ha quatre sectors d&#8217;oportunitat: energies renovables, energia distribu\u00efda, gas natural i gesti\u00f3 de la demanda.<\/p>\n","protected":false},"featured_media":3442,"template":"","meta":{"inline_featured_image":false},"categories":[1202,1205],"content-type":[1168],"product_tag":[],"acf":[],"post_class":["post-13451","product","type-product","status-publish","has-post-thumbnail","hentry","category-energies-renovables","category-medi-ambient","content-type-llibres","wordpress-sticky"],"_links":{"self":[{"href":"https:\/\/www.fundacionnaturgy.org\/ca\/wp-json\/wp\/v2\/product\/13451"}],"collection":[{"href":"https:\/\/www.fundacionnaturgy.org\/ca\/wp-json\/wp\/v2\/product"}],"about":[{"href":"https:\/\/www.fundacionnaturgy.org\/ca\/wp-json\/wp\/v2\/types\/product"}],"wp:featuredmedia":[{"embeddable":true,"href":"https:\/\/www.fundacionnaturgy.org\/ca\/wp-json\/wp\/v2\/media\/3442"}],"wp:attachment":[{"href":"https:\/\/www.fundacionnaturgy.org\/ca\/wp-json\/wp\/v2\/media?parent=13451"}],"wp:term":[{"taxonomy":"category","embeddable":true,"href":"https:\/\/www.fundacionnaturgy.org\/ca\/wp-json\/wp\/v2\/categories?post=13451"},{"taxonomy":"content-type","embeddable":true,"href":"https:\/\/www.fundacionnaturgy.org\/ca\/wp-json\/wp\/v2\/content-type?post=13451"},{"taxonomy":"product_tag","embeddable":true,"href":"https:\/\/www.fundacionnaturgy.org\/ca\/wp-json\/wp\/v2\/product_tag?post=13451"}],"curies":[{"name":"wp","href":"https:\/\/api.w.org\/{rel}","templated":true}]}}