{"id":13452,"date":"2005-01-03T17:50:05","date_gmt":"2005-01-03T16:50:05","guid":{"rendered":"https:\/\/www.fundacionnaturgy.org\/ca\/product\/senyalitzacio-de-senders-al-parc-regional-dels-picos-de-europa\/"},"modified":"2020-02-27T15:51:30","modified_gmt":"2020-02-27T14:51:30","slug":"senyalitzacio-de-senders-al-parc-regional-dels-picos-de-europa","status":"publish","type":"product","link":"https:\/\/www.fundacionnaturgy.org\/ca\/publicacion\/senyalitzacio-de-senders-al-parc-regional-dels-picos-de-europa\/","title":{"rendered":"Senyalitzaci\u00f3 de senders al parc regional dels Picos de Europa"},"content":{"rendered":"<p>En aquest projecte hem apr\u00e8s a senyalitzar camins que ens porten a l&#8217;infinit i ens expliquen la relaci\u00f3 \u00edntima que tenen amb la naturalesa, alhora que s&#8217;aporta als ciutadans la possibilitat de valorar l&#8217;entorn natural, aprendre a gaudir-ne i tenir-ne cura.<\/p>\n","protected":false},"excerpt":{"rendered":"<p>En aquest projecte hem apr\u00e8s a senyalitzar camins que ens porten a l&#8217;infinit i ens expliquen la relaci\u00f3 \u00edntima que tenen amb la naturalesa, alhora que s&#8217;aporta als ciutadans la possibilitat de valorar l&#8217;entorn natural, aprendre a gaudir-ne i tenir-ne cura.<\/p>\n","protected":false},"featured_media":3445,"template":"","meta":{"inline_featured_image":false},"categories":[1205],"content-type":[1168],"product_tag":[],"acf":[],"post_class":["post-13452","product","type-product","status-publish","has-post-thumbnail","hentry","category-medi-ambient","content-type-llibres","wordpress-sticky"],"_links":{"self":[{"href":"https:\/\/www.fundacionnaturgy.org\/ca\/wp-json\/wp\/v2\/product\/13452"}],"collection":[{"href":"https:\/\/www.fundacionnaturgy.org\/ca\/wp-json\/wp\/v2\/product"}],"about":[{"href":"https:\/\/www.fundacionnaturgy.org\/ca\/wp-json\/wp\/v2\/types\/product"}],"wp:featuredmedia":[{"embeddable":true,"href":"https:\/\/www.fundacionnaturgy.org\/ca\/wp-json\/wp\/v2\/media\/3445"}],"wp:attachment":[{"href":"https:\/\/www.fundacionnaturgy.org\/ca\/wp-json\/wp\/v2\/media?parent=13452"}],"wp:term":[{"taxonomy":"category","embeddable":true,"href":"https:\/\/www.fundacionnaturgy.org\/ca\/wp-json\/wp\/v2\/categories?post=13452"},{"taxonomy":"content-type","embeddable":true,"href":"https:\/\/www.fundacionnaturgy.org\/ca\/wp-json\/wp\/v2\/content-type?post=13452"},{"taxonomy":"product_tag","embeddable":true,"href":"https:\/\/www.fundacionnaturgy.org\/ca\/wp-json\/wp\/v2\/product_tag?post=13452"}],"curies":[{"name":"wp","href":"https:\/\/api.w.org\/{rel}","templated":true}]}}