{"id":13454,"date":"2007-12-04T14:43:30","date_gmt":"2007-12-04T13:43:30","guid":{"rendered":"https:\/\/www.fundacionnaturgy.org\/ca\/product\/la-qualitat-de-laire-a-la-comunitat-de-madrid\/"},"modified":"2020-02-27T15:48:01","modified_gmt":"2020-02-27T14:48:01","slug":"la-qualitat-de-laire-a-la-comunitat-de-madrid","status":"publish","type":"product","link":"https:\/\/www.fundacionnaturgy.org\/ca\/publicacion\/la-qualitat-de-laire-a-la-comunitat-de-madrid\/","title":{"rendered":"La qualitat de l&#8217;aire a la Comunitat de Madrid"},"content":{"rendered":"<p>El material editat pret\u00e9n aproximar als estudiants de secund\u00e0ria de la Comunitat Valenciana, d&#8217;entre 16 i 18 anys, els factors que provoquen la contaminaci\u00f3 atmosf\u00e8rica i els seus efectes. Es tracta d&#8217;un text il\u00b7lustrat, amb tots els materials necessaris per adaptar-se al curr\u00edculum pedag\u00f2gic del batxillerat, inclosos p\u00f2sters, exercicis pr\u00e0ctics i visites recomanades, pensats especialment per a la situaci\u00f3 i les pol\u00edtiques de la Comunitat Valenciana.<\/p>\n","protected":false},"excerpt":{"rendered":"<p>El material editat pret\u00e9n aproximar als estudiants de secund\u00e0ria de la Comunitat Valenciana, d&#8217;entre 16 i 18 anys, els factors que provoquen la contaminaci\u00f3 atmosf\u00e8rica i els seus efectes. Es tracta d&#8217;un text il\u00b7lustrat, amb tots els materials necessaris per adaptar-se al curr\u00edculum pedag\u00f2gic del batxillerat, inclosos p\u00f2sters, exercicis pr\u00e0ctics i visites recomanades, pensats especialment per a la situaci\u00f3 i les pol\u00edtiques de la Comunitat Valenciana.<\/p>\n","protected":false},"featured_media":3451,"template":"","meta":{"inline_featured_image":false},"categories":[1207],"content-type":[1168],"product_tag":[],"acf":[],"post_class":["post-13454","product","type-product","status-publish","has-post-thumbnail","hentry","category-qualitat-de-laire","content-type-llibres","wordpress-sticky"],"_links":{"self":[{"href":"https:\/\/www.fundacionnaturgy.org\/ca\/wp-json\/wp\/v2\/product\/13454"}],"collection":[{"href":"https:\/\/www.fundacionnaturgy.org\/ca\/wp-json\/wp\/v2\/product"}],"about":[{"href":"https:\/\/www.fundacionnaturgy.org\/ca\/wp-json\/wp\/v2\/types\/product"}],"wp:featuredmedia":[{"embeddable":true,"href":"https:\/\/www.fundacionnaturgy.org\/ca\/wp-json\/wp\/v2\/media\/3451"}],"wp:attachment":[{"href":"https:\/\/www.fundacionnaturgy.org\/ca\/wp-json\/wp\/v2\/media?parent=13454"}],"wp:term":[{"taxonomy":"category","embeddable":true,"href":"https:\/\/www.fundacionnaturgy.org\/ca\/wp-json\/wp\/v2\/categories?post=13454"},{"taxonomy":"content-type","embeddable":true,"href":"https:\/\/www.fundacionnaturgy.org\/ca\/wp-json\/wp\/v2\/content-type?post=13454"},{"taxonomy":"product_tag","embeddable":true,"href":"https:\/\/www.fundacionnaturgy.org\/ca\/wp-json\/wp\/v2\/product_tag?post=13454"}],"curies":[{"name":"wp","href":"https:\/\/api.w.org\/{rel}","templated":true}]}}