{"id":13455,"date":"2014-12-04T16:34:41","date_gmt":"2014-12-04T15:34:41","guid":{"rendered":"https:\/\/www.fundacionnaturgy.org\/ca\/product\/hibridacio-energetica-amb-gas-natural\/"},"modified":"2020-02-27T15:35:54","modified_gmt":"2020-02-27T14:35:54","slug":"hibridacio-energetica-amb-gas-natural","status":"publish","type":"product","link":"https:\/\/www.fundacionnaturgy.org\/ca\/publicacion\/hibridacio-energetica-amb-gas-natural\/","title":{"rendered":"Hibridaci\u00f3 energ\u00e8tica amb gas natural"},"content":{"rendered":"<p>La hibridaci\u00f3 energ\u00e8tica \u00e9s la combinaci\u00f3 de dues fonts d&#8217;energia o dues tecnologies energ\u00e8tiques diferents (de manera seq\u00fc\u00e8ncial o simult\u00e0nia) amb l&#8217;objectiu de millorar la competitivitat energ\u00e8tica i assolir el m\u00e0xim nivell d&#8217;efici\u00e8ncia en l&#8217;\u00fas dels recursos utilitzats. En aquesta fitxa es defineixen amb detall les diferents modalitats d&#8217;hibridaci\u00f3 en qu\u00e8 el gas natural juga un paper clau.<\/p>\n","protected":false},"excerpt":{"rendered":"<p>La hibridaci\u00f3 energ\u00e8tica \u00e9s la combinaci\u00f3 de dues fonts d&#8217;energia o dues tecnologies energ\u00e8tiques diferents (de manera seq\u00fc\u00e8ncial o simult\u00e0nia) amb l&#8217;objectiu de millorar la competitivitat energ\u00e8tica i assolir el m\u00e0xim nivell d&#8217;efici\u00e8ncia en l&#8217;\u00fas dels recursos utilitzats. En aquesta fitxa es defineixen amb detall les diferents modalitats d&#8217;hibridaci\u00f3 en qu\u00e8 el gas natural juga un paper clau.<\/p>\n","protected":false},"featured_media":3467,"template":"","meta":{"inline_featured_image":false},"categories":[1200,1208],"content-type":[1169],"product_tag":[],"acf":[],"post_class":["post-13455","product","type-product","status-publish","has-post-thumbnail","hentry","category-eficiencia-energetica-ca","category-transicio-energetica","content-type-videos","wordpress-sticky"],"_links":{"self":[{"href":"https:\/\/www.fundacionnaturgy.org\/ca\/wp-json\/wp\/v2\/product\/13455"}],"collection":[{"href":"https:\/\/www.fundacionnaturgy.org\/ca\/wp-json\/wp\/v2\/product"}],"about":[{"href":"https:\/\/www.fundacionnaturgy.org\/ca\/wp-json\/wp\/v2\/types\/product"}],"wp:featuredmedia":[{"embeddable":true,"href":"https:\/\/www.fundacionnaturgy.org\/ca\/wp-json\/wp\/v2\/media\/3467"}],"wp:attachment":[{"href":"https:\/\/www.fundacionnaturgy.org\/ca\/wp-json\/wp\/v2\/media?parent=13455"}],"wp:term":[{"taxonomy":"category","embeddable":true,"href":"https:\/\/www.fundacionnaturgy.org\/ca\/wp-json\/wp\/v2\/categories?post=13455"},{"taxonomy":"content-type","embeddable":true,"href":"https:\/\/www.fundacionnaturgy.org\/ca\/wp-json\/wp\/v2\/content-type?post=13455"},{"taxonomy":"product_tag","embeddable":true,"href":"https:\/\/www.fundacionnaturgy.org\/ca\/wp-json\/wp\/v2\/product_tag?post=13455"}],"curies":[{"name":"wp","href":"https:\/\/api.w.org\/{rel}","templated":true}]}}